{"id":17936,"date":"2024-10-24T10:08:02","date_gmt":"2024-10-24T08:08:02","guid":{"rendered":"http:\/\/billigtrikots.com\/?post_type=product&#038;p=17936"},"modified":"2024-10-24T10:10:16","modified_gmt":"2024-10-24T08:10:16","slug":"spanien-trikot-euro-2024-auswaertstrikot-em-24-hellgelben-kurzarm-aymeric-laporte-14","status":"publish","type":"product","link":"https:\/\/www.billigtrikotde.com\/es\/spanien-trikot-euro-2024-auswaertstrikot-em-24-hellgelben-kurzarm-aymeric-laporte-14\/","title":{"rendered":"Espa\u00f1a Eurocopa 2024 away kit EM 24 amarillo claro manga corta Aymeric Laporte 14"},"content":{"rendered":"<p>La camiseta visitante de Espa\u00f1a 2024 tiene una combinaci\u00f3n de colores fresca y llamativa. Es principalmente de un amarillo ne\u00f3n p\u00e1lido, posiblemente inspirado en las dunas de arena del pa\u00eds. El nombre oficial del color de la camiseta visitante de Espa\u00f1a 2024 es \u00abPulse Yellow\u00bb. Una caracter\u00edstica \u00fanica de la camiseta visitante de Espa\u00f1a Euro 2024 son los paneles: los paneles azul claro est\u00e1n decorados con un gr\u00e1fico de dunas de arena.<\/p>\n<p>Consejos para la impresi\u00f3n: Si el nombre y el n\u00famero que aparecen en la imagen son exactamente los que desea, no es necesario que los vuelva a introducir. En caso contrario, deber\u00e1 introducir el nombre y el n\u00famero que desee.<\/p>\n<p>Consejos de lavado: Se recomienda lavar las camisetas de f\u00fatbol a mano. Si desea utilizar la lavadora, recuerde poner las camisetas de f\u00fatbol del rev\u00e9s y luego lavarlas. Llena la lavadora con agua fr\u00eda y utiliza un ciclo delicado para proteger mejor los colores.<\/p>","protected":false},"excerpt":{"rendered":"<p>La camiseta visitante de Espa\u00f1a 2024 tiene una combinaci\u00f3n de colores fresca y llamativa. Es principalmente de un amarillo ne\u00f3n p\u00e1lido, posiblemente inspirado en las dunas de arena del pa\u00eds. El nombre oficial del color de la camiseta visitante de Espa\u00f1a 2024 es \u00abPulse Yellow\u00bb. Una caracter\u00edstica \u00fanica de la camiseta visitante de Espa\u00f1a Euro 2024 son los paneles: los paneles azul claro est\u00e1n decorados con un gr\u00e1fico de dunas de arena.<\/p>","protected":false},"featured_media":17977,"comment_status":"open","ping_status":"closed","template":"","meta":[],"product_brand":[],"product_cat":[1079,1072],"product_tag":[20,1076,1077,22,426,24,1080],"class_list":{"0":"post-17936","1":"product","2":"type-product","3":"status-publish","4":"has-post-thumbnail","6":"product_cat-em-2024-spanien","7":"product_cat-em-2024-trikots","8":"product_tag-coole-fussballtrikots","9":"product_tag-em-2024-trikot","10":"product_tag-em-2024-trikot-herren","11":"product_tag-fussballtrikot-guenstig-kaufen","12":"product_tag-fussballtrikots-kurzarm","13":"product_tag-guenstiges-fussballtrikot","14":"product_tag-spanien-trikot-em-2024","16":"first","17":"instock","18":"shipping-taxable","19":"purchasable","20":"product-type-variable"},"_links":{"self":[{"href":"https:\/\/www.billigtrikotde.com\/es\/wp-json\/wp\/v2\/product\/17936","targetHints":{"allow":["GET"]}}],"collection":[{"href":"https:\/\/www.billigtrikotde.com\/es\/wp-json\/wp\/v2\/product"}],"about":[{"href":"https:\/\/www.billigtrikotde.com\/es\/wp-json\/wp\/v2\/types\/product"}],"replies":[{"embeddable":true,"href":"https:\/\/www.billigtrikotde.com\/es\/wp-json\/wp\/v2\/comments?post=17936"}],"wp:featuredmedia":[{"embeddable":true,"href":"https:\/\/www.billigtrikotde.com\/es\/wp-json\/wp\/v2\/media\/17977"}],"wp:attachment":[{"href":"https:\/\/www.billigtrikotde.com\/es\/wp-json\/wp\/v2\/media?parent=17936"}],"wp:term":[{"taxonomy":"product_brand","embeddable":true,"href":"https:\/\/www.billigtrikotde.com\/es\/wp-json\/wp\/v2\/product_brand?post=17936"},{"taxonomy":"product_cat","embeddable":true,"href":"https:\/\/www.billigtrikotde.com\/es\/wp-json\/wp\/v2\/product_cat?post=17936"},{"taxonomy":"product_tag","embeddable":true,"href":"https:\/\/www.billigtrikotde.com\/es\/wp-json\/wp\/v2\/product_tag?post=17936"}],"curies":[{"name":"wp","href":"https:\/\/api.w.org\/{rel}","templated":true}]}}