{"id":17914,"date":"2024-10-24T10:06:50","date_gmt":"2024-10-24T08:06:50","guid":{"rendered":"http:\/\/billigtrikots.com\/?post_type=product&#038;p=17914"},"modified":"2024-10-24T10:09:04","modified_gmt":"2024-10-24T08:09:04","slug":"deutschland-trikot-kinder-dfb-em-2024-heimtrikot-euro-24-weiss-shirt-set-antonio-rudiger-2","status":"publish","type":"product","link":"https:\/\/www.billigtrikotde.com\/es\/deutschland-trikot-kinder-dfb-em-2024-heimtrikot-euro-24-weiss-shirt-set-antonio-rudiger-2\/","title":{"rendered":"Camiseta Alemania Ni\u00f1os DFB EM 2024 Home Camiseta Eurocopa 24 blanco Conjunto Antonio Rudiger 2"},"content":{"rendered":"<p>Las primeras filtraciones de camisetas muestran de nuevo la camiseta de Alemania para la Eurocopa 2024 en los colores tradicionales blanco y negro, con pantal\u00f3n y medias blancos. Siempre se crean dise\u00f1os \u00fanicos para las camisetas de Alemania, esta vez inspirados en las camisetas de la DFB del Mundial de 1994 con los rombos en negro, rojo y dorado, y las camisetas de local de Alemania Euro 2024 vienen con un bonito detalle oculto. En el interior del cuello se encuentra el motivo de la bandera, que tambi\u00e9n puede verse en las mangas.La camiseta de Alemania 2024 tiene un dise\u00f1o moderno y destacado. Por supuesto, es principalmente blanca, lo que resulta a\u00fan m\u00e1s interesante, y las mangas presentan el degradado tricolor de la bandera alemana, con tres franjas blancas en la parte superior y un efecto inspirado en la Copa Mundial de 1994. La parte delantera de la camiseta local de Alemania para la Eurocopa 2024 presenta un estampado formado por el logotipo de la DFB. Este estampado tambi\u00e9n est\u00e1 inspirado en la camiseta de la Copa Mundial de 1994.<\/p>\n<p>Consejos para la impresi\u00f3n: Si el nombre y el n\u00famero que aparecen en la imagen son exactamente los que desea, no es necesario que los vuelva a introducir. En caso contrario, deber\u00e1 introducir el nombre y el n\u00famero que desee.<\/p>\n<p>Consejos de lavado: Se recomienda lavar las camisetas de f\u00fatbol a mano. Si desea utilizar la lavadora, recuerde poner las camisetas de f\u00fatbol del rev\u00e9s y luego lavarlas. Llena la lavadora con agua fr\u00eda y utiliza un ciclo delicado para proteger mejor los colores.<\/p>","protected":false},"excerpt":{"rendered":"<p>Die ersten Trikot Leaks zeigen das Deutschland EM Trikot 2024 wieder in traditionellen Farben Wei\u00df und Schwarz, mit wei\u00dfer Hose und Stutzen. F\u00fcr die Deutschland Trikots werden immer einzigartige Designs entworfen, dieses Mal orientiert sich man an den DFB Trikots der WM 1994 mit den Rauten in schwarz-rot-gold.Die Deutschland Euro 2024 Heimtrikots kommt mit einem [&hellip;]<\/p>","protected":false},"featured_media":17954,"comment_status":"open","ping_status":"closed","template":"","meta":[],"product_brand":[],"product_cat":[1073,1072],"product_tag":[20,1074,1075,1076,1078,22,396,24],"class_list":{"0":"post-17914","1":"product","2":"type-product","3":"status-publish","4":"has-post-thumbnail","6":"product_cat-em-2024-deutschland","7":"product_cat-em-2024-trikots","8":"product_tag-coole-fussballtrikots","9":"product_tag-deutschland-trikot-em-2024","10":"product_tag-dfb-em-trikots-2024","11":"product_tag-em-2024-trikot","12":"product_tag-em-2024-trikot-kinder","13":"product_tag-fussballtrikot-guenstig-kaufen","14":"product_tag-fussballtrikots-langarm","15":"product_tag-guenstiges-fussballtrikot","17":"first","18":"instock","19":"shipping-taxable","20":"purchasable","21":"product-type-variable"},"_links":{"self":[{"href":"https:\/\/www.billigtrikotde.com\/es\/wp-json\/wp\/v2\/product\/17914","targetHints":{"allow":["GET"]}}],"collection":[{"href":"https:\/\/www.billigtrikotde.com\/es\/wp-json\/wp\/v2\/product"}],"about":[{"href":"https:\/\/www.billigtrikotde.com\/es\/wp-json\/wp\/v2\/types\/product"}],"replies":[{"embeddable":true,"href":"https:\/\/www.billigtrikotde.com\/es\/wp-json\/wp\/v2\/comments?post=17914"}],"wp:featuredmedia":[{"embeddable":true,"href":"https:\/\/www.billigtrikotde.com\/es\/wp-json\/wp\/v2\/media\/17954"}],"wp:attachment":[{"href":"https:\/\/www.billigtrikotde.com\/es\/wp-json\/wp\/v2\/media?parent=17914"}],"wp:term":[{"taxonomy":"product_brand","embeddable":true,"href":"https:\/\/www.billigtrikotde.com\/es\/wp-json\/wp\/v2\/product_brand?post=17914"},{"taxonomy":"product_cat","embeddable":true,"href":"https:\/\/www.billigtrikotde.com\/es\/wp-json\/wp\/v2\/product_cat?post=17914"},{"taxonomy":"product_tag","embeddable":true,"href":"https:\/\/www.billigtrikotde.com\/es\/wp-json\/wp\/v2\/product_tag?post=17914"}],"curies":[{"name":"wp","href":"https:\/\/api.w.org\/{rel}","templated":true}]}}