{"id":17814,"date":"2024-10-24T10:01:23","date_gmt":"2024-10-24T08:01:23","guid":{"rendered":"http:\/\/billigtrikots.com\/?post_type=product&#038;p=17814"},"modified":"2024-10-24T10:04:00","modified_gmt":"2024-10-24T08:04:00","slug":"herren-dfb-deutschland-em-2024-auswaertstrikot-euro-24-jamal-musiala-14","status":"publish","type":"product","link":"https:\/\/www.billigtrikotde.com\/es\/herren-dfb-deutschland-em-2024-auswaertstrikot-euro-24-jamal-musiala-14\/","title":{"rendered":"Camiseta de visitante de la DFB de Alemania EM 2024 Eurocopa 24 Jamal Musiala 14"},"content":{"rendered":"<p>Podemos publicar las equipaciones de la selecci\u00f3n alemana para la Eurocopa 2024 confirmando nuestra filtraci\u00f3n.Tiene algunas similitudes con la tercera equipaci\u00f3n del AC Milan 23-24.La equipaci\u00f3n de la DFB para la Eurocopa 2024 tiene una combinaci\u00f3n de colores atrevida y nueva para la selecci\u00f3n alemana. La DFB 2024 combina el rosa y el morado.<\/p>\n<p>Consejos para la impresi\u00f3n: Si el nombre y el n\u00famero que aparecen en la imagen son exactamente los que desea, no es necesario que los vuelva a introducir. En caso contrario, deber\u00e1 introducir el nombre y el n\u00famero que desee.<\/p>\n<p>Consejos de lavado: Se recomienda lavar las camisetas de f\u00fatbol a mano. Si desea utilizar la lavadora, recuerde poner las camisetas de f\u00fatbol del rev\u00e9s y luego lavarlas. Llena la lavadora con agua fr\u00eda y utiliza un ciclo delicado para proteger mejor los colores.<\/p>","protected":false},"excerpt":{"rendered":"<p>Wir k\u00f6nnen Deutschland Euro 2024 Ausw\u00e4rtstrikots ver\u00f6ffentlichen, die unseren Leak best\u00e4tigen.Es hat einige \u00c4hnlichkeiten mit dem dritten Trikot des AC Mailand 23-24.Das DFB Euro 2024 Ausw\u00e4rtstrikot hat eine mutige und neue Farbkombination f\u00fcr die deutsche Nationalmannschaft. Das DFB 2024 Ausw\u00e4rtstrikot kombiniert Pink und Lila. Tipps zum Drucken: Wenn der Name und die Nummer auf dem [&hellip;]<\/p>","protected":false},"featured_media":17862,"comment_status":"open","ping_status":"closed","template":"","meta":[],"product_brand":[],"product_cat":[1073,1072],"product_tag":[20,1074,1075,1076,1077,21,22,23,24],"class_list":{"0":"post-17814","1":"product","2":"type-product","3":"status-publish","4":"has-post-thumbnail","6":"product_cat-em-2024-deutschland","7":"product_cat-em-2024-trikots","8":"product_tag-coole-fussballtrikots","9":"product_tag-deutschland-trikot-em-2024","10":"product_tag-dfb-em-trikots-2024","11":"product_tag-em-2024-trikot","12":"product_tag-em-2024-trikot-herren","13":"product_tag-fussballtrikot-fuer-herren","14":"product_tag-fussballtrikot-guenstig-kaufen","15":"product_tag-fussballtrikot-kurzarm","16":"product_tag-guenstiges-fussballtrikot","18":"first","19":"instock","20":"shipping-taxable","21":"purchasable","22":"product-type-variable"},"_links":{"self":[{"href":"https:\/\/www.billigtrikotde.com\/es\/wp-json\/wp\/v2\/product\/17814","targetHints":{"allow":["GET"]}}],"collection":[{"href":"https:\/\/www.billigtrikotde.com\/es\/wp-json\/wp\/v2\/product"}],"about":[{"href":"https:\/\/www.billigtrikotde.com\/es\/wp-json\/wp\/v2\/types\/product"}],"replies":[{"embeddable":true,"href":"https:\/\/www.billigtrikotde.com\/es\/wp-json\/wp\/v2\/comments?post=17814"}],"wp:featuredmedia":[{"embeddable":true,"href":"https:\/\/www.billigtrikotde.com\/es\/wp-json\/wp\/v2\/media\/17862"}],"wp:attachment":[{"href":"https:\/\/www.billigtrikotde.com\/es\/wp-json\/wp\/v2\/media?parent=17814"}],"wp:term":[{"taxonomy":"product_brand","embeddable":true,"href":"https:\/\/www.billigtrikotde.com\/es\/wp-json\/wp\/v2\/product_brand?post=17814"},{"taxonomy":"product_cat","embeddable":true,"href":"https:\/\/www.billigtrikotde.com\/es\/wp-json\/wp\/v2\/product_cat?post=17814"},{"taxonomy":"product_tag","embeddable":true,"href":"https:\/\/www.billigtrikotde.com\/es\/wp-json\/wp\/v2\/product_tag?post=17814"}],"curies":[{"name":"wp","href":"https:\/\/api.w.org\/{rel}","templated":true}]}}