{"id":178,"date":"2024-10-23T12:08:28","date_gmt":"2024-10-23T10:08:28","guid":{"rendered":"http:\/\/billigtrikots.com\/?post_type=product&#038;p=178"},"modified":"2024-10-23T12:10:33","modified_gmt":"2024-10-23T10:10:33","slug":"herren-fc-barcelona-2021-22-heimtrikot-blau-rot-mit-aufdruck-braithwaite-19","status":"publish","type":"product","link":"https:\/\/www.billigtrikotde.com\/es\/herren-fc-barcelona-2021-22-heimtrikot-blau-rot-mit-aufdruck-braithwaite-19\/","title":{"rendered":"Camiseta de casa FC Barcelona 2021\/22 azul\/rojo con estampado Braithwaite 19 para hombre"},"content":{"rendered":"<p>Apoya a tu club en la temporada 2021\/2022 y muestra tu orgullo con la camiseta oficial de r\u00e9plica del FC Barcelona. El dise\u00f1o aut\u00e9ntico de la camiseta de local para hombres se basa en las camisetas de juego de los profesionales. El material funcional reciclado al 100% con tecnolog\u00eda Nike Dri-FIT es especialmente transpirable y proporciona una sensaci\u00f3n de frescura al llevarla. Detalles aut\u00e9nticos del equipo, como el escudo del club en el pecho, respaldan tu entusiasmo por el Bar\u00e7a, ya sea en el campo o en la calle.<\/p>\n<p>Consejos para la impresi\u00f3n: Si el nombre y el n\u00famero que aparecen en la imagen son exactamente los que desea, no es necesario que los vuelva a introducir. En caso contrario, deber\u00e1 introducir el nombre y el n\u00famero que desee.<\/p>\n<p>Consejos de lavado: Se recomienda lavar las camisetas de f\u00fatbol a mano. Si desea utilizar la lavadora, recuerde poner las camisetas de f\u00fatbol del rev\u00e9s y luego lavarlas. Llena la lavadora con agua fr\u00eda y utiliza un ciclo delicado para proteger mejor los colores.<\/p>","protected":false},"excerpt":{"rendered":"<p>Unterst\u00fctze deinen Verein in der Saison 2021\/2022 und zeige deinen Stolz im offiziellen FC Barcelona Replica Heimtrikot. Das authentische Design des Home Jerseys f\u00fcr Herren basiert auf den Spieltrikots der Profis. Das zu 100 % recycelte Funktionsmaterial mit Nike Dri-FIT-Technologie ist besonders atmungsaktiv und sorgt f\u00fcr ein k\u00fchles Tragegef\u00fchl. Authentische Teamdetails wie das Vereinswappen auf [&hellip;]<\/p>","protected":false},"featured_media":214,"comment_status":"open","ping_status":"closed","template":"","meta":[],"product_brand":[],"product_cat":[31],"product_tag":[32,20,33,21,22,23,24],"class_list":{"0":"post-178","1":"product","2":"type-product","3":"status-publish","4":"has-post-thumbnail","6":"product_cat-fc-barcelona","7":"product_tag-barcelona-heimtrikot","8":"product_tag-coole-fussballtrikots","9":"product_tag-fc-barcelona-trikots","10":"product_tag-fussballtrikot-fuer-herren","11":"product_tag-fussballtrikot-guenstig-kaufen","12":"product_tag-fussballtrikot-kurzarm","13":"product_tag-guenstiges-fussballtrikot","15":"first","16":"instock","17":"shipping-taxable","18":"purchasable","19":"product-type-variable"},"_links":{"self":[{"href":"https:\/\/www.billigtrikotde.com\/es\/wp-json\/wp\/v2\/product\/178","targetHints":{"allow":["GET"]}}],"collection":[{"href":"https:\/\/www.billigtrikotde.com\/es\/wp-json\/wp\/v2\/product"}],"about":[{"href":"https:\/\/www.billigtrikotde.com\/es\/wp-json\/wp\/v2\/types\/product"}],"replies":[{"embeddable":true,"href":"https:\/\/www.billigtrikotde.com\/es\/wp-json\/wp\/v2\/comments?post=178"}],"wp:featuredmedia":[{"embeddable":true,"href":"https:\/\/www.billigtrikotde.com\/es\/wp-json\/wp\/v2\/media\/214"}],"wp:attachment":[{"href":"https:\/\/www.billigtrikotde.com\/es\/wp-json\/wp\/v2\/media?parent=178"}],"wp:term":[{"taxonomy":"product_brand","embeddable":true,"href":"https:\/\/www.billigtrikotde.com\/es\/wp-json\/wp\/v2\/product_brand?post=178"},{"taxonomy":"product_cat","embeddable":true,"href":"https:\/\/www.billigtrikotde.com\/es\/wp-json\/wp\/v2\/product_cat?post=178"},{"taxonomy":"product_tag","embeddable":true,"href":"https:\/\/www.billigtrikotde.com\/es\/wp-json\/wp\/v2\/product_tag?post=178"}],"curies":[{"name":"wp","href":"https:\/\/api.w.org\/{rel}","templated":true}]}}