{"id":1771,"date":"2024-10-23T13:45:03","date_gmt":"2024-10-23T11:45:03","guid":{"rendered":"http:\/\/billigtrikots.com\/?post_type=product&#038;p=1771"},"modified":"2024-10-23T13:47:11","modified_gmt":"2024-10-23T11:47:11","slug":"borussia-dortmund-2022-heimtrikot-gelb-schwarz-langarm-kurze-hosen-hazard-10","status":"publish","type":"product","link":"https:\/\/www.billigtrikotde.com\/es\/borussia-dortmund-2022-heimtrikot-gelb-schwarz-langarm-kurze-hosen-hazard-10\/","title":{"rendered":"Borussia Dortmund 2022 camiseta local amarillo-negro manga larga + pantalones cortos Hazard 10"},"content":{"rendered":"<p>El logotipo oficial del Borussia Dortmund 09 adorna el pecho izquierdo de esta camiseta de casa con cuello en V. Esta camiseta est\u00e1 dise\u00f1ada para la comodidad y cuenta con la tecnolog\u00eda dryCELL de PUMA, que expulsa la humedad de tu cuerpo. Porque un poco de sudor (o mucho) no deber\u00eda entorpecer tu juego.<\/p>\n<p>Este producto contiene material reciclado: Fabricado a partir de fibras recicladas. Una iniciativa de PUMA para reducir el impacto medioambiental negativo.<\/p>\n<p>Consejos para la impresi\u00f3n: Si el nombre y el n\u00famero que aparecen en la imagen son exactamente los que desea, no es necesario que los vuelva a introducir. En caso contrario, deber\u00e1 introducir el nombre y el n\u00famero que desee.<\/p>\n<p>Consejos de lavado: Se recomienda lavar las camisetas de f\u00fatbol a mano. Si desea utilizar la lavadora, recuerde poner las camisetas de f\u00fatbol del rev\u00e9s y luego lavarlas. Llena la lavadora con agua fr\u00eda y utiliza un ciclo delicado para proteger mejor los colores.<\/p>","protected":false},"excerpt":{"rendered":"<p>Das offizielle Borussia Dortmund 09-Logo ziert die linke Brustseite dieses Heimtrikots mit V-Ausschnitt. Dieses Trikot ist ganz auf Tragekomfort ausgelegt und \u00fcberzeugt mit PUMAs dryCELL-Technologie, die Feuchtigkeit von deinem K\u00f6rper wegtransportiert. Denn ein wenig Schwei\u00df (oder auch eine Menge) sollte deinem Spiel nicht im Wege stehen. Dieses Produkt enth\u00e4lt Recyclingmaterial: Hergestellt aus wiederverwendeten Fasern. Eine [&hellip;]<\/p>","protected":false},"featured_media":1802,"comment_status":"open","ping_status":"closed","template":"","meta":[],"product_brand":[],"product_cat":[63],"product_tag":[20,65,66,38,21,22,24],"class_list":{"0":"post-1771","1":"product","2":"type-product","3":"status-publish","4":"has-post-thumbnail","6":"product_cat-borussia-dortmund","7":"product_tag-coole-fussballtrikots","8":"product_tag-borussia-dortmund-trikots","9":"product_tag-bvb-trikots","10":"product_tag-fussball-trikot-langarm","11":"product_tag-fussballtrikot-fuer-herren","12":"product_tag-fussballtrikot-guenstig-kaufen","13":"product_tag-guenstiges-fussballtrikot","15":"first","16":"instock","17":"shipping-taxable","18":"purchasable","19":"product-type-variable"},"_links":{"self":[{"href":"https:\/\/www.billigtrikotde.com\/es\/wp-json\/wp\/v2\/product\/1771","targetHints":{"allow":["GET"]}}],"collection":[{"href":"https:\/\/www.billigtrikotde.com\/es\/wp-json\/wp\/v2\/product"}],"about":[{"href":"https:\/\/www.billigtrikotde.com\/es\/wp-json\/wp\/v2\/types\/product"}],"replies":[{"embeddable":true,"href":"https:\/\/www.billigtrikotde.com\/es\/wp-json\/wp\/v2\/comments?post=1771"}],"wp:featuredmedia":[{"embeddable":true,"href":"https:\/\/www.billigtrikotde.com\/es\/wp-json\/wp\/v2\/media\/1802"}],"wp:attachment":[{"href":"https:\/\/www.billigtrikotde.com\/es\/wp-json\/wp\/v2\/media?parent=1771"}],"wp:term":[{"taxonomy":"product_brand","embeddable":true,"href":"https:\/\/www.billigtrikotde.com\/es\/wp-json\/wp\/v2\/product_brand?post=1771"},{"taxonomy":"product_cat","embeddable":true,"href":"https:\/\/www.billigtrikotde.com\/es\/wp-json\/wp\/v2\/product_cat?post=1771"},{"taxonomy":"product_tag","embeddable":true,"href":"https:\/\/www.billigtrikotde.com\/es\/wp-json\/wp\/v2\/product_tag?post=1771"}],"curies":[{"name":"wp","href":"https:\/\/api.w.org\/{rel}","templated":true}]}}