{"id":17139,"date":"2024-10-24T09:24:19","date_gmt":"2024-10-24T07:24:19","guid":{"rendered":"http:\/\/billigtrikots.com\/?post_type=product&#038;p=17139"},"modified":"2025-10-16T16:02:15","modified_gmt":"2025-10-16T14:02:15","slug":"real-madrid-2023-24-drittes-trikot-schwarze-goldgelb-fussballtrikots-set-thibaut-courtois-1","status":"publish","type":"product","link":"https:\/\/www.billigtrikotde.com\/es\/real-madrid-2023-24-drittes-trikot-schwarze-goldgelb-fussballtrikots-set-thibaut-courtois-1\/","title":{"rendered":"Real Madrid 2023-24 Tercera Camiseta Negro Amarillo Dorado Camiseta de F\u00fatbol Set Thibaut Courtois 1"},"content":{"rendered":"<p>La tercera camiseta del Real 2023-2024 combina un color base negro con un amarillo dorado como segundo color. Es el mismo amarillo Prevolved que se utiliza para las camisetas de local y visitante del Real Madrid 2023-2024 y el tercer color de la camiseta del Madrid 2023-2024 es el \"Carbono\" - como era de esperar, se utiliza para las tres franjas.<\/p>\n<p>Otra novedad de la tercera camiseta de f\u00fatbol del Real Madrid 2023-2024 es que habr\u00e1 una edici\u00f3n especial \"Lifestyler\". La versi\u00f3n Lifestyler de la tercera camiseta del Real Madrid 2023-24 viene sin el logotipo del patrocinador, con un logotipo diferente y un tejido y corte distintos.<\/p>\n<p>Consejos para la impresi\u00f3n: Si el nombre y el n\u00famero que aparecen en la imagen son exactamente los que desea, no es necesario que los vuelva a introducir. En caso contrario, deber\u00e1 introducir el nombre y el n\u00famero que desee.<\/p>\n<p>Consejos de lavado: Se recomienda lavar las camisetas de f\u00fatbol a mano. Si desea utilizar la lavadora, recuerde poner las camisetas de f\u00fatbol del rev\u00e9s y luego lavarlas. Llena la lavadora con agua fr\u00eda y utiliza un ciclo delicado para proteger mejor los colores.<\/p>","protected":false},"excerpt":{"rendered":"<p>La tercera camiseta del Real 2023-2024 combina un color base negro con un amarillo dorado como segundo color. Es el mismo amarillo Prevolved que se utiliza para las camisetas de local y visitante del Real Madrid 2023-2024 y el tercer color de la camiseta del Madrid 2023-2024 es el \"Carbono\" - como era de esperar, se utiliza para las tres franjas.<\/p>","protected":false},"featured_media":17181,"comment_status":"open","ping_status":"closed","template":"","meta":[],"product_brand":[],"product_cat":[45],"product_tag":[574,21,23,228,24,489,490,979,47],"class_list":{"0":"post-17139","1":"product","2":"type-product","3":"status-publish","4":"has-post-thumbnail","6":"product_cat-real-madrid","7":"product_tag-fussballtrikot-deutschland","8":"product_tag-fussballtrikot-fuer-herren","9":"product_tag-fussballtrikot-kurzarm","10":"product_tag-guenstige-fussballtrikot","11":"product_tag-guenstiges-fussballtrikot","12":"product_tag-real-madrid-fussballtrikot","13":"product_tag-real-madrid-trikot","14":"product_tag-real-madrid-trikot-2024","15":"product_tag-real-madrid-trikots","17":"first","18":"instock","19":"shipping-taxable","20":"purchasable","21":"product-type-variable"},"_links":{"self":[{"href":"https:\/\/www.billigtrikotde.com\/es\/wp-json\/wp\/v2\/product\/17139","targetHints":{"allow":["GET"]}}],"collection":[{"href":"https:\/\/www.billigtrikotde.com\/es\/wp-json\/wp\/v2\/product"}],"about":[{"href":"https:\/\/www.billigtrikotde.com\/es\/wp-json\/wp\/v2\/types\/product"}],"replies":[{"embeddable":true,"href":"https:\/\/www.billigtrikotde.com\/es\/wp-json\/wp\/v2\/comments?post=17139"}],"wp:featuredmedia":[{"embeddable":true,"href":"https:\/\/www.billigtrikotde.com\/es\/wp-json\/wp\/v2\/media\/17181"}],"wp:attachment":[{"href":"https:\/\/www.billigtrikotde.com\/es\/wp-json\/wp\/v2\/media?parent=17139"}],"wp:term":[{"taxonomy":"product_brand","embeddable":true,"href":"https:\/\/www.billigtrikotde.com\/es\/wp-json\/wp\/v2\/product_brand?post=17139"},{"taxonomy":"product_cat","embeddable":true,"href":"https:\/\/www.billigtrikotde.com\/es\/wp-json\/wp\/v2\/product_cat?post=17139"},{"taxonomy":"product_tag","embeddable":true,"href":"https:\/\/www.billigtrikotde.com\/es\/wp-json\/wp\/v2\/product_tag?post=17139"}],"curies":[{"name":"wp","href":"https:\/\/api.w.org\/{rel}","templated":true}]}}