{"id":17058,"date":"2024-10-24T09:19:20","date_gmt":"2024-10-24T07:19:20","guid":{"rendered":"http:\/\/billigtrikots.com\/?post_type=product&#038;p=17058"},"modified":"2025-06-09T04:41:57","modified_gmt":"2025-06-09T02:41:57","slug":"guenstige-fussballtrikots-arsenal-2023-24-auswaertstrikot-gruen-gelbe-personalisierbar","status":"publish","type":"product","link":"https:\/\/www.billigtrikotde.com\/es\/guenstige-fussballtrikots-arsenal-2023-24-auswaertstrikot-gruen-gelbe-personalisierbar\/","title":{"rendered":"Cheap Arsenal 2023-24 Away Jersey verde-amarillo Personalizable"},"content":{"rendered":"<p>La camiseta visitante del Arsenal FC 23-24 tiene un aspecto brillante y moderno. Combina un color base amarillo-verde fl\u00faor con negro\/azul claro para los logotipos y las aplicaciones.Lo que hace tan especial a la camiseta visitante del Arsenal 23-24 no son s\u00f3lo los colores, sino tambi\u00e9n el dise\u00f1o. La camiseta visitante del Arsenal 23-24 tiene un dise\u00f1o \u00fanico con gruesas l\u00edneas negras por toda la camiseta.La llamativa camiseta est\u00e1 decorada con fluidas l\u00edneas negras inspiradas en el mapa de Islington. El intrincado dise\u00f1o simboliza los viajes que hacen los aficionados cuando salen de su barrio natal para apoyar al equipo fuera de casa.<\/p>\n<p>Consejos para la impresi\u00f3n: Si el nombre y el n\u00famero que aparecen en la imagen son exactamente los que desea, no es necesario que los vuelva a introducir. En caso contrario, deber\u00e1 introducir el nombre y el n\u00famero que desee.<\/p>\n<p>Consejos de lavado: Se recomienda lavar las camisetas de f\u00fatbol a mano. Si desea utilizar la lavadora, recuerde poner las camisetas de f\u00fatbol del rev\u00e9s y luego lavarlas. Llena la lavadora con agua fr\u00eda y utiliza un ciclo delicado para proteger mejor los colores.<\/p>","protected":false},"excerpt":{"rendered":"<p>Das Arsenal FC 23-24 Ausw\u00e4rtstrikot hat einen hellen und modernen Look. Es kombiniert eine fluo-gr\u00fcn-gelbe Grundfarbe mit Schwarz\/Hellblau f\u00fcr Logos und Applikationen.Was das Arsenal 23-24 Ausw\u00e4rtstrikot so besonders macht, sind nicht nur die Farben, sondern auch das Design. Das Arsenal 23-24 Ausw\u00e4rtstrikot hat ein einzigartiges Design mit dicken, schwarzen Linien auf dem ganzen Trikot.Das auff\u00e4llige [&hellip;]<\/p>","protected":false},"featured_media":17097,"comment_status":"open","ping_status":"closed","template":"","meta":[],"product_brand":[],"product_cat":[55],"product_tag":[584,907,609,610,1007,21,23,24,585,1006],"class_list":{"0":"post-17058","1":"product","2":"type-product","3":"status-publish","4":"has-post-thumbnail","6":"product_cat-arsenal","7":"product_tag-arsenal-2023-24-trikot","8":"product_tag-arsenal-23-24-drittes-trikot","9":"product_tag-arsenal-fussballtrikot","10":"product_tag-arsenal-trikot","11":"product_tag-arsenal-trikot-2024","12":"product_tag-fussballtrikot-fuer-herren","13":"product_tag-fussballtrikot-kurzarm","14":"product_tag-guenstiges-fussballtrikot","15":"product_tag-herren-fussballtrikot","16":"product_tag-trikot-24-25","18":"first","19":"instock","20":"shipping-taxable","21":"purchasable","22":"product-type-variable"},"_links":{"self":[{"href":"https:\/\/www.billigtrikotde.com\/es\/wp-json\/wp\/v2\/product\/17058","targetHints":{"allow":["GET"]}}],"collection":[{"href":"https:\/\/www.billigtrikotde.com\/es\/wp-json\/wp\/v2\/product"}],"about":[{"href":"https:\/\/www.billigtrikotde.com\/es\/wp-json\/wp\/v2\/types\/product"}],"replies":[{"embeddable":true,"href":"https:\/\/www.billigtrikotde.com\/es\/wp-json\/wp\/v2\/comments?post=17058"}],"wp:featuredmedia":[{"embeddable":true,"href":"https:\/\/www.billigtrikotde.com\/es\/wp-json\/wp\/v2\/media\/17097"}],"wp:attachment":[{"href":"https:\/\/www.billigtrikotde.com\/es\/wp-json\/wp\/v2\/media?parent=17058"}],"wp:term":[{"taxonomy":"product_brand","embeddable":true,"href":"https:\/\/www.billigtrikotde.com\/es\/wp-json\/wp\/v2\/product_brand?post=17058"},{"taxonomy":"product_cat","embeddable":true,"href":"https:\/\/www.billigtrikotde.com\/es\/wp-json\/wp\/v2\/product_cat?post=17058"},{"taxonomy":"product_tag","embeddable":true,"href":"https:\/\/www.billigtrikotde.com\/es\/wp-json\/wp\/v2\/product_tag?post=17058"}],"curies":[{"name":"wp","href":"https:\/\/api.w.org\/{rel}","templated":true}]}}