{"id":1701,"date":"2024-10-23T13:41:49","date_gmt":"2024-10-23T11:41:49","guid":{"rendered":"http:\/\/billigtrikots.com\/?post_type=product&#038;p=1701"},"modified":"2024-10-23T13:43:48","modified_gmt":"2024-10-23T11:43:48","slug":"bvb-borussia-dortmund-2022-cup-trikot-herren-gelb-schwarz-mit-aufdruck-haaland-9","status":"publish","type":"product","link":"https:\/\/www.billigtrikotde.com\/es\/bvb-borussia-dortmund-2022-cup-trikot-herren-gelb-schwarz-mit-aufdruck-haaland-9\/","title":{"rendered":"BVB Borussia Dortmund 2022 CUP Camiseta hombre amarillo\/negro con estampado Haaland 9"},"content":{"rendered":"<p>Consigue que los chicos vuelvan a la pista este a\u00f1o con esta camiseta de la Copa 2021\/22 del Borussia Dortmund para hombre de PUMA. En color amarillo con detalles en negro, esta camiseta de corte est\u00e1ndar est\u00e1 confeccionada en el caracter\u00edstico tejido dryCELL poly para ofrecer una comodidad ultrarresistente cuando el partido se pone tenso. Tiene cuello redondo, mangas cortas y ribetes acanalados para un look cl\u00e1sico. Est\u00e1 rematada con la marca BVB y PUMA Cat en contraste en el pecho. Lavable a m\u00e1quina.<\/p>\n<p>Consejos para la impresi\u00f3n: Si el nombre y el n\u00famero que aparecen en la imagen son exactamente los que desea, no es necesario que los vuelva a introducir. En caso contrario, deber\u00e1 introducir el nombre y el n\u00famero que desee.<\/p>\n<p>Consejos de lavado: Se recomienda lavar las camisetas de f\u00fatbol a mano. Si desea utilizar la lavadora, recuerde poner las camisetas de f\u00fatbol del rev\u00e9s y luego lavarlas. Llena la lavadora con agua fr\u00eda y utiliza un ciclo delicado para proteger mejor los colores.<\/p>","protected":false},"excerpt":{"rendered":"<p>In diesem Borussia Dortmund 2021\/22 Pokaltrikot f\u00fcr Herren von PUMA kannst du die Jungs in diesem Jahr wieder auf den Weg bringen. In einer gelben Farbgebung mit schwarzen Details ist dieses Standard-Fit-Oberteil aus dem charakteristischen dryCELL-Polygewebe f\u00fcr ultra-coolen Komfort geschnitten, wenn das Spiel angespannt wird. Es hat einen Rundhalsausschnitt, kurze \u00c4rmel und gerippte Abschl\u00fcsse f\u00fcr [&hellip;]<\/p>","protected":false},"featured_media":1738,"comment_status":"open","ping_status":"closed","template":"","meta":[],"product_brand":[],"product_cat":[63],"product_tag":[20,64,65,66,67,21,22,23,24],"class_list":{"0":"post-1701","1":"product","2":"type-product","3":"status-publish","4":"has-post-thumbnail","6":"product_cat-borussia-dortmund","7":"product_tag-coole-fussballtrikots","8":"product_tag-borussia-dortmund-cup-shirt","9":"product_tag-borussia-dortmund-trikots","10":"product_tag-bvb-trikots","11":"product_tag-fussball-trikotsatz","12":"product_tag-fussballtrikot-fuer-herren","13":"product_tag-fussballtrikot-guenstig-kaufen","14":"product_tag-fussballtrikot-kurzarm","15":"product_tag-guenstiges-fussballtrikot","17":"first","18":"instock","19":"shipping-taxable","20":"purchasable","21":"product-type-variable"},"_links":{"self":[{"href":"https:\/\/www.billigtrikotde.com\/es\/wp-json\/wp\/v2\/product\/1701","targetHints":{"allow":["GET"]}}],"collection":[{"href":"https:\/\/www.billigtrikotde.com\/es\/wp-json\/wp\/v2\/product"}],"about":[{"href":"https:\/\/www.billigtrikotde.com\/es\/wp-json\/wp\/v2\/types\/product"}],"replies":[{"embeddable":true,"href":"https:\/\/www.billigtrikotde.com\/es\/wp-json\/wp\/v2\/comments?post=1701"}],"wp:featuredmedia":[{"embeddable":true,"href":"https:\/\/www.billigtrikotde.com\/es\/wp-json\/wp\/v2\/media\/1738"}],"wp:attachment":[{"href":"https:\/\/www.billigtrikotde.com\/es\/wp-json\/wp\/v2\/media?parent=1701"}],"wp:term":[{"taxonomy":"product_brand","embeddable":true,"href":"https:\/\/www.billigtrikotde.com\/es\/wp-json\/wp\/v2\/product_brand?post=1701"},{"taxonomy":"product_cat","embeddable":true,"href":"https:\/\/www.billigtrikotde.com\/es\/wp-json\/wp\/v2\/product_cat?post=1701"},{"taxonomy":"product_tag","embeddable":true,"href":"https:\/\/www.billigtrikotde.com\/es\/wp-json\/wp\/v2\/product_tag?post=1701"}],"curies":[{"name":"wp","href":"https:\/\/api.w.org\/{rel}","templated":true}]}}