{"id":1659,"date":"2024-10-23T13:40:10","date_gmt":"2024-10-23T11:40:10","guid":{"rendered":"http:\/\/billigtrikots.com\/?post_type=product&#038;p=1659"},"modified":"2025-06-16T16:04:11","modified_gmt":"2025-06-16T14:04:11","slug":"szczesny-1-juventus-turin-torwart-trikots-offizielles-set-gelb-langarm-kurze-hosen","status":"publish","type":"product","link":"https:\/\/www.billigtrikotde.com\/es\/szczesny-1-juventus-turin-torwart-trikots-offizielles-set-gelb-langarm-kurze-hosen\/","title":{"rendered":"Szczesny #1 Juventus Portero Camisetas Set Oficial Amarillo Manga Larga + Pantalones Cortos"},"content":{"rendered":"<p>Comanda tu defensa como los profesionales de la Juve y lleva la camiseta de portero de local adidas Juventus 21\/22, basada en la camiseta que usan los porteros profesionales del club.<\/p>\n<p>La camiseta de portero de local adidas Juventus 21\/22 est\u00e1 hecha de tela ligera con paneles laterales el\u00e1sticos y se mueve con tu cuerpo para permitir paradas decisivas.<\/p>\n<p>Consejos para la impresi\u00f3n: Si el nombre y el n\u00famero que aparecen en la imagen son exactamente los que desea, no es necesario que los vuelva a introducir. En caso contrario, deber\u00e1 introducir el nombre y el n\u00famero que desee.<\/p>\n<p>Consejos de lavado: Se recomienda lavar las camisetas de f\u00fatbol a mano. Si desea utilizar la lavadora, recuerde poner las camisetas de f\u00fatbol del rev\u00e9s y luego lavarlas. Llena la lavadora con agua fr\u00eda y utiliza un ciclo delicado para proteger mejor los colores.<\/p>","protected":false},"excerpt":{"rendered":"<p>Kommandiere deine Verteidigung wie Juves Profis und trage das adidas Juventus 21\/22 Torwart Heimtrikot, das auf dem Trikot basiert, das von den Pro-Keepern des Clubs getragen wird. Das adidas Juventus 21\/22 Torwart Heimtrikot besteht aus leichtem Stoff mit dehnbaren Seitenteilen und bewegt sich mit deinem K\u00f6rper, um spielgewinnende Paraden zu erm\u00f6glichen. Tipps zum Drucken: Wenn [\u2026]<\/p>","protected":false},"featured_media":1692,"comment_status":"open","ping_status":"closed","template":"","meta":[],"product_brand":[],"product_cat":[59],"product_tag":[20,35,38,21,24,62,61],"class_list":{"0":"post-1659","1":"product","2":"type-product","3":"status-publish","4":"has-post-thumbnail","6":"product_cat-juventus","7":"product_tag-coole-fussballtrikots","8":"product_tag-fussball-torwarttrikots","9":"product_tag-fussball-trikot-langarm","10":"product_tag-fussballtrikot-fuer-herren","11":"product_tag-guenstiges-fussballtrikot","12":"product_tag-juventus-torwarttrikot","13":"product_tag-juventus-trikots","15":"first","16":"instock","17":"shipping-taxable","18":"purchasable","19":"product-type-variable"},"_links":{"self":[{"href":"https:\/\/www.billigtrikotde.com\/es\/wp-json\/wp\/v2\/product\/1659","targetHints":{"allow":["GET"]}}],"collection":[{"href":"https:\/\/www.billigtrikotde.com\/es\/wp-json\/wp\/v2\/product"}],"about":[{"href":"https:\/\/www.billigtrikotde.com\/es\/wp-json\/wp\/v2\/types\/product"}],"replies":[{"embeddable":true,"href":"https:\/\/www.billigtrikotde.com\/es\/wp-json\/wp\/v2\/comments?post=1659"}],"wp:featuredmedia":[{"embeddable":true,"href":"https:\/\/www.billigtrikotde.com\/es\/wp-json\/wp\/v2\/media\/1692"}],"wp:attachment":[{"href":"https:\/\/www.billigtrikotde.com\/es\/wp-json\/wp\/v2\/media?parent=1659"}],"wp:term":[{"taxonomy":"product_brand","embeddable":true,"href":"https:\/\/www.billigtrikotde.com\/es\/wp-json\/wp\/v2\/product_brand?post=1659"},{"taxonomy":"product_cat","embeddable":true,"href":"https:\/\/www.billigtrikotde.com\/es\/wp-json\/wp\/v2\/product_cat?post=1659"},{"taxonomy":"product_tag","embeddable":true,"href":"https:\/\/www.billigtrikotde.com\/es\/wp-json\/wp\/v2\/product_tag?post=1659"}],"curies":[{"name":"wp","href":"https:\/\/api.w.org\/{rel}","templated":true}]}}