{"id":16518,"date":"2024-10-24T08:47:58","date_gmt":"2024-10-24T06:47:58","guid":{"rendered":"http:\/\/billigtrikots.com\/?post_type=product&#038;p=16518"},"modified":"2025-05-30T15:26:27","modified_gmt":"2025-05-30T13:26:27","slug":"fussball-trikotsatz-fuer-herren-chelsea-2023-24-weiss-blau-heimtrikot-benoit-badiashile-5","status":"publish","type":"product","link":"https:\/\/www.billigtrikotde.com\/es\/fussball-trikotsatz-fuer-herren-chelsea-2023-24-weiss-blau-heimtrikot-benoit-badiashile-5\/","title":{"rendered":"Kit de f\u00fatbol para hombres Chelsea 2023-24 blanco azul camiseta de casa Benoit Badiashile 5"},"content":{"rendered":"<p>La camiseta del Chelsea 23-24 combina un color base azul con aplicaciones blancas y logotipos brillantes e iridiscentes.La camiseta del Chelsea FC 23-24 tambi\u00e9n integra el blanco en el azul cl\u00e1sico, celebrando el triunfo del equipo en la Recopa de la UEFA y la Copa de la Liga en la temporada 97-98.El interior del cuello presenta una etiqueta dorada \"Pride of London\".En cuanto al template, la camiseta del Chelsea Football Club 2023-2024 se basa en la 23-24. Las aplicaciones blancas en el lateral la diferencian de las dem\u00e1s camisetas 2023-2024, mientras que los pu\u00f1os blancos\/azules\/dorados redondean el aspecto de la camiseta local Nike Chelsea 23-24.<\/p>\n<p>Consejos para la impresi\u00f3n: Si el nombre y el n\u00famero que aparecen en la imagen son exactamente los que desea, no es necesario que los vuelva a introducir. En caso contrario, deber\u00e1 introducir el nombre y el n\u00famero que desee.<\/p>\n<p>Consejos de lavado: Se recomienda lavar las camisetas de f\u00fatbol a mano. Si desea utilizar la lavadora, recuerde poner las camisetas de f\u00fatbol del rev\u00e9s y luego lavarlas. Llena la lavadora con agua fr\u00eda y utiliza un ciclo delicado para proteger mejor los colores.<\/p>","protected":false},"excerpt":{"rendered":"<p>Das Chelsea 23-24 Trikot kombiniert eine blaue Grundfarbe mit wei\u00dfen Applikationen und schimmernden, schillernden Logos.Das Chelsea FC 23-24 Trikot integriert auch Wei\u00df in das klassische Blau und feiert damit den Triumph der Mannschaft im UEFA-Pokal der Pokalsieger und im Ligapokal in der Saison 97-98. Auf der Innenseite des Kragens befindet sich ein goldenes \u201ePride of [&hellip;]<\/p>","protected":false},"featured_media":16558,"comment_status":"open","ping_status":"closed","template":"","meta":[],"product_brand":[],"product_cat":[72],"product_tag":[20,448,73,982,574,21,22,23,24,441],"class_list":{"0":"post-16518","1":"product","2":"type-product","3":"status-publish","4":"has-post-thumbnail","6":"product_cat-chelsea","7":"product_tag-coole-fussballtrikots","8":"product_tag-chelsea-trikot-bestellen","9":"product_tag-chelsea-trikots","10":"product_tag-chelsea-trikots-2024","11":"product_tag-fussballtrikot-deutschland","12":"product_tag-fussballtrikot-fuer-herren","13":"product_tag-fussballtrikot-guenstig-kaufen","14":"product_tag-fussballtrikot-kurzarm","15":"product_tag-guenstiges-fussballtrikot","16":"product_tag-neue-chelsea-trikots","18":"first","19":"instock","20":"shipping-taxable","21":"purchasable","22":"product-type-variable"},"_links":{"self":[{"href":"https:\/\/www.billigtrikotde.com\/es\/wp-json\/wp\/v2\/product\/16518","targetHints":{"allow":["GET"]}}],"collection":[{"href":"https:\/\/www.billigtrikotde.com\/es\/wp-json\/wp\/v2\/product"}],"about":[{"href":"https:\/\/www.billigtrikotde.com\/es\/wp-json\/wp\/v2\/types\/product"}],"replies":[{"embeddable":true,"href":"https:\/\/www.billigtrikotde.com\/es\/wp-json\/wp\/v2\/comments?post=16518"}],"wp:featuredmedia":[{"embeddable":true,"href":"https:\/\/www.billigtrikotde.com\/es\/wp-json\/wp\/v2\/media\/16558"}],"wp:attachment":[{"href":"https:\/\/www.billigtrikotde.com\/es\/wp-json\/wp\/v2\/media?parent=16518"}],"wp:term":[{"taxonomy":"product_brand","embeddable":true,"href":"https:\/\/www.billigtrikotde.com\/es\/wp-json\/wp\/v2\/product_brand?post=16518"},{"taxonomy":"product_cat","embeddable":true,"href":"https:\/\/www.billigtrikotde.com\/es\/wp-json\/wp\/v2\/product_cat?post=16518"},{"taxonomy":"product_tag","embeddable":true,"href":"https:\/\/www.billigtrikotde.com\/es\/wp-json\/wp\/v2\/product_tag?post=16518"}],"curies":[{"name":"wp","href":"https:\/\/api.w.org\/{rel}","templated":true}]}}