{"id":1637,"date":"2024-10-23T13:39:08","date_gmt":"2024-10-23T11:39:08","guid":{"rendered":"http:\/\/billigtrikots.com\/?post_type=product&#038;p=1637"},"modified":"2024-10-23T13:41:06","modified_gmt":"2024-10-23T11:41:06","slug":"guenstige-fussballtrikots-juventus-heimtrikot-2022-weiss-schwarz-mit-aufdruck-bertancur-30","status":"publish","type":"product","link":"https:\/\/www.billigtrikotde.com\/es\/guenstige-fussballtrikots-juventus-heimtrikot-2022-weiss-schwarz-mit-aufdruck-bertancur-30\/","title":{"rendered":"Camisetas F\u00fatbol Baratas Juventus Home Shirt 2022 Blanco\/Negro con Estampado Bertancur 30"},"content":{"rendered":"<p>Inspirada en el 10\u00ba aniversario del emblem\u00e1tico Allianz Stadium del club, esta camiseta de casa de la Juventus 2021\/22 para hombre ha incorporado las estrellas del edificio en la legendaria combinaci\u00f3n de colores a rayas blancas y negras. Est\u00e1 confeccionada en un suave y ligero tejido Primegreen poly con tecnolog\u00eda AEROREADY que expulsa el sudor. Presenta cuello de pico, mangas cortas y ribetes acanalados para optimizar el ajuste. Con las 3 bandas caracter\u00edsticas de la marca en los hombros, esta camiseta luce el escudo mundialmente famoso de la Juventus y el logotipo Badge Of Sport bordado en el pecho.<\/p>\n<p>Consejos para la impresi\u00f3n: Si el nombre y el n\u00famero que aparecen en la imagen son exactamente los que desea, no es necesario que los vuelva a introducir. En caso contrario, deber\u00e1 introducir el nombre y el n\u00famero que desee.<\/p>\n<p>Consejos de lavado: Se recomienda lavar las camisetas de f\u00fatbol a mano. Si desea utilizar la lavadora, recuerde poner las camisetas de f\u00fatbol del rev\u00e9s y luego lavarlas. Llena la lavadora con agua fr\u00eda y utiliza un ciclo delicado para proteger mejor los colores.<\/p>","protected":false},"excerpt":{"rendered":"<p>Inspiriert vom 10-j\u00e4hrigen Jubil\u00e4um des legend\u00e4ren Allianz-Stadions des Clubs hat dieses Juventus 2021\/22 Heimtrikot f\u00fcr Herren die Stars des Geb\u00e4udes in die legend\u00e4re wei\u00df-schwarz gestreifte Farbe eingearbeitet. Es besteht aus glattem und leichtem Primegreen-Polygewebe mit AEROREADY-Technologie, um Schwei\u00df abzuleiten. Es verf\u00fcgt \u00fcber einen Kragen mit V-Ausschnitt, kurze \u00c4rmel und gerippte Verzierungen, um die Passform zu [&hellip;]<\/p>","protected":false},"featured_media":1670,"comment_status":"open","ping_status":"closed","template":"","meta":[],"product_brand":[],"product_cat":[59],"product_tag":[20,21,22,23,24,60,61],"class_list":{"0":"post-1637","1":"product","2":"type-product","3":"status-publish","4":"has-post-thumbnail","6":"product_cat-juventus","7":"product_tag-coole-fussballtrikots","8":"product_tag-fussballtrikot-fuer-herren","9":"product_tag-fussballtrikot-guenstig-kaufen","10":"product_tag-fussballtrikot-kurzarm","11":"product_tag-guenstiges-fussballtrikot","12":"product_tag-juventus-heimtrikot","13":"product_tag-juventus-trikots","15":"first","16":"instock","17":"shipping-taxable","18":"purchasable","19":"product-type-variable"},"_links":{"self":[{"href":"https:\/\/www.billigtrikotde.com\/es\/wp-json\/wp\/v2\/product\/1637","targetHints":{"allow":["GET"]}}],"collection":[{"href":"https:\/\/www.billigtrikotde.com\/es\/wp-json\/wp\/v2\/product"}],"about":[{"href":"https:\/\/www.billigtrikotde.com\/es\/wp-json\/wp\/v2\/types\/product"}],"replies":[{"embeddable":true,"href":"https:\/\/www.billigtrikotde.com\/es\/wp-json\/wp\/v2\/comments?post=1637"}],"wp:featuredmedia":[{"embeddable":true,"href":"https:\/\/www.billigtrikotde.com\/es\/wp-json\/wp\/v2\/media\/1670"}],"wp:attachment":[{"href":"https:\/\/www.billigtrikotde.com\/es\/wp-json\/wp\/v2\/media?parent=1637"}],"wp:term":[{"taxonomy":"product_brand","embeddable":true,"href":"https:\/\/www.billigtrikotde.com\/es\/wp-json\/wp\/v2\/product_brand?post=1637"},{"taxonomy":"product_cat","embeddable":true,"href":"https:\/\/www.billigtrikotde.com\/es\/wp-json\/wp\/v2\/product_cat?post=1637"},{"taxonomy":"product_tag","embeddable":true,"href":"https:\/\/www.billigtrikotde.com\/es\/wp-json\/wp\/v2\/product_tag?post=1637"}],"curies":[{"name":"wp","href":"https:\/\/api.w.org\/{rel}","templated":true}]}}