{"id":1623,"date":"2024-10-23T13:38:34","date_gmt":"2024-10-23T11:38:34","guid":{"rendered":"http:\/\/billigtrikots.com\/?post_type=product&#038;p=1623"},"modified":"2025-06-16T16:04:14","modified_gmt":"2025-06-16T14:04:14","slug":"herren-tw-trikot-juventus-turin-goalie-trikot-set-2022-gruen-mit-aufdruck-szczesny-1","status":"publish","type":"product","link":"https:\/\/www.billigtrikotde.com\/es\/herren-tw-trikot-juventus-turin-goalie-trikot-set-2022-gruen-mit-aufdruck-szczesny-1\/","title":{"rendered":"Camiseta hombre TW Jersey Juventus Turin Goalie Jersey Set 2022 Verde con estampado Szczesny 1"},"content":{"rendered":"<p>Con el modelo c\u00f3modo en verde, muestras tu amor incondicional a tu club. La camiseta deportiva de adidas es la elecci\u00f3n perfecta. En ninguna colecci\u00f3n de fans puede faltar esta camiseta deportiva del FC Juventus Tur\u00edn. Es transpirable, c\u00f3moda y ligera. Se convierte en el punto culminante con el escudo del club en el pecho. No importa lo duro que sea el entrenamiento o el partido, con este modelo siempre estar\u00e1s bien vestido.<\/p>\n<p>Consejos para la impresi\u00f3n: Si el nombre y el n\u00famero que aparecen en la imagen son exactamente los que desea, no es necesario que los vuelva a introducir. En caso contrario, deber\u00e1 introducir el nombre y el n\u00famero que desee.<\/p>\n<p>Consejos de lavado: Se recomienda lavar las camisetas de f\u00fatbol a mano. Si desea utilizar la lavadora, recuerde poner las camisetas de f\u00fatbol del rev\u00e9s y luego lavarlas. Llena la lavadora con agua fr\u00eda y utiliza un ciclo delicado para proteger mejor los colores.<\/p>","protected":false},"excerpt":{"rendered":"<p>Mit dem bequemen Modell in Gr\u00fcn zeigst du deine bedingungslose Liebe zu deinem Verein. Das adidas Sporttop ist die perfekte Wahl. In keiner Fan-Sammlung darf dieses FC Juventus Turin-Sporttop fehlen. Es ist atmungsaktiv, bequem und leicht. Zum absoluten Highlight wird es durch das Vereinswappen auf der Brust. Egal, wie hart das Training oder das Spiel [&hellip;]<\/p>","protected":false},"featured_media":1655,"comment_status":"open","ping_status":"closed","template":"","meta":[],"product_brand":[],"product_cat":[59],"product_tag":[20,35,21,23,24,62,61],"class_list":{"0":"post-1623","1":"product","2":"type-product","3":"status-publish","4":"has-post-thumbnail","6":"product_cat-juventus","7":"product_tag-coole-fussballtrikots","8":"product_tag-fussball-torwarttrikots","9":"product_tag-fussballtrikot-fuer-herren","10":"product_tag-fussballtrikot-kurzarm","11":"product_tag-guenstiges-fussballtrikot","12":"product_tag-juventus-torwarttrikot","13":"product_tag-juventus-trikots","15":"first","16":"instock","17":"shipping-taxable","18":"purchasable","19":"product-type-variable"},"_links":{"self":[{"href":"https:\/\/www.billigtrikotde.com\/es\/wp-json\/wp\/v2\/product\/1623","targetHints":{"allow":["GET"]}}],"collection":[{"href":"https:\/\/www.billigtrikotde.com\/es\/wp-json\/wp\/v2\/product"}],"about":[{"href":"https:\/\/www.billigtrikotde.com\/es\/wp-json\/wp\/v2\/types\/product"}],"replies":[{"embeddable":true,"href":"https:\/\/www.billigtrikotde.com\/es\/wp-json\/wp\/v2\/comments?post=1623"}],"wp:featuredmedia":[{"embeddable":true,"href":"https:\/\/www.billigtrikotde.com\/es\/wp-json\/wp\/v2\/media\/1655"}],"wp:attachment":[{"href":"https:\/\/www.billigtrikotde.com\/es\/wp-json\/wp\/v2\/media?parent=1623"}],"wp:term":[{"taxonomy":"product_brand","embeddable":true,"href":"https:\/\/www.billigtrikotde.com\/es\/wp-json\/wp\/v2\/product_brand?post=1623"},{"taxonomy":"product_cat","embeddable":true,"href":"https:\/\/www.billigtrikotde.com\/es\/wp-json\/wp\/v2\/product_cat?post=1623"},{"taxonomy":"product_tag","embeddable":true,"href":"https:\/\/www.billigtrikotde.com\/es\/wp-json\/wp\/v2\/product_tag?post=1623"}],"curies":[{"name":"wp","href":"https:\/\/api.w.org\/{rel}","templated":true}]}}