{"id":16171,"date":"2024-10-24T08:28:04","date_gmt":"2024-10-24T06:28:04","guid":{"rendered":"http:\/\/billigtrikots.com\/?post_type=product&#038;p=16171"},"modified":"2024-10-24T08:30:44","modified_gmt":"2024-10-24T06:30:44","slug":"herren-fussball-trikotsatz-manchester-united-2023-2024-drittes-trikot-mount-7","status":"publish","type":"product","link":"https:\/\/www.billigtrikotde.com\/es\/herren-fussball-trikotsatz-manchester-united-2023-2024-drittes-trikot-mount-7\/","title":{"rendered":"Equipaci\u00f3n de F\u00fatbol Hombre Manchester United 2023-2024 Tercera Camiseta MOUNT 7"},"content":{"rendered":"<p>La tercera camiseta del Manchester United 2023-2024 es predominantemente de color crema con detalles en rojo, y la caracter\u00edstica especial de la tercera camiseta del Manchester United 2023-2024 es que el escudo del club ha sido sustituido por el ic\u00f3nico emblema del diablo rojo del escudo del ManUtd. Este cambio inesperado a\u00f1ade un elemento sorprendente e interesante a la tercera camiseta del Manchester United 23-24.<\/p>\n<p>Consejos para la impresi\u00f3n: Si el nombre y el n\u00famero que aparecen en la imagen son exactamente los que desea, no es necesario que los vuelva a introducir. En caso contrario, deber\u00e1 introducir el nombre y el n\u00famero que desee.<\/p>\n<p>Consejos de lavado: Se recomienda lavar las camisetas de f\u00fatbol a mano. Si desea utilizar la lavadora, recuerde poner las camisetas de f\u00fatbol del rev\u00e9s y luego lavarlas. Llena la lavadora con agua fr\u00eda y utiliza un ciclo delicado para proteger mejor los colores.<\/p>","protected":false},"excerpt":{"rendered":"<p>La tercera camiseta del Manchester United 2023-2024 es mayoritariamente cremosa con acentos rojos. Lo especial de la tercera camiseta del Manchester United 2023-2024 es que el escudo del club fue reemplazado por el ic\u00f3nico emblema del diablo rojo del escudo de ManUtd. Este cambio inesperado le da a la tercera camiseta de Manchester United 23-24 un elemento sorprendente e interesante. Consejos de impresi\u00f3n: Cuando el nombre [\u2026]<\/p>","protected":false},"featured_media":16211,"comment_status":"open","ping_status":"closed","template":"","meta":[],"product_brand":[],"product_cat":[50],"product_tag":[20,574,21,23,24,900,672,673],"class_list":{"0":"post-16171","1":"product","2":"type-product","3":"status-publish","4":"has-post-thumbnail","6":"product_cat-manchester-united","7":"product_tag-coole-fussballtrikots","8":"product_tag-fussballtrikot-deutschland","9":"product_tag-fussballtrikot-fuer-herren","10":"product_tag-fussballtrikot-kurzarm","11":"product_tag-guenstiges-fussballtrikot","12":"product_tag-manchester-united-2023-2024-drittes-trikot","13":"product_tag-manchester-united-fussballtrikot","14":"product_tag-manchester-united-trikot","16":"first","17":"instock","18":"shipping-taxable","19":"purchasable","20":"product-type-variable"},"_links":{"self":[{"href":"https:\/\/www.billigtrikotde.com\/es\/wp-json\/wp\/v2\/product\/16171","targetHints":{"allow":["GET"]}}],"collection":[{"href":"https:\/\/www.billigtrikotde.com\/es\/wp-json\/wp\/v2\/product"}],"about":[{"href":"https:\/\/www.billigtrikotde.com\/es\/wp-json\/wp\/v2\/types\/product"}],"replies":[{"embeddable":true,"href":"https:\/\/www.billigtrikotde.com\/es\/wp-json\/wp\/v2\/comments?post=16171"}],"wp:featuredmedia":[{"embeddable":true,"href":"https:\/\/www.billigtrikotde.com\/es\/wp-json\/wp\/v2\/media\/16211"}],"wp:attachment":[{"href":"https:\/\/www.billigtrikotde.com\/es\/wp-json\/wp\/v2\/media?parent=16171"}],"wp:term":[{"taxonomy":"product_brand","embeddable":true,"href":"https:\/\/www.billigtrikotde.com\/es\/wp-json\/wp\/v2\/product_brand?post=16171"},{"taxonomy":"product_cat","embeddable":true,"href":"https:\/\/www.billigtrikotde.com\/es\/wp-json\/wp\/v2\/product_cat?post=16171"},{"taxonomy":"product_tag","embeddable":true,"href":"https:\/\/www.billigtrikotde.com\/es\/wp-json\/wp\/v2\/product_tag?post=16171"}],"curies":[{"name":"wp","href":"https:\/\/api.w.org\/{rel}","templated":true}]}}