{"id":1615,"date":"2024-10-23T13:38:05","date_gmt":"2024-10-23T11:38:05","guid":{"rendered":"http:\/\/billigtrikots.com\/?post_type=product&#038;p=1615"},"modified":"2025-06-16T16:04:14","modified_gmt":"2025-06-16T14:04:14","slug":"bestellten-guenstige-fussballtrikots-herren-juventus-turin-torwarttrikot-set-schwarz-buffon-77","status":"publish","type":"product","link":"https:\/\/www.billigtrikotde.com\/es\/bestellten-guenstige-fussballtrikots-herren-juventus-turin-torwarttrikot-set-schwarz-buffon-77\/","title":{"rendered":"Comprar Camisetas F\u00fatbol Baratas Hombre Juventus Turin Portero Kit Negro Buffon 77"},"content":{"rendered":"<p>La camiseta deportiva adidas es la elecci\u00f3n perfecta. No puede faltar en la colecci\u00f3n de ning\u00fan aficionado esta camiseta deportiva del FC Juventus Tur\u00edn. Es transpirable, c\u00f3moda y ligera. El escudo del club en el pecho la convierte en la prenda estrella. No importa lo dura que sea la sesi\u00f3n de entrenamiento o el partido, siempre ir\u00e1s perfectamente vestido con este modelo.<\/p>\n<p>Consejos para la impresi\u00f3n: Si el nombre y el n\u00famero que aparecen en la imagen son exactamente los que desea, no es necesario que los vuelva a introducir. En caso contrario, deber\u00e1 introducir el nombre y el n\u00famero que desee.<\/p>\n<p>Consejos de lavado: Se recomienda lavar las camisetas de f\u00fatbol a mano. Si desea utilizar la lavadora, recuerde poner las camisetas de f\u00fatbol del rev\u00e9s y luego lavarlas. Llena la lavadora con agua fr\u00eda y utiliza un ciclo delicado para proteger mejor los colores.<\/p>","protected":false},"excerpt":{"rendered":"<p>Das adidas Sporttop ist die perfekte Wahl. In keiner Fan-Sammlung darf dieses FC Juventus Turin-Sporttop fehlen. Es ist atmungsaktiv, bequem und leicht. Zum absoluten Highlight wird es durch das Vereinswappen auf der Brust. Egal, wie hart das Training oder das Spiel ist, mit diesem Modell bist du immer bestens gekleidet. Tipps zum Drucken: Wenn der [&hellip;]<\/p>","protected":false},"featured_media":1645,"comment_status":"open","ping_status":"closed","template":"","meta":[],"product_brand":[],"product_cat":[59],"product_tag":[20,35,21,23,24,62,61],"class_list":{"0":"post-1615","1":"product","2":"type-product","3":"status-publish","4":"has-post-thumbnail","6":"product_cat-juventus","7":"product_tag-coole-fussballtrikots","8":"product_tag-fussball-torwarttrikots","9":"product_tag-fussballtrikot-fuer-herren","10":"product_tag-fussballtrikot-kurzarm","11":"product_tag-guenstiges-fussballtrikot","12":"product_tag-juventus-torwarttrikot","13":"product_tag-juventus-trikots","15":"first","16":"instock","17":"shipping-taxable","18":"purchasable","19":"product-type-variable"},"_links":{"self":[{"href":"https:\/\/www.billigtrikotde.com\/es\/wp-json\/wp\/v2\/product\/1615","targetHints":{"allow":["GET"]}}],"collection":[{"href":"https:\/\/www.billigtrikotde.com\/es\/wp-json\/wp\/v2\/product"}],"about":[{"href":"https:\/\/www.billigtrikotde.com\/es\/wp-json\/wp\/v2\/types\/product"}],"replies":[{"embeddable":true,"href":"https:\/\/www.billigtrikotde.com\/es\/wp-json\/wp\/v2\/comments?post=1615"}],"wp:featuredmedia":[{"embeddable":true,"href":"https:\/\/www.billigtrikotde.com\/es\/wp-json\/wp\/v2\/media\/1645"}],"wp:attachment":[{"href":"https:\/\/www.billigtrikotde.com\/es\/wp-json\/wp\/v2\/media?parent=1615"}],"wp:term":[{"taxonomy":"product_brand","embeddable":true,"href":"https:\/\/www.billigtrikotde.com\/es\/wp-json\/wp\/v2\/product_brand?post=1615"},{"taxonomy":"product_cat","embeddable":true,"href":"https:\/\/www.billigtrikotde.com\/es\/wp-json\/wp\/v2\/product_cat?post=1615"},{"taxonomy":"product_tag","embeddable":true,"href":"https:\/\/www.billigtrikotde.com\/es\/wp-json\/wp\/v2\/product_tag?post=1615"}],"curies":[{"name":"wp","href":"https:\/\/api.w.org\/{rel}","templated":true}]}}