{"id":1603,"date":"2024-10-23T13:37:33","date_gmt":"2024-10-23T11:37:33","guid":{"rendered":"http:\/\/billigtrikots.com\/?post_type=product&#038;p=1603"},"modified":"2025-06-16T16:04:15","modified_gmt":"2025-06-16T14:04:15","slug":"juventus-home-fussballtrikots-offizielle-anpassbare-name-und-nummer","status":"publish","type":"product","link":"https:\/\/www.billigtrikotde.com\/es\/juventus-home-fussballtrikots-offizielle-anpassbare-name-und-nummer\/","title":{"rendered":"Juventus Home Camisetas de F\u00fatbol Oficiales Personalizables con Nombre y N\u00famero"},"content":{"rendered":"<p>Un homenaje a su magn\u00edfico estadio. La camiseta adidas Juventus celebra el 10\u00ba aniversario del ic\u00f3nico Estadio Allianz. Las estrellas que dominan el dise\u00f1o del edificio se reflejan en las legendarias rayas negras y reinventan un aspecto cl\u00e1sico. La camiseta fue dise\u00f1ada para ofrecer la m\u00e1xima comodidad a los aficionados. Est\u00e1 hecha de tela suave y cuenta con la tecnolog\u00eda de absorci\u00f3n de sudor AEROREADY.<\/p>\n<p>Consejos para la impresi\u00f3n: Si el nombre y el n\u00famero que aparecen en la imagen son exactamente los que desea, no es necesario que los vuelva a introducir. En caso contrario, deber\u00e1 introducir el nombre y el n\u00famero que desee.<\/p>\n<p>Camisetas impresas excluidas de devoluci\u00f3n y cambio. Para camisetas personalizadas, el tiempo de entrega se prolonga en 1-2 d\u00edas h\u00e1biles. No se permiten cambios posteriores. Sin flock original<\/p>\n<p>Consejos de lavado: Se recomienda lavar las camisetas de f\u00fatbol a mano. Si desea utilizar la lavadora, recuerde poner las camisetas de f\u00fatbol del rev\u00e9s y luego lavarlas. Llena la lavadora con agua fr\u00eda y utiliza un ciclo delicado para proteger mejor los colores.<\/p>","protected":false},"excerpt":{"rendered":"<p>Eine Hommage an sein gro\u00dfartiges Stadion. Das adidas Juventus-Trikot feiert das 10-j\u00e4hrige Bestehen des kultigen Allianz Stadions. Die Sterne, die das Design des Geb\u00e4udes dominieren, spiegeln sich in den legend\u00e4ren schwarzen Streifen wider und erfinden einen klassischen Look neu. Das Shirt wurde entwickelt, um maximalen Komfort f\u00fcr Fans zu bieten. Es ist aus weichem Stoff [&hellip;]<\/p>","protected":false},"featured_media":1633,"comment_status":"open","ping_status":"closed","template":"","meta":[],"product_brand":[],"product_cat":[59],"product_tag":[20,38,21,24,60,61],"class_list":{"0":"post-1603","1":"product","2":"type-product","3":"status-publish","4":"has-post-thumbnail","6":"product_cat-juventus","7":"product_tag-coole-fussballtrikots","8":"product_tag-fussball-trikot-langarm","9":"product_tag-fussballtrikot-fuer-herren","10":"product_tag-guenstiges-fussballtrikot","11":"product_tag-juventus-heimtrikot","12":"product_tag-juventus-trikots","14":"first","15":"instock","16":"shipping-taxable","17":"purchasable","18":"product-type-variable"},"_links":{"self":[{"href":"https:\/\/www.billigtrikotde.com\/es\/wp-json\/wp\/v2\/product\/1603","targetHints":{"allow":["GET"]}}],"collection":[{"href":"https:\/\/www.billigtrikotde.com\/es\/wp-json\/wp\/v2\/product"}],"about":[{"href":"https:\/\/www.billigtrikotde.com\/es\/wp-json\/wp\/v2\/types\/product"}],"replies":[{"embeddable":true,"href":"https:\/\/www.billigtrikotde.com\/es\/wp-json\/wp\/v2\/comments?post=1603"}],"wp:featuredmedia":[{"embeddable":true,"href":"https:\/\/www.billigtrikotde.com\/es\/wp-json\/wp\/v2\/media\/1633"}],"wp:attachment":[{"href":"https:\/\/www.billigtrikotde.com\/es\/wp-json\/wp\/v2\/media?parent=1603"}],"wp:term":[{"taxonomy":"product_brand","embeddable":true,"href":"https:\/\/www.billigtrikotde.com\/es\/wp-json\/wp\/v2\/product_brand?post=1603"},{"taxonomy":"product_cat","embeddable":true,"href":"https:\/\/www.billigtrikotde.com\/es\/wp-json\/wp\/v2\/product_cat?post=1603"},{"taxonomy":"product_tag","embeddable":true,"href":"https:\/\/www.billigtrikotde.com\/es\/wp-json\/wp\/v2\/product_tag?post=1603"}],"curies":[{"name":"wp","href":"https:\/\/api.w.org\/{rel}","templated":true}]}}