{"id":1591,"date":"2024-10-23T13:37:02","date_gmt":"2024-10-23T11:37:02","guid":{"rendered":"http:\/\/billigtrikots.com\/?post_type=product&#038;p=1591"},"modified":"2024-10-23T13:39:01","modified_gmt":"2024-10-23T11:39:01","slug":"arsenal-heimtrikot-2022-herren-kurzarm-rot-mit-aufdruck-pepe-19-kurze-hosen","status":"publish","type":"product","link":"https:\/\/www.billigtrikotde.com\/es\/arsenal-heimtrikot-2022-herren-kurzarm-rot-mit-aufdruck-pepe-19-kurze-hosen\/","title":{"rendered":"Camiseta local del Arsenal 2022 hombre manga corta roja con estampado PEPE 19 + pantal\u00f3n corto"},"content":{"rendered":"<p>Apoyas a tu equipo en los buenos y en los malos momentos con el modelo que absorbe el sudor en blanco. Con la camiseta de la casa a-didas realmente no puedes equivocarte. Como un verdadero fan\u00e1tico del FC Arsenal Londres, necesitas esta camiseta de local que llevan los jugadores en la Premier League. Es transpirable, s\u00faper c\u00f3moda y que absorbe el sudor. En esta camiseta deportiva puedes confiar en el escudo del club en el pecho. Con esta camiseta puedes ser a\u00fan m\u00e1s eficiente y prepararte para el pr\u00f3ximo partido.<\/p>\n<p>Consejos para la impresi\u00f3n: Si el nombre y el n\u00famero que aparecen en la imagen son exactamente los que desea, no es necesario que los vuelva a introducir. En caso contrario, deber\u00e1 introducir el nombre y el n\u00famero que desee.<\/p>\n<p>Consejos de lavado: Se recomienda lavar las camisetas de f\u00fatbol a mano. Si desea utilizar la lavadora, recuerde poner las camisetas de f\u00fatbol del rev\u00e9s y luego lavarlas. Llena la lavadora con agua fr\u00eda y utiliza un ciclo delicado para proteger mejor los colores.<\/p>","protected":false},"excerpt":{"rendered":"<p>Du unterst\u00fctzt dein Team in guten wie in schlechten Zeiten mit dem schwei\u00dfableitenden Modell in Wei\u00df. Mit dem Trikot aus dem Hause a-didas kann man wirklich nichts falsch machen. Als echter FC Arsenal London-Fan brauchst du dieses Heim-Trikot, das die Spieler in der Premier League tragen. Es ist atmungsaktiv, super bequem und schwei\u00dfableitend. Bei diesem [&hellip;]<\/p>","protected":false},"featured_media":1621,"comment_status":"open","ping_status":"closed","template":"","meta":[],"product_brand":[],"product_cat":[55],"product_tag":[20,57,21,22,23,54,24],"class_list":{"0":"post-1591","1":"product","2":"type-product","3":"status-publish","4":"has-post-thumbnail","6":"product_cat-arsenal","7":"product_tag-coole-fussballtrikots","8":"product_tag-fc-arsenal-trikots","9":"product_tag-fussballtrikot-fuer-herren","10":"product_tag-fussballtrikot-guenstig-kaufen","11":"product_tag-fussballtrikot-kurzarm","12":"product_tag-fussballtrikot-set","13":"product_tag-guenstiges-fussballtrikot","15":"first","16":"instock","17":"shipping-taxable","18":"purchasable","19":"product-type-variable"},"_links":{"self":[{"href":"https:\/\/www.billigtrikotde.com\/es\/wp-json\/wp\/v2\/product\/1591","targetHints":{"allow":["GET"]}}],"collection":[{"href":"https:\/\/www.billigtrikotde.com\/es\/wp-json\/wp\/v2\/product"}],"about":[{"href":"https:\/\/www.billigtrikotde.com\/es\/wp-json\/wp\/v2\/types\/product"}],"replies":[{"embeddable":true,"href":"https:\/\/www.billigtrikotde.com\/es\/wp-json\/wp\/v2\/comments?post=1591"}],"wp:featuredmedia":[{"embeddable":true,"href":"https:\/\/www.billigtrikotde.com\/es\/wp-json\/wp\/v2\/media\/1621"}],"wp:attachment":[{"href":"https:\/\/www.billigtrikotde.com\/es\/wp-json\/wp\/v2\/media?parent=1591"}],"wp:term":[{"taxonomy":"product_brand","embeddable":true,"href":"https:\/\/www.billigtrikotde.com\/es\/wp-json\/wp\/v2\/product_brand?post=1591"},{"taxonomy":"product_cat","embeddable":true,"href":"https:\/\/www.billigtrikotde.com\/es\/wp-json\/wp\/v2\/product_cat?post=1591"},{"taxonomy":"product_tag","embeddable":true,"href":"https:\/\/www.billigtrikotde.com\/es\/wp-json\/wp\/v2\/product_tag?post=1591"}],"curies":[{"name":"wp","href":"https:\/\/api.w.org\/{rel}","templated":true}]}}