{"id":15826,"date":"2024-10-24T08:09:30","date_gmt":"2024-10-24T06:09:30","guid":{"rendered":"http:\/\/billigtrikots.com\/?post_type=product&#038;p=15826"},"modified":"2024-10-24T08:11:46","modified_gmt":"2024-10-24T06:11:46","slug":"herren-fc-barcelona-23-24-drittes-trikot-blau-kurzarm-joao-felix-14","status":"publish","type":"product","link":"https:\/\/www.billigtrikotde.com\/es\/herren-fc-barcelona-23-24-drittes-trikot-blau-kurzarm-joao-felix-14\/","title":{"rendered":"Camiseta hombre FC Barcelona 23-24 Tercera manga corta azul Joao Felix 14"},"content":{"rendered":"<p>En la tercera camiseta de f\u00fatbol del Barcelona 23-24 predomina el color menta (\"Light Aqua\"), combinado con el blaugrana como elementos de dise\u00f1o y el negro como color del logotipo.En cuanto a la plantilla, la tercera camiseta de f\u00fatbol del Bar\u00e7a 23-24 es aerodin\u00e1mica. Utiliza la misma plantilla que varias selecciones nacionales para la Copa Mundial Femenina 2023 y otros equipos de clubes de \u00e9lite 23-24 para sus terceras equipaciones.Dos cosas hacen que la camiseta del Barcelona 23-24 destaque: el tejido y el swoosh y el escudo.Los colores blaugrana del Barcelona (azul y rojo) est\u00e1n entretejidos en el tejido de la camiseta del Barcelona 23-24, d\u00e1ndole un toque especial.<\/p>\n<p>Consejos para la impresi\u00f3n: Si el nombre y el n\u00famero que aparecen en la imagen son exactamente los que desea, no es necesario que los vuelva a introducir. En caso contrario, deber\u00e1 introducir el nombre y el n\u00famero que desee.<\/p>\n<p>Consejos de lavado: Se recomienda lavar las camisetas de f\u00fatbol a mano. Si desea utilizar la lavadora, recuerde poner las camisetas de f\u00fatbol del rev\u00e9s y luego lavarlas. Llena la lavadora con agua fr\u00eda y utiliza un ciclo delicado para proteger mejor los colores.<\/p>","protected":false},"excerpt":{"rendered":"<p>Das dritte Barcelona 23-24 Fu\u00dfball trikot ist \u00fcberwiegend mint (\u201eLight Aqua\u201c), kombiniert mit Blaugrana als Designelementen und Schwarz als Logofarbe.Was die Template betrifft, so ist das Bar\u00e7a 23-24 dritte Fu\u00dfballtrikot stromlinienf\u00f6rmig. Es verwendet die gleiche Template wie verschiedene Nationalmannschaften f\u00fcr die Frauen-WM 2023 und andere 23-24 Elite-Clubteams f\u00fcr ihre dritten Trikots.Zwei Dinge lassen das Barcelona [&hellip;]<\/p>","protected":false},"featured_media":15866,"comment_status":"open","ping_status":"closed","template":"","meta":[],"product_brand":[],"product_cat":[31],"product_tag":[703,20,863,33,574,426,24,803,804,805,806],"class_list":{"0":"post-15826","1":"product","2":"type-product","3":"status-publish","4":"has-post-thumbnail","6":"product_cat-fc-barcelona","7":"product_tag-barcelona-fussballtrikot","8":"product_tag-coole-fussballtrikots","9":"product_tag-fc-barcelona-neue-trikots","10":"product_tag-fc-barcelona-trikots","11":"product_tag-fussballtrikot-deutschland","12":"product_tag-fussballtrikots-kurzarm","13":"product_tag-guenstiges-fussballtrikot","14":"product_tag-joao-felix-babykleidung","15":"product_tag-joao-felix-fussballtrikot","16":"product_tag-joao-felix-kleidung-kinder","17":"product_tag-joao-felix-trikot-fuer-kinder","19":"first","20":"instock","21":"shipping-taxable","22":"purchasable","23":"product-type-variable"},"_links":{"self":[{"href":"https:\/\/www.billigtrikotde.com\/es\/wp-json\/wp\/v2\/product\/15826","targetHints":{"allow":["GET"]}}],"collection":[{"href":"https:\/\/www.billigtrikotde.com\/es\/wp-json\/wp\/v2\/product"}],"about":[{"href":"https:\/\/www.billigtrikotde.com\/es\/wp-json\/wp\/v2\/types\/product"}],"replies":[{"embeddable":true,"href":"https:\/\/www.billigtrikotde.com\/es\/wp-json\/wp\/v2\/comments?post=15826"}],"wp:featuredmedia":[{"embeddable":true,"href":"https:\/\/www.billigtrikotde.com\/es\/wp-json\/wp\/v2\/media\/15866"}],"wp:attachment":[{"href":"https:\/\/www.billigtrikotde.com\/es\/wp-json\/wp\/v2\/media?parent=15826"}],"wp:term":[{"taxonomy":"product_brand","embeddable":true,"href":"https:\/\/www.billigtrikotde.com\/es\/wp-json\/wp\/v2\/product_brand?post=15826"},{"taxonomy":"product_cat","embeddable":true,"href":"https:\/\/www.billigtrikotde.com\/es\/wp-json\/wp\/v2\/product_cat?post=15826"},{"taxonomy":"product_tag","embeddable":true,"href":"https:\/\/www.billigtrikotde.com\/es\/wp-json\/wp\/v2\/product_tag?post=15826"}],"curies":[{"name":"wp","href":"https:\/\/api.w.org\/{rel}","templated":true}]}}