{"id":1539,"date":"2024-10-23T13:34:51","date_gmt":"2024-10-23T11:34:51","guid":{"rendered":"http:\/\/billigtrikots.com\/?post_type=product&#038;p=1539"},"modified":"2024-10-23T13:36:23","modified_gmt":"2024-10-23T11:36:23","slug":"herren-ausweichtrikot-fc-arsenal-2022-aubameyang-14-blau-kurze-hosen","status":"publish","type":"product","link":"https:\/\/www.billigtrikotde.com\/es\/herren-ausweichtrikot-fc-arsenal-2022-aubameyang-14-blau-kurze-hosen\/","title":{"rendered":"Hombres Arsenal FC 2022 AUBAMEYANG 14# azul + Pantalones cortos"},"content":{"rendered":"<p>Aqu\u00ed llega el revival de un dise\u00f1o de los 90, como un destello del pasado. Esta camiseta visitante del FC Arsenal celebra una d\u00e9cada de \u00e9xitos para el f\u00fatbol y para a-didas. La versi\u00f3n para aficionados combina un look desenfadado inspirado en la equipaci\u00f3n con la tecnolog\u00eda m\u00e1s moderna. El suave material con AEROREADY que absorbe la humedad te mantiene agradablemente seco.<\/p>\n<p>Consejos para la impresi\u00f3n: Si el nombre y el n\u00famero que aparecen en la imagen son exactamente los que desea, no es necesario que los vuelva a introducir. En caso contrario, deber\u00e1 introducir el nombre y el n\u00famero que desee.<\/p>\n<p>Consejos de lavado: Se recomienda lavar las camisetas de f\u00fatbol a mano. Si desea utilizar la lavadora, recuerde poner las camisetas de f\u00fatbol del rev\u00e9s y luego lavarlas. Llena la lavadora con agua fr\u00eda y utiliza un ciclo delicado para proteger mejor los colores.<\/p>","protected":false},"excerpt":{"rendered":"<p>Aqu\u00ed llega el revival de un dise\u00f1o de los 90, como un destello del pasado. Esta camiseta visitante del FC Arsenal celebra una d\u00e9cada de \u00e9xitos para el f\u00fatbol y para a-didas. La versi\u00f3n para aficionados combina un look desenfadado inspirado en la equipaci\u00f3n con la tecnolog\u00eda m\u00e1s moderna. El suave material con AEROREADY que absorbe la humedad te mantiene agradablemente seco.<\/p>","protected":false},"featured_media":1572,"comment_status":"open","ping_status":"closed","template":"","meta":[],"product_brand":[],"product_cat":[55],"product_tag":[20,57,21,22,23,54,24],"class_list":{"0":"post-1539","1":"product","2":"type-product","3":"status-publish","4":"has-post-thumbnail","6":"product_cat-arsenal","7":"product_tag-coole-fussballtrikots","8":"product_tag-fc-arsenal-trikots","9":"product_tag-fussballtrikot-fuer-herren","10":"product_tag-fussballtrikot-guenstig-kaufen","11":"product_tag-fussballtrikot-kurzarm","12":"product_tag-fussballtrikot-set","13":"product_tag-guenstiges-fussballtrikot","15":"first","16":"instock","17":"shipping-taxable","18":"purchasable","19":"product-type-variable"},"_links":{"self":[{"href":"https:\/\/www.billigtrikotde.com\/es\/wp-json\/wp\/v2\/product\/1539","targetHints":{"allow":["GET"]}}],"collection":[{"href":"https:\/\/www.billigtrikotde.com\/es\/wp-json\/wp\/v2\/product"}],"about":[{"href":"https:\/\/www.billigtrikotde.com\/es\/wp-json\/wp\/v2\/types\/product"}],"replies":[{"embeddable":true,"href":"https:\/\/www.billigtrikotde.com\/es\/wp-json\/wp\/v2\/comments?post=1539"}],"wp:featuredmedia":[{"embeddable":true,"href":"https:\/\/www.billigtrikotde.com\/es\/wp-json\/wp\/v2\/media\/1572"}],"wp:attachment":[{"href":"https:\/\/www.billigtrikotde.com\/es\/wp-json\/wp\/v2\/media?parent=1539"}],"wp:term":[{"taxonomy":"product_brand","embeddable":true,"href":"https:\/\/www.billigtrikotde.com\/es\/wp-json\/wp\/v2\/product_brand?post=1539"},{"taxonomy":"product_cat","embeddable":true,"href":"https:\/\/www.billigtrikotde.com\/es\/wp-json\/wp\/v2\/product_cat?post=1539"},{"taxonomy":"product_tag","embeddable":true,"href":"https:\/\/www.billigtrikotde.com\/es\/wp-json\/wp\/v2\/product_tag?post=1539"}],"curies":[{"name":"wp","href":"https:\/\/api.w.org\/{rel}","templated":true}]}}