{"id":15348,"date":"2024-10-24T07:43:59","date_gmt":"2024-10-24T05:43:59","guid":{"rendered":"http:\/\/billigtrikots.com\/?post_type=product&#038;p=15348"},"modified":"2024-10-24T07:46:35","modified_gmt":"2024-10-24T05:46:35","slug":"neue-fussballtrikots-ssc-napoli-23-24-drittes-trikot-herren-set","status":"publish","type":"product","link":"https:\/\/www.billigtrikotde.com\/es\/neue-fussballtrikots-ssc-napoli-23-24-drittes-trikot-herren-set\/","title":{"rendered":"Nuevo F\u00fatbol Camisetas SSC Napoli 23-24 Tercera Jersey Hombres Set"},"content":{"rendered":"<p>La tercera camiseta de f\u00fatbol de EA7 SSC Napoli 23-24 tiene una combinaci\u00f3n de colores a la moda para camisetas de f\u00fatbol. La tercera camiseta EA7 Napoli 2023-2024 combina una base negra con logotipos completamente dorados. Lo que hace \u00fanico a la tercera camiseta EA7 Napoli 2023-24 es un patr\u00f3n verde \u00fanico en las mangas y en la parte superior izquierda. Se inspira en los tatuajes maor\u00edes.<\/p>\n<p>Consejos para la impresi\u00f3n: Si el nombre y el n\u00famero que aparecen en la imagen son exactamente los que desea, no es necesario que los vuelva a introducir. En caso contrario, deber\u00e1 introducir el nombre y el n\u00famero que desee.<\/p>\n<p>Consejos de lavado: Se recomienda lavar las camisetas de f\u00fatbol a mano. Si desea utilizar la lavadora, recuerde poner las camisetas de f\u00fatbol del rev\u00e9s y luego lavarlas. Llena la lavadora con agua fr\u00eda y utiliza un ciclo delicado para proteger mejor los colores.<\/p>","protected":false},"excerpt":{"rendered":"<p>La tercera camiseta de f\u00fatbol de EA7 SSC Napoli 23-24 tiene una combinaci\u00f3n de colores a la moda para camisetas de f\u00fatbol. La tercera camiseta EA7 Napoli 2023-2024 combina una base negra con logotipos completamente dorados. Lo que hace \u00fanico a la tercera camiseta EA7 Napoli 2023-24 es un patr\u00f3n verde \u00fanico en las mangas y en la parte superior izquierda. Se inspira en los tatuajes maor\u00edes.<\/p>","protected":false},"featured_media":15390,"comment_status":"open","ping_status":"closed","template":"","meta":[],"product_brand":[],"product_cat":[192],"product_tag":[20,574,21,23,739,24,496,497],"class_list":{"0":"post-15348","1":"product","2":"type-product","3":"status-publish","4":"has-post-thumbnail","6":"product_cat-ssc-napoli","7":"product_tag-coole-fussballtrikots","8":"product_tag-fussballtrikot-deutschland","9":"product_tag-fussballtrikot-fuer-herren","10":"product_tag-fussballtrikot-kurzarm","11":"product_tag-guenstig-fussballtrikots","12":"product_tag-guenstiges-fussballtrikot","13":"product_tag-ssc-napoli-fussballtrikot","14":"product_tag-ssc-napoli-trikot","16":"first","17":"instock","18":"shipping-taxable","19":"purchasable","20":"product-type-variable"},"_links":{"self":[{"href":"https:\/\/www.billigtrikotde.com\/es\/wp-json\/wp\/v2\/product\/15348","targetHints":{"allow":["GET"]}}],"collection":[{"href":"https:\/\/www.billigtrikotde.com\/es\/wp-json\/wp\/v2\/product"}],"about":[{"href":"https:\/\/www.billigtrikotde.com\/es\/wp-json\/wp\/v2\/types\/product"}],"replies":[{"embeddable":true,"href":"https:\/\/www.billigtrikotde.com\/es\/wp-json\/wp\/v2\/comments?post=15348"}],"wp:featuredmedia":[{"embeddable":true,"href":"https:\/\/www.billigtrikotde.com\/es\/wp-json\/wp\/v2\/media\/15390"}],"wp:attachment":[{"href":"https:\/\/www.billigtrikotde.com\/es\/wp-json\/wp\/v2\/media?parent=15348"}],"wp:term":[{"taxonomy":"product_brand","embeddable":true,"href":"https:\/\/www.billigtrikotde.com\/es\/wp-json\/wp\/v2\/product_brand?post=15348"},{"taxonomy":"product_cat","embeddable":true,"href":"https:\/\/www.billigtrikotde.com\/es\/wp-json\/wp\/v2\/product_cat?post=15348"},{"taxonomy":"product_tag","embeddable":true,"href":"https:\/\/www.billigtrikotde.com\/es\/wp-json\/wp\/v2\/product_tag?post=15348"}],"curies":[{"name":"wp","href":"https:\/\/api.w.org\/{rel}","templated":true}]}}