{"id":15254,"date":"2024-10-24T07:38:58","date_gmt":"2024-10-24T05:38:58","guid":{"rendered":"http:\/\/billigtrikots.com\/?post_type=product&#038;p=15254"},"modified":"2024-10-24T07:41:39","modified_gmt":"2024-10-24T05:41:39","slug":"herren-real-betis-2023-2024-trikot-in-gruen-weissen-personalisierbar","status":"publish","type":"product","link":"https:\/\/www.billigtrikotde.com\/es\/herren-real-betis-2023-2024-trikot-in-gruen-weissen-personalisierbar\/","title":{"rendered":"Camiseta Real Betis 2023-2024 de hombre en verde y blanco Personalizable"},"content":{"rendered":"<p>La camiseta Hummel Real Betis Balompi\u00e9 2023-2024 con las tradicionales rayas verdes y blancas tambi\u00e9n tiene un estampado en forma de rombo que recuerda al pavimento de la Plaza Nueva, mientras que los cl\u00e1sicos chevrones de Hummel adornan los hombros y los pantalones de la camiseta local Hummel Real Betis Balompi\u00e9 2023-2024 y los pantalones de la camiseta local Betis 2023-24 son blancos.<\/p>\n<p>Consejos para la impresi\u00f3n: Si el nombre y el n\u00famero que aparecen en la imagen son exactamente los que desea, no es necesario que los vuelva a introducir. En caso contrario, deber\u00e1 introducir el nombre y el n\u00famero que desee.<\/p>\n<p>Consejos de lavado: Se recomienda lavar las camisetas de f\u00fatbol a mano. Si desea utilizar la lavadora, recuerde poner las camisetas de f\u00fatbol del rev\u00e9s y luego lavarlas. Llena la lavadora con agua fr\u00eda y utiliza un ciclo delicado para proteger mejor los colores.<\/p>","protected":false},"excerpt":{"rendered":"<p>El uniforme Hummel Real Betis Balompi\u00e9 2023-2024 con las tradicionales rayas verde-blancas tambi\u00e9n tiene un patr\u00f3n en rombos que recuerda al empedrado de la Plaza Nueva. Los chevrones cl\u00e1sicos de Hummel adornan los hombros y los pantalones de los uniformes de casa Hummel Real Betis Balompi\u00e9 2023-2024. Los pantalones de la camiseta de casa Betis 2023-24 son blancos. Consejos de impresi\u00f3n: Si el nombre [\u2026]<\/p>","protected":false},"featured_media":15301,"comment_status":"open","ping_status":"closed","template":"","meta":[],"product_brand":[],"product_cat":[901],"product_tag":[20,574,21,22,23,24,902,903,904,905],"class_list":{"0":"post-15254","1":"product","2":"type-product","3":"status-publish","4":"has-post-thumbnail","6":"product_cat-real-betis","7":"product_tag-coole-fussballtrikots","8":"product_tag-fussballtrikot-deutschland","9":"product_tag-fussballtrikot-fuer-herren","10":"product_tag-fussballtrikot-guenstig-kaufen","11":"product_tag-fussballtrikot-kurzarm","12":"product_tag-guenstiges-fussballtrikot","13":"product_tag-real-betis-2023-2024-trikot","14":"product_tag-real-betis-fussballtrikots","15":"product_tag-real-betis-trikot","16":"product_tag-real-betis-trikot-23-24","18":"first","19":"instock","20":"shipping-taxable","21":"purchasable","22":"product-type-variable"},"_links":{"self":[{"href":"https:\/\/www.billigtrikotde.com\/es\/wp-json\/wp\/v2\/product\/15254","targetHints":{"allow":["GET"]}}],"collection":[{"href":"https:\/\/www.billigtrikotde.com\/es\/wp-json\/wp\/v2\/product"}],"about":[{"href":"https:\/\/www.billigtrikotde.com\/es\/wp-json\/wp\/v2\/types\/product"}],"replies":[{"embeddable":true,"href":"https:\/\/www.billigtrikotde.com\/es\/wp-json\/wp\/v2\/comments?post=15254"}],"wp:featuredmedia":[{"embeddable":true,"href":"https:\/\/www.billigtrikotde.com\/es\/wp-json\/wp\/v2\/media\/15301"}],"wp:attachment":[{"href":"https:\/\/www.billigtrikotde.com\/es\/wp-json\/wp\/v2\/media?parent=15254"}],"wp:term":[{"taxonomy":"product_brand","embeddable":true,"href":"https:\/\/www.billigtrikotde.com\/es\/wp-json\/wp\/v2\/product_brand?post=15254"},{"taxonomy":"product_cat","embeddable":true,"href":"https:\/\/www.billigtrikotde.com\/es\/wp-json\/wp\/v2\/product_cat?post=15254"},{"taxonomy":"product_tag","embeddable":true,"href":"https:\/\/www.billigtrikotde.com\/es\/wp-json\/wp\/v2\/product_tag?post=15254"}],"curies":[{"name":"wp","href":"https:\/\/api.w.org\/{rel}","templated":true}]}}