{"id":14966,"date":"2024-10-24T07:24:19","date_gmt":"2024-10-24T05:24:19","guid":{"rendered":"http:\/\/billigtrikots.com\/?post_type=product&#038;p=14966"},"modified":"2024-10-24T07:26:30","modified_gmt":"2024-10-24T05:26:30","slug":"billig-fc-barcelona-2023-2024-fussballtrikots-set-mit-namen-christensen-15","status":"publish","type":"product","link":"https:\/\/www.billigtrikotde.com\/es\/billig-fc-barcelona-2023-2024-fussballtrikots-set-mit-namen-christensen-15\/","title":{"rendered":"Barato FC Barcelona 2023-2024 Conjunto de camiseta de f\u00fatbol con el nombre CHRISTENSEN 15"},"content":{"rendered":"<p>La camiseta del FC Barcelona 2023-2024 retoma el dise\u00f1o de camiseta m\u00e1s cl\u00e1sico del club, que se introdujo en 1912 y se utiliz\u00f3 m\u00e1s o menos con el mismo estilo hasta la d\u00e9cada de 1990. La camiseta del FC Barcelona 23-24 tiene tres franjas anchas en la parte delantera y es \u00fanica en el sentido de que las franjas cl\u00e1sicas de la camiseta tienen un dibujo de rombos en los bordes. Esto se inspira en el antiguo logotipo en forma de diamante del actual equipo femenino del Barcelona.Nike utiliza el blanco para el swoosh y los n\u00fameros, el logotipo de Spotify tambi\u00e9n es en blanco.<\/p>\n<p>Consejos para la impresi\u00f3n: Si el nombre y el n\u00famero que aparecen en la imagen son exactamente los que desea, no es necesario que los vuelva a introducir. En caso contrario, deber\u00e1 introducir el nombre y el n\u00famero que desee.<\/p>\n<p>Consejos de lavado: Se recomienda lavar las camisetas de f\u00fatbol a mano. Si desea utilizar la lavadora, recuerde poner las camisetas de f\u00fatbol del rev\u00e9s y luego lavarlas. Llena la lavadora con agua fr\u00eda y utiliza un ciclo delicado para proteger mejor los colores.<\/p>","protected":false},"excerpt":{"rendered":"<p>Das FC Barcelona 2023-2024 Trikot kehrt zum klassischsten Trikotdesign des Vereins zur\u00fcck, das 1912 vorgestellt und bis in die 1990er Jahre mehr oder weniger im gleichen Stil verwendet wurde. Das FC Barcelona 23-24 Trikot hat drei breite Streifen auf der Vorderseite.Einzigartig ist, dass die klassischen Streifen des Trikots an den R\u00e4ndern ein Rautenmuster haben. Dies [&hellip;]<\/p>","protected":false},"featured_media":15004,"comment_status":"open","ping_status":"closed","template":"","meta":[],"product_brand":[],"product_cat":[31],"product_tag":[703,704,20,863,864,33,574,426,24],"class_list":{"0":"post-14966","1":"product","2":"type-product","3":"status-publish","4":"has-post-thumbnail","6":"product_cat-fc-barcelona","7":"product_tag-barcelona-fussballtrikot","8":"product_tag-barcelona-trikot","9":"product_tag-coole-fussballtrikots","10":"product_tag-fc-barcelona-neue-trikots","11":"product_tag-fc-barcelona-trikot-set","12":"product_tag-fc-barcelona-trikots","13":"product_tag-fussballtrikot-deutschland","14":"product_tag-fussballtrikots-kurzarm","15":"product_tag-guenstiges-fussballtrikot","17":"first","18":"instock","19":"shipping-taxable","20":"purchasable","21":"product-type-variable"},"_links":{"self":[{"href":"https:\/\/www.billigtrikotde.com\/es\/wp-json\/wp\/v2\/product\/14966","targetHints":{"allow":["GET"]}}],"collection":[{"href":"https:\/\/www.billigtrikotde.com\/es\/wp-json\/wp\/v2\/product"}],"about":[{"href":"https:\/\/www.billigtrikotde.com\/es\/wp-json\/wp\/v2\/types\/product"}],"replies":[{"embeddable":true,"href":"https:\/\/www.billigtrikotde.com\/es\/wp-json\/wp\/v2\/comments?post=14966"}],"wp:featuredmedia":[{"embeddable":true,"href":"https:\/\/www.billigtrikotde.com\/es\/wp-json\/wp\/v2\/media\/15004"}],"wp:attachment":[{"href":"https:\/\/www.billigtrikotde.com\/es\/wp-json\/wp\/v2\/media?parent=14966"}],"wp:term":[{"taxonomy":"product_brand","embeddable":true,"href":"https:\/\/www.billigtrikotde.com\/es\/wp-json\/wp\/v2\/product_brand?post=14966"},{"taxonomy":"product_cat","embeddable":true,"href":"https:\/\/www.billigtrikotde.com\/es\/wp-json\/wp\/v2\/product_cat?post=14966"},{"taxonomy":"product_tag","embeddable":true,"href":"https:\/\/www.billigtrikotde.com\/es\/wp-json\/wp\/v2\/product_tag?post=14966"}],"curies":[{"name":"wp","href":"https:\/\/api.w.org\/{rel}","templated":true}]}}