{"id":1492,"date":"2024-10-23T13:32:41","date_gmt":"2024-10-23T11:32:41","guid":{"rendered":"http:\/\/billigtrikots.com\/?post_type=product&#038;p=1492"},"modified":"2024-10-23T13:34:44","modified_gmt":"2024-10-23T11:34:44","slug":"fc-arsenal-lacazette-9-trikotsatz-gelbe-trikots-auswaerts-2022-kurze-hosen","status":"publish","type":"product","link":"https:\/\/www.billigtrikotde.com\/es\/fc-arsenal-lacazette-9-trikotsatz-gelbe-trikots-auswaerts-2022-kurze-hosen\/","title":{"rendered":"FC Arsenal Lacazette 9# Kit Camisetas Amarillas Away 2022 + Pantalones Cortos"},"content":{"rendered":"<p>Aqu\u00ed llega la camiseta a-didas en amarillo, que te ayudar\u00e1 a apoyar a tu club favorito en cualquier situaci\u00f3n y a mostrar por qu\u00e9 late tu coraz\u00f3n. Ampl\u00eda tu colecci\u00f3n del FC Arsenal London con la camiseta visitante que llevan los jugadores de la Premier League. Su funcionalidad transpirable, c\u00f3moda y que absorbe el sudor la convierte en una prenda ganadora. Destaca visualmente con el escudo del club en el pecho. No importa lo dura que sea la sesi\u00f3n de entrenamiento o el partido, siempre ir\u00e1s bien vestido con este modelo.<\/p>\n<p>Consejos para la impresi\u00f3n: Si el nombre y el n\u00famero que aparecen en la imagen son exactamente los que desea, no es necesario que los vuelva a introducir. En caso contrario, deber\u00e1 introducir el nombre y el n\u00famero que desee.<\/p>\n<p>Consejos de lavado: Se recomienda lavar las camisetas de f\u00fatbol a mano. Si desea utilizar la lavadora, recuerde poner las camisetas de f\u00fatbol del rev\u00e9s y luego lavarlas. Llena la lavadora con agua fr\u00eda y utiliza un ciclo delicado para proteger mejor los colores.<\/p>","protected":false},"excerpt":{"rendered":"<p>Hier kommt das a-didas Trikot in Gelb, das dir hilft, deinen Lieblingsverein in jeder Lage zu supporten und zu zeigen, wof\u00fcr dein Herz schl\u00e4gt. Erweitere deine FC Arsenal London-Sammlung mit dem Ausw\u00e4rts-Trikot, das auch die Spieler in der Premier League tragen. Die atmungsaktive, bequeme und schwei\u00dfableitende Funktionsweise l\u00e4sst es \u00fcberzeugen. Es besticht optisch mit einem [&hellip;]<\/p>","protected":false},"featured_media":1531,"comment_status":"open","ping_status":"closed","template":"","meta":[],"product_brand":[],"product_cat":[55],"product_tag":[20,58,57,21,22,23,54,24],"class_list":{"0":"post-1492","1":"product","2":"type-product","3":"status-publish","4":"has-post-thumbnail","6":"product_cat-arsenal","7":"product_tag-coole-fussballtrikots","8":"product_tag-fc-arsenal-auswaertstrikot","9":"product_tag-fc-arsenal-trikots","10":"product_tag-fussballtrikot-fuer-herren","11":"product_tag-fussballtrikot-guenstig-kaufen","12":"product_tag-fussballtrikot-kurzarm","13":"product_tag-fussballtrikot-set","14":"product_tag-guenstiges-fussballtrikot","16":"first","17":"instock","18":"shipping-taxable","19":"purchasable","20":"product-type-variable"},"_links":{"self":[{"href":"https:\/\/www.billigtrikotde.com\/es\/wp-json\/wp\/v2\/product\/1492","targetHints":{"allow":["GET"]}}],"collection":[{"href":"https:\/\/www.billigtrikotde.com\/es\/wp-json\/wp\/v2\/product"}],"about":[{"href":"https:\/\/www.billigtrikotde.com\/es\/wp-json\/wp\/v2\/types\/product"}],"replies":[{"embeddable":true,"href":"https:\/\/www.billigtrikotde.com\/es\/wp-json\/wp\/v2\/comments?post=1492"}],"wp:featuredmedia":[{"embeddable":true,"href":"https:\/\/www.billigtrikotde.com\/es\/wp-json\/wp\/v2\/media\/1531"}],"wp:attachment":[{"href":"https:\/\/www.billigtrikotde.com\/es\/wp-json\/wp\/v2\/media?parent=1492"}],"wp:term":[{"taxonomy":"product_brand","embeddable":true,"href":"https:\/\/www.billigtrikotde.com\/es\/wp-json\/wp\/v2\/product_brand?post=1492"},{"taxonomy":"product_cat","embeddable":true,"href":"https:\/\/www.billigtrikotde.com\/es\/wp-json\/wp\/v2\/product_cat?post=1492"},{"taxonomy":"product_tag","embeddable":true,"href":"https:\/\/www.billigtrikotde.com\/es\/wp-json\/wp\/v2\/product_tag?post=1492"}],"curies":[{"name":"wp","href":"https:\/\/api.w.org\/{rel}","templated":true}]}}