{"id":14896,"date":"2024-10-24T07:20:21","date_gmt":"2024-10-24T05:20:21","guid":{"rendered":"http:\/\/billigtrikots.com\/?post_type=product&#038;p=14896"},"modified":"2024-10-24T07:22:36","modified_gmt":"2024-10-24T05:22:36","slug":"herren-manchester-united-2023-2024-auswaertstrikot-mit-aufdruck-martinez-6","status":"publish","type":"product","link":"https:\/\/www.billigtrikotde.com\/es\/herren-manchester-united-2023-2024-auswaertstrikot-mit-aufdruck-martinez-6\/","title":{"rendered":"Camiseta visitante Manchester United 2023-2024 de hombre con estampado MARTINEZ 6"},"content":{"rendered":"<p>Las camisetas visitante y tercera del Manchester United 2023-2024 no podr\u00edan ser m\u00e1s diferentes. Mientras que la camiseta visitante del Manchester United 2023-2024 destaca por una inesperada combinaci\u00f3n de colores verde oscuro, blanco y rojo, la tercera camiseta del Manchester United 2023-2024 es lisa, blanca y roja, y luce el diablo del club.La camiseta, predominantemente militar, tiene elegantes rayas blancas con peque\u00f1os espacios rojos entre ellas, lo que le da un toque llamativo y entallado.<\/p>\n<p>Consejos para la impresi\u00f3n: Si el nombre y el n\u00famero que aparecen en la imagen son exactamente los que desea, no es necesario que los vuelva a introducir. En caso contrario, deber\u00e1 introducir el nombre y el n\u00famero que desee.<\/p>\n<p>Consejos de lavado: Se recomienda lavar las camisetas de f\u00fatbol a mano. Si desea utilizar la lavadora, recuerde poner las camisetas de f\u00fatbol del rev\u00e9s y luego lavarlas. Llena la lavadora con agua fr\u00eda y utiliza un ciclo delicado para proteger mejor los colores.<\/p>","protected":false},"excerpt":{"rendered":"<p>Die Ausw\u00e4rts- und Dritte Trikots von Manchester United 2023-2024 k\u00f6nnten unterschiedlicher nicht sein. W\u00e4hrend das Manchester United 2023-2024 Ausw\u00e4rtstrikot mit einem unerwarteten Farbschema in Dunkelgr\u00fcn, Wei\u00df und Rot auff\u00e4llt, ist das Manchester United 2023-2024 Dritte Trikot schlicht in Wei\u00df und Rot gehalten und zeigt den Teufel des Vereins.Das \u00fcberwiegend milit\u00e4rische Trikot hat stilvolle wei\u00dfe Streifen [&hellip;]<\/p>","protected":false},"featured_media":14934,"comment_status":"open","ping_status":"closed","template":"","meta":[],"product_brand":[],"product_cat":[50],"product_tag":[20,574,21,22,23,24,862,672,673],"class_list":{"0":"post-14896","1":"product","2":"type-product","3":"status-publish","4":"has-post-thumbnail","6":"product_cat-manchester-united","7":"product_tag-coole-fussballtrikots","8":"product_tag-fussballtrikot-deutschland","9":"product_tag-fussballtrikot-fuer-herren","10":"product_tag-fussballtrikot-guenstig-kaufen","11":"product_tag-fussballtrikot-kurzarm","12":"product_tag-guenstiges-fussballtrikot","13":"product_tag-manchester-united-2023-2024-auswaertstrikot","14":"product_tag-manchester-united-fussballtrikot","15":"product_tag-manchester-united-trikot","17":"first","18":"instock","19":"shipping-taxable","20":"purchasable","21":"product-type-variable"},"_links":{"self":[{"href":"https:\/\/www.billigtrikotde.com\/es\/wp-json\/wp\/v2\/product\/14896","targetHints":{"allow":["GET"]}}],"collection":[{"href":"https:\/\/www.billigtrikotde.com\/es\/wp-json\/wp\/v2\/product"}],"about":[{"href":"https:\/\/www.billigtrikotde.com\/es\/wp-json\/wp\/v2\/types\/product"}],"replies":[{"embeddable":true,"href":"https:\/\/www.billigtrikotde.com\/es\/wp-json\/wp\/v2\/comments?post=14896"}],"wp:featuredmedia":[{"embeddable":true,"href":"https:\/\/www.billigtrikotde.com\/es\/wp-json\/wp\/v2\/media\/14934"}],"wp:attachment":[{"href":"https:\/\/www.billigtrikotde.com\/es\/wp-json\/wp\/v2\/media?parent=14896"}],"wp:term":[{"taxonomy":"product_brand","embeddable":true,"href":"https:\/\/www.billigtrikotde.com\/es\/wp-json\/wp\/v2\/product_brand?post=14896"},{"taxonomy":"product_cat","embeddable":true,"href":"https:\/\/www.billigtrikotde.com\/es\/wp-json\/wp\/v2\/product_cat?post=14896"},{"taxonomy":"product_tag","embeddable":true,"href":"https:\/\/www.billigtrikotde.com\/es\/wp-json\/wp\/v2\/product_tag?post=14896"}],"curies":[{"name":"wp","href":"https:\/\/api.w.org\/{rel}","templated":true}]}}