{"id":14864,"date":"2024-10-24T07:18:41","date_gmt":"2024-10-24T05:18:41","guid":{"rendered":"http:\/\/billigtrikots.com\/?post_type=product&#038;p=14864"},"modified":"2024-10-24T07:21:25","modified_gmt":"2024-10-24T05:21:25","slug":"kinder-bayern-muenchen-2023-2024-oktoberfest-fussballtrikot-set-personalisierbar","status":"publish","type":"product","link":"https:\/\/www.billigtrikotde.com\/es\/kinder-bayern-muenchen-2023-2024-oktoberfest-fussballtrikot-set-personalisierbar\/","title":{"rendered":"Conjunto de camiseta de f\u00fatbol para ni\u00f1os del Bayern de M\u00fanich 2023-2024 Oktoberfest Personalizable"},"content":{"rendered":"<p>La camiseta de f\u00fatbol del Bayern de M\u00fanich 2023-24 Oktoberfest combina el verde oliva con logotipos blancos. El dise\u00f1o b\u00e1sico consiste en un estampado floral que confiere a la camiseta un aspecto apacible. Tanto el cuello como los pu\u00f1os de la camiseta del Bayern 2023-24 Oktoberfest son de color verde y podr\u00e1 observar que el escudo del club no es el habitual. Es una versi\u00f3n m\u00e1s antigua y tambi\u00e9n se ver\u00e1 en la camiseta del Oktoberfest 2023-24. Las iniciales del club tambi\u00e9n est\u00e1n en el cuello, al igual que en la camiseta del Arsenal 2023-24.<\/p>\n<p>Consejos para la impresi\u00f3n: Si el nombre y el n\u00famero que aparecen en la imagen son exactamente los que desea, no es necesario que los vuelva a introducir. En caso contrario, deber\u00e1 introducir el nombre y el n\u00famero que desee.<\/p>\n<p>Consejos de lavado: Se recomienda lavar las camisetas de f\u00fatbol a mano. Si desea utilizar la lavadora, recuerde poner las camisetas de f\u00fatbol del rev\u00e9s y luego lavarlas. Llena la lavadora con agua fr\u00eda y utiliza un ciclo delicado para proteger mejor los colores.<\/p>","protected":false},"excerpt":{"rendered":"<p>Das Bayern M\u00fcnchen 2023-24 Oktoberfest Fu\u00dfballtrikot kombiniert Olivgr\u00fcn mit wei\u00dfen Logos. Das Grunddesign besteht aus einem floralen Muster, das dem Trikot einen friedlichen Look verleiht. Sowohl der Kragen als auch die \u00c4rmelb\u00fcndchen des Adidas Bayern 2023-24 Oktoberfest Trikots sind gr\u00fcn.Vielleicht f\u00e4llt dir auf, dass das Wappen des Vereins nicht das \u00fcbliche ist. Es ist eine [&hellip;]<\/p>","protected":false},"featured_media":14912,"comment_status":"open","ping_status":"closed","template":"","meta":[],"product_brand":[],"product_cat":[135],"product_tag":[861,137,514,515,138,20,574,21,23,24,94],"class_list":{"0":"post-14864","1":"product","2":"type-product","3":"status-publish","4":"has-post-thumbnail","6":"product_cat-bayern-munich-kindertrikot","7":"product_tag-bayern-muenchen-2023-trikots","8":"product_tag-bayern-muenchen-trikots","9":"product_tag-bayern-munich-fussballtrikots-kinder","10":"product_tag-bayern-munich-trikot-fuer-kinder","11":"product_tag-bayern-munich-trikotsatz-fuer-kinder","12":"product_tag-coole-fussballtrikots","13":"product_tag-fussballtrikot-deutschland","14":"product_tag-fussballtrikot-fuer-herren","15":"product_tag-fussballtrikot-kurzarm","16":"product_tag-guenstiges-fussballtrikot","17":"product_tag-kinder-fussball-trikotsatz","19":"first","20":"instock","21":"shipping-taxable","22":"purchasable","23":"product-type-variable"},"_links":{"self":[{"href":"https:\/\/www.billigtrikotde.com\/es\/wp-json\/wp\/v2\/product\/14864","targetHints":{"allow":["GET"]}}],"collection":[{"href":"https:\/\/www.billigtrikotde.com\/es\/wp-json\/wp\/v2\/product"}],"about":[{"href":"https:\/\/www.billigtrikotde.com\/es\/wp-json\/wp\/v2\/types\/product"}],"replies":[{"embeddable":true,"href":"https:\/\/www.billigtrikotde.com\/es\/wp-json\/wp\/v2\/comments?post=14864"}],"wp:featuredmedia":[{"embeddable":true,"href":"https:\/\/www.billigtrikotde.com\/es\/wp-json\/wp\/v2\/media\/14912"}],"wp:attachment":[{"href":"https:\/\/www.billigtrikotde.com\/es\/wp-json\/wp\/v2\/media?parent=14864"}],"wp:term":[{"taxonomy":"product_brand","embeddable":true,"href":"https:\/\/www.billigtrikotde.com\/es\/wp-json\/wp\/v2\/product_brand?post=14864"},{"taxonomy":"product_cat","embeddable":true,"href":"https:\/\/www.billigtrikotde.com\/es\/wp-json\/wp\/v2\/product_cat?post=14864"},{"taxonomy":"product_tag","embeddable":true,"href":"https:\/\/www.billigtrikotde.com\/es\/wp-json\/wp\/v2\/product_tag?post=14864"}],"curies":[{"name":"wp","href":"https:\/\/api.w.org\/{rel}","templated":true}]}}