{"id":14511,"date":"2024-10-24T06:59:45","date_gmt":"2024-10-24T04:59:45","guid":{"rendered":"http:\/\/billigtrikots.com\/?post_type=product&#038;p=14511"},"modified":"2024-10-24T07:01:54","modified_gmt":"2024-10-24T05:01:54","slug":"billige-fussballtrikots-atletico-madrid-auswaertstrikot-2023-2024-kurzarm-axel-witsel-20","status":"publish","type":"product","link":"https:\/\/www.billigtrikotde.com\/es\/billige-fussballtrikots-atletico-madrid-auswaertstrikot-2023-2024-kurzarm-axel-witsel-20\/","title":{"rendered":"Camisetas F\u00fatbol Baratas Camisa Atletico Madrid Away 2023-2024 Manga Corta Axel Witsel 20"},"content":{"rendered":"<p>La camiseta visitante del Atl\u00e9tico de Madrid 2023-2024 rinde homenaje a la primera camiseta de f\u00fatbol del club, que ten\u00eda un dise\u00f1o mitad y mitad. Combinando azul real a la derecha y blanco a la izquierda con mangas ragl\u00e1n azules, la camiseta del Atl\u00e9tico Madrid 2023-24 utiliza el primer logotipo del club en lugar del actual escudo del Atl\u00e9tico. Es muy diferente del escudo actual y de todos los logotipos posteriores del Atleti.<\/p>\n<p>Consejos para la impresi\u00f3n: Si el nombre y el n\u00famero que aparecen en la imagen son exactamente los que desea, no es necesario que los vuelva a introducir. En caso contrario, deber\u00e1 introducir el nombre y el n\u00famero que desee.<\/p>\n<p>Consejos de lavado: Se recomienda lavar las camisetas de f\u00fatbol a mano. Si desea utilizar la lavadora, recuerde poner las camisetas de f\u00fatbol del rev\u00e9s y luego lavarlas. Llena la lavadora con agua fr\u00eda y utiliza un ciclo delicado para proteger mejor los colores.<\/p>","protected":false},"excerpt":{"rendered":"<p>La camiseta visitante del Atl\u00e9tico de Madrid 2023-2024 rinde homenaje a la primera camiseta de f\u00fatbol del club, que ten\u00eda un dise\u00f1o mitad y mitad. Combinando azul real a la derecha y blanco a la izquierda con mangas ragl\u00e1n azules, la camiseta del Atl\u00e9tico Madrid 2023-24 utiliza el primer logotipo del club en lugar del actual escudo del Atl\u00e9tico. Es muy diferente del escudo actual y de todos los logotipos posteriores del Atleti.<\/p>","protected":false},"featured_media":14549,"comment_status":"open","ping_status":"closed","template":"","meta":[],"product_brand":[],"product_cat":[88],"product_tag":[487,488,90,719,720,721,807,20,21,22,23,24],"class_list":{"0":"post-14511","1":"product","2":"type-product","3":"status-publish","4":"has-post-thumbnail","6":"product_cat-atletico-madrid","7":"product_tag-atletico-madrid-fussballtrikot","8":"product_tag-atletico-madrid-trikot","9":"product_tag-atletico-madrid-trikots","10":"product_tag-axel-witsel-babykleidung","11":"product_tag-axel-witsel-fussballtrikot","12":"product_tag-axel-witsel-kleidung-kinder","13":"product_tag-axel-witsel-trikot-fuer-kinder","14":"product_tag-coole-fussballtrikots","15":"product_tag-fussballtrikot-fuer-herren","16":"product_tag-fussballtrikot-guenstig-kaufen","17":"product_tag-fussballtrikot-kurzarm","18":"product_tag-guenstiges-fussballtrikot","20":"first","21":"instock","22":"shipping-taxable","23":"purchasable","24":"product-type-variable"},"_links":{"self":[{"href":"https:\/\/www.billigtrikotde.com\/es\/wp-json\/wp\/v2\/product\/14511","targetHints":{"allow":["GET"]}}],"collection":[{"href":"https:\/\/www.billigtrikotde.com\/es\/wp-json\/wp\/v2\/product"}],"about":[{"href":"https:\/\/www.billigtrikotde.com\/es\/wp-json\/wp\/v2\/types\/product"}],"replies":[{"embeddable":true,"href":"https:\/\/www.billigtrikotde.com\/es\/wp-json\/wp\/v2\/comments?post=14511"}],"wp:featuredmedia":[{"embeddable":true,"href":"https:\/\/www.billigtrikotde.com\/es\/wp-json\/wp\/v2\/media\/14549"}],"wp:attachment":[{"href":"https:\/\/www.billigtrikotde.com\/es\/wp-json\/wp\/v2\/media?parent=14511"}],"wp:term":[{"taxonomy":"product_brand","embeddable":true,"href":"https:\/\/www.billigtrikotde.com\/es\/wp-json\/wp\/v2\/product_brand?post=14511"},{"taxonomy":"product_cat","embeddable":true,"href":"https:\/\/www.billigtrikotde.com\/es\/wp-json\/wp\/v2\/product_cat?post=14511"},{"taxonomy":"product_tag","embeddable":true,"href":"https:\/\/www.billigtrikotde.com\/es\/wp-json\/wp\/v2\/product_tag?post=14511"}],"curies":[{"name":"wp","href":"https:\/\/api.w.org\/{rel}","templated":true}]}}