{"id":1451,"date":"2024-10-23T13:31:00","date_gmt":"2024-10-23T11:31:00","guid":{"rendered":"http:\/\/billigtrikots.com\/?post_type=product&#038;p=1451"},"modified":"2024-10-23T13:32:32","modified_gmt":"2024-10-23T11:32:32","slug":"fc-arsenal-herren-2022-heim-trikot-rot-weiss-mit-aufdruck-iwobi-17","status":"publish","type":"product","link":"https:\/\/www.billigtrikotde.com\/es\/fc-arsenal-herren-2022-heim-trikot-rot-weiss-mit-aufdruck-iwobi-17\/","title":{"rendered":"FC Arsenal Hombres 2022 Home Jersey rojo\/blanco con estampado IWOBI 17"},"content":{"rendered":"<p>Las inserciones blancas y los detalles en azul marino recuerdan una \u00e9poca en la que el Arsenal, con su fuerza, pudo establecer un gran r\u00e9cord. La camiseta de f\u00fatbol de adidas fue dise\u00f1ada para ofrecer la m\u00e1xima comodidad a los seguidores del club. Est\u00e1 hecha de tela suave y cuenta con la tecnolog\u00eda de absorci\u00f3n de sudor AEROREADY. El famoso escudo en el pecho muestra a qui\u00e9n apoyas.<\/p>\n<p>Consejos para la impresi\u00f3n: Si el nombre y el n\u00famero que aparecen en la imagen son exactamente los que desea, no es necesario que los vuelva a introducir. En caso contrario, deber\u00e1 introducir el nombre y el n\u00famero que desee.<\/p>\n<p>Consejos de lavado: Se recomienda lavar las camisetas de f\u00fatbol a mano. Si desea utilizar la lavadora, recuerde poner las camisetas de f\u00fatbol del rev\u00e9s y luego lavarlas. Llena la lavadora con agua fr\u00eda y utiliza un ciclo delicado para proteger mejor los colores.<\/p>","protected":false},"excerpt":{"rendered":"<p>Las inserciones blancas y los detalles en azul marino recuerdan una \u00e9poca en la que el Arsenal, con su fuerza, pudo establecer un gran r\u00e9cord. La camiseta de f\u00fatbol de adidas fue dise\u00f1ada para ofrecer la m\u00e1xima comodidad a los seguidores del club. Est\u00e1 hecha de tela suave y cuenta con la tecnolog\u00eda de absorci\u00f3n de sudor AEROREADY. El famoso escudo en el pecho muestra a qui\u00e9n apoyas.<\/p>","protected":false},"featured_media":1483,"comment_status":"open","ping_status":"closed","template":"","meta":[],"product_brand":[],"product_cat":[55],"product_tag":[20,56,57,21,22,23,24],"class_list":{"0":"post-1451","1":"product","2":"type-product","3":"status-publish","4":"has-post-thumbnail","6":"product_cat-arsenal","7":"product_tag-coole-fussballtrikots","8":"product_tag-fc-arsenal-heimtrikot","9":"product_tag-fc-arsenal-trikots","10":"product_tag-fussballtrikot-fuer-herren","11":"product_tag-fussballtrikot-guenstig-kaufen","12":"product_tag-fussballtrikot-kurzarm","13":"product_tag-guenstiges-fussballtrikot","15":"first","16":"instock","17":"shipping-taxable","18":"purchasable","19":"product-type-variable"},"_links":{"self":[{"href":"https:\/\/www.billigtrikotde.com\/es\/wp-json\/wp\/v2\/product\/1451","targetHints":{"allow":["GET"]}}],"collection":[{"href":"https:\/\/www.billigtrikotde.com\/es\/wp-json\/wp\/v2\/product"}],"about":[{"href":"https:\/\/www.billigtrikotde.com\/es\/wp-json\/wp\/v2\/types\/product"}],"replies":[{"embeddable":true,"href":"https:\/\/www.billigtrikotde.com\/es\/wp-json\/wp\/v2\/comments?post=1451"}],"wp:featuredmedia":[{"embeddable":true,"href":"https:\/\/www.billigtrikotde.com\/es\/wp-json\/wp\/v2\/media\/1483"}],"wp:attachment":[{"href":"https:\/\/www.billigtrikotde.com\/es\/wp-json\/wp\/v2\/media?parent=1451"}],"wp:term":[{"taxonomy":"product_brand","embeddable":true,"href":"https:\/\/www.billigtrikotde.com\/es\/wp-json\/wp\/v2\/product_brand?post=1451"},{"taxonomy":"product_cat","embeddable":true,"href":"https:\/\/www.billigtrikotde.com\/es\/wp-json\/wp\/v2\/product_cat?post=1451"},{"taxonomy":"product_tag","embeddable":true,"href":"https:\/\/www.billigtrikotde.com\/es\/wp-json\/wp\/v2\/product_tag?post=1451"}],"curies":[{"name":"wp","href":"https:\/\/api.w.org\/{rel}","templated":true}]}}