{"id":14385,"date":"2024-10-24T06:52:49","date_gmt":"2024-10-24T04:52:49","guid":{"rendered":"http:\/\/billigtrikots.com\/?post_type=product&#038;p=14385"},"modified":"2024-10-24T06:55:32","modified_gmt":"2024-10-24T04:55:32","slug":"blauen-weisse-heimtrikots-real-sociedad-2023-2024-trikot-herren-kurzarm-kurze-hosen","status":"publish","type":"product","link":"https:\/\/www.billigtrikotde.com\/es\/blauen-weisse-heimtrikots-real-sociedad-2023-2024-trikot-herren-kurzarm-kurze-hosen\/","title":{"rendered":"Camisetas Home Azul Blanca Real Sociedad 2023-2024 Jersey Hombre Manga Corta + Shorts"},"content":{"rendered":"<p>La camiseta Macron Real Sociedad 2023-2024 representa una nueva versi\u00f3n de las tradicionales rayas azul y blancas del club. Las rayas azules se colocaron de forma \u00fanica y fueron dise\u00f1adas por el escultor I\u00f1igo Manterola. Las rayas son tridimensionales y presentan diferentes tonalidades que recuerdan a una escultura.<\/p>\n<p>El cuello de la camiseta de casa 2023-24 de Macron La Real es de estilo polo con un escote en V cruzado y las mangas est\u00e1n con dos tiras marinas. En el interior de la camiseta de casa 2023-24 de Macron Real Sociedad se ve junto al logotipo de Macron el lema \u201cWe are Real\u201d. En la espalda de la camiseta de casa 2023-2024 de Macron Real Sociedad se muestra la bandera vasca por debajo del cuello.<\/p>\n<p>Consejos para la impresi\u00f3n: Si el nombre y el n\u00famero que aparecen en la imagen son exactamente los que desea, no es necesario que los vuelva a introducir. En caso contrario, deber\u00e1 introducir el nombre y el n\u00famero que desee.<\/p>\n<p>Consejos de lavado: Se recomienda lavar las camisetas de f\u00fatbol a mano. Si desea utilizar la lavadora, recuerde poner las camisetas de f\u00fatbol del rev\u00e9s y luego lavarlas. Llena la lavadora con agua fr\u00eda y utiliza un ciclo delicado para proteger mejor los colores.<\/p>","protected":false},"excerpt":{"rendered":"<p>Das Macron Real Sociedad 2023-2024 Trikot stellt eine neue Version der traditionellen blau-wei\u00dfen Streifen des Vereins dar.Die blauen Streifen wurden auf einzigartige Weise angebracht und von dem Bildhauer I\u00f1igo Manterola entworfen. Die Streifen sind dreidimensional und kommen in verschiedenen Schattierungen daher, die an eine Skulptur erinnern. Der Kragen des Macron La Real 2023-24 Heimtrikots ist [&hellip;]<\/p>","protected":false},"featured_media":14430,"comment_status":"open","ping_status":"closed","template":"","meta":[],"product_brand":[],"product_cat":[15],"product_tag":[574,21,23,228,24,799,800],"class_list":{"0":"post-14385","1":"product","2":"type-product","3":"status-publish","4":"has-post-thumbnail","6":"product_cat-unkategorisiert","7":"product_tag-fussballtrikot-deutschland","8":"product_tag-fussballtrikot-fuer-herren","9":"product_tag-fussballtrikot-kurzarm","10":"product_tag-guenstige-fussballtrikot","11":"product_tag-guenstiges-fussballtrikot","12":"product_tag-real-sociedad-2023-2024-trikot","13":"product_tag-real-sociedad-23-24-trikot","15":"first","16":"instock","17":"shipping-taxable","18":"purchasable","19":"product-type-variable"},"_links":{"self":[{"href":"https:\/\/www.billigtrikotde.com\/es\/wp-json\/wp\/v2\/product\/14385","targetHints":{"allow":["GET"]}}],"collection":[{"href":"https:\/\/www.billigtrikotde.com\/es\/wp-json\/wp\/v2\/product"}],"about":[{"href":"https:\/\/www.billigtrikotde.com\/es\/wp-json\/wp\/v2\/types\/product"}],"replies":[{"embeddable":true,"href":"https:\/\/www.billigtrikotde.com\/es\/wp-json\/wp\/v2\/comments?post=14385"}],"wp:featuredmedia":[{"embeddable":true,"href":"https:\/\/www.billigtrikotde.com\/es\/wp-json\/wp\/v2\/media\/14430"}],"wp:attachment":[{"href":"https:\/\/www.billigtrikotde.com\/es\/wp-json\/wp\/v2\/media?parent=14385"}],"wp:term":[{"taxonomy":"product_brand","embeddable":true,"href":"https:\/\/www.billigtrikotde.com\/es\/wp-json\/wp\/v2\/product_brand?post=14385"},{"taxonomy":"product_cat","embeddable":true,"href":"https:\/\/www.billigtrikotde.com\/es\/wp-json\/wp\/v2\/product_cat?post=14385"},{"taxonomy":"product_tag","embeddable":true,"href":"https:\/\/www.billigtrikotde.com\/es\/wp-json\/wp\/v2\/product_tag?post=14385"}],"curies":[{"name":"wp","href":"https:\/\/api.w.org\/{rel}","templated":true}]}}