{"id":14383,"date":"2024-10-24T06:52:48","date_gmt":"2024-10-24T04:52:48","guid":{"rendered":"http:\/\/billigtrikots.com\/?post_type=product&#038;p=14383"},"modified":"2024-10-24T06:55:31","modified_gmt":"2024-10-24T04:55:31","slug":"herren-heimtrikot-boca-juniors-23-24-trikot-anpassbare-name-und-nummer","status":"publish","type":"product","link":"https:\/\/www.billigtrikotde.com\/es\/herren-heimtrikot-boca-juniors-23-24-trikot-anpassbare-name-und-nummer\/","title":{"rendered":"Camiseta de local de hombre Boca Juniors 23-24 Camiseta personalizable con nombre y n\u00famero"},"content":{"rendered":"<p>La camiseta del CA Boca Juniors 23-24 tiene un sutil estampado junto a la cl\u00e1sica banda azul en el pecho, algo muy poco habitual en el club.Boca Juniors ha firmado recientemente un acuerdo con Betsson - queda por ver si la camiseta 23-24 se vender\u00e1 sin patrocinador, pero suponemos que los minoristas independientes fuera de Argentina la tendr\u00e1n sin patrocinador principal.<br \/>\nEn cuanto al template, la camiseta de Boca Juniors 23-24 est\u00e1 basada en uno de los modelos del Mundial 2022 y viene con inserciones amarillas debajo de los brazos y a lo largo de los costados y el dobladillo trasero. Las 3 franjas que se sit\u00faan en los hombros de la camiseta de Boca Juniors 2023-24 tambi\u00e9n son amarillas.<\/p>\n<p>Consejos para la impresi\u00f3n: Si el nombre y el n\u00famero que aparecen en la imagen son exactamente los que desea, no es necesario que los vuelva a introducir. En caso contrario, deber\u00e1 introducir el nombre y el n\u00famero que desee.<\/p>\n<p>Consejos de lavado: Se recomienda lavar las camisetas de f\u00fatbol a mano. Si desea utilizar la lavadora, recuerde poner las camisetas de f\u00fatbol del rev\u00e9s y luego lavarlas. Llena la lavadora con agua fr\u00eda y utiliza un ciclo delicado para proteger mejor los colores.<\/p>","protected":false},"excerpt":{"rendered":"<p>La camiseta del CA Boca Juniors 23-24 tiene un sutil estampado junto a la cl\u00e1sica banda azul en el pecho, algo muy poco habitual en el club.Boca Juniors ha firmado recientemente un acuerdo con Betsson - queda por ver si la camiseta 23-24 se vender\u00e1 sin patrocinador, pero suponemos que los minoristas independientes fuera de Argentina la tendr\u00e1n sin patrocinador principal.<\/p>","protected":false},"featured_media":14422,"comment_status":"open","ping_status":"closed","template":"","meta":[],"product_brand":[],"product_cat":[15],"product_tag":[797,798,574,21,23,228,24],"class_list":{"0":"post-14383","1":"product","2":"type-product","3":"status-publish","4":"has-post-thumbnail","6":"product_cat-unkategorisiert","7":"product_tag-boca-juniors-23-24-trikot","8":"product_tag-boca-juniors-trikot","9":"product_tag-fussballtrikot-deutschland","10":"product_tag-fussballtrikot-fuer-herren","11":"product_tag-fussballtrikot-kurzarm","12":"product_tag-guenstige-fussballtrikot","13":"product_tag-guenstiges-fussballtrikot","15":"first","16":"instock","17":"shipping-taxable","18":"purchasable","19":"product-type-variable"},"_links":{"self":[{"href":"https:\/\/www.billigtrikotde.com\/es\/wp-json\/wp\/v2\/product\/14383","targetHints":{"allow":["GET"]}}],"collection":[{"href":"https:\/\/www.billigtrikotde.com\/es\/wp-json\/wp\/v2\/product"}],"about":[{"href":"https:\/\/www.billigtrikotde.com\/es\/wp-json\/wp\/v2\/types\/product"}],"replies":[{"embeddable":true,"href":"https:\/\/www.billigtrikotde.com\/es\/wp-json\/wp\/v2\/comments?post=14383"}],"wp:featuredmedia":[{"embeddable":true,"href":"https:\/\/www.billigtrikotde.com\/es\/wp-json\/wp\/v2\/media\/14422"}],"wp:attachment":[{"href":"https:\/\/www.billigtrikotde.com\/es\/wp-json\/wp\/v2\/media?parent=14383"}],"wp:term":[{"taxonomy":"product_brand","embeddable":true,"href":"https:\/\/www.billigtrikotde.com\/es\/wp-json\/wp\/v2\/product_brand?post=14383"},{"taxonomy":"product_cat","embeddable":true,"href":"https:\/\/www.billigtrikotde.com\/es\/wp-json\/wp\/v2\/product_cat?post=14383"},{"taxonomy":"product_tag","embeddable":true,"href":"https:\/\/www.billigtrikotde.com\/es\/wp-json\/wp\/v2\/product_tag?post=14383"}],"curies":[{"name":"wp","href":"https:\/\/api.w.org\/{rel}","templated":true}]}}