{"id":14287,"date":"2024-10-24T06:47:34","date_gmt":"2024-10-24T04:47:34","guid":{"rendered":"http:\/\/billigtrikots.com\/?post_type=product&#038;p=14287"},"modified":"2024-10-24T06:50:19","modified_gmt":"2024-10-24T04:50:19","slug":"herren-heimtrikot-al-nassr-23-24-trikot-gelb-kurzarm-blaue-kurze-hosen","status":"publish","type":"product","link":"https:\/\/www.billigtrikotde.com\/es\/herren-heimtrikot-al-nassr-23-24-trikot-gelb-kurzarm-blaue-kurze-hosen\/","title":{"rendered":"Camiseta hombre Al-Nassr 23-24 Jersey Amarillo Manga Corta + Pantal\u00f3n Corto Azul"},"content":{"rendered":"<p>La camiseta Al-Nassr 2023-24 se basa en la plantilla Park VII y tiene el cl\u00e1sico amarillo del club. En la parte delantera corren tres l\u00edneas azules verticales, que en un lado atraviesan el escudo del club y el Swoosh de Nike. La franja central es un poco m\u00e1s delgada que las exteriores, que llevan cada una un motivo.<\/p>\n<p>Consejos para la impresi\u00f3n: Si el nombre y el n\u00famero que aparecen en la imagen son exactamente los que desea, no es necesario que los vuelva a introducir. En caso contrario, deber\u00e1 introducir el nombre y el n\u00famero que desee.<\/p>\n<p>Consejos de lavado: Se recomienda lavar las camisetas de f\u00fatbol a mano. Si desea utilizar la lavadora, recuerde poner las camisetas de f\u00fatbol del rev\u00e9s y luego lavarlas. Llena la lavadora con agua fr\u00eda y utiliza un ciclo delicado para proteger mejor los colores.<\/p>","protected":false},"excerpt":{"rendered":"<p>La camiseta Al-Nassr 2023-24 se basa en la plantilla Park VII y tiene el cl\u00e1sico amarillo del club. En la parte delantera corren tres l\u00edneas azules verticales, que en un lado atraviesan el escudo del club y el Swoosh de Nike. La franja central es un poco m\u00e1s delgada que las exteriores, que llevan cada una un motivo.<\/p>","protected":false},"featured_media":14326,"comment_status":"open","ping_status":"closed","template":"","meta":[],"product_brand":[],"product_cat":[433],"product_tag":[777,636,637,461,20,574,21,22,23,24],"class_list":{"0":"post-14287","1":"product","2":"type-product","3":"status-publish","4":"has-post-thumbnail","6":"product_cat-al-nassr-fc","7":"product_tag-al-nassr-23-24-trikot","8":"product_tag-al-nassr-fussballtrikot","9":"product_tag-al-nassr-trikot","10":"product_tag-al-nassr-trikots","11":"product_tag-coole-fussballtrikots","12":"product_tag-fussballtrikot-deutschland","13":"product_tag-fussballtrikot-fuer-herren","14":"product_tag-fussballtrikot-guenstig-kaufen","15":"product_tag-fussballtrikot-kurzarm","16":"product_tag-guenstiges-fussballtrikot","18":"first","19":"instock","20":"shipping-taxable","21":"purchasable","22":"product-type-variable"},"_links":{"self":[{"href":"https:\/\/www.billigtrikotde.com\/es\/wp-json\/wp\/v2\/product\/14287","targetHints":{"allow":["GET"]}}],"collection":[{"href":"https:\/\/www.billigtrikotde.com\/es\/wp-json\/wp\/v2\/product"}],"about":[{"href":"https:\/\/www.billigtrikotde.com\/es\/wp-json\/wp\/v2\/types\/product"}],"replies":[{"embeddable":true,"href":"https:\/\/www.billigtrikotde.com\/es\/wp-json\/wp\/v2\/comments?post=14287"}],"wp:featuredmedia":[{"embeddable":true,"href":"https:\/\/www.billigtrikotde.com\/es\/wp-json\/wp\/v2\/media\/14326"}],"wp:attachment":[{"href":"https:\/\/www.billigtrikotde.com\/es\/wp-json\/wp\/v2\/media?parent=14287"}],"wp:term":[{"taxonomy":"product_brand","embeddable":true,"href":"https:\/\/www.billigtrikotde.com\/es\/wp-json\/wp\/v2\/product_brand?post=14287"},{"taxonomy":"product_cat","embeddable":true,"href":"https:\/\/www.billigtrikotde.com\/es\/wp-json\/wp\/v2\/product_cat?post=14287"},{"taxonomy":"product_tag","embeddable":true,"href":"https:\/\/www.billigtrikotde.com\/es\/wp-json\/wp\/v2\/product_tag?post=14287"}],"curies":[{"name":"wp","href":"https:\/\/api.w.org\/{rel}","templated":true}]}}