{"id":14281,"date":"2024-10-24T06:47:29","date_gmt":"2024-10-24T04:47:29","guid":{"rendered":"http:\/\/billigtrikots.com\/?post_type=product&#038;p=14281"},"modified":"2024-10-24T06:49:46","modified_gmt":"2024-10-24T04:49:46","slug":"herren-wolverhampton-wanderers-2023-2024-heimtrikots-guenstige-fussball-trikotsatz","status":"publish","type":"product","link":"https:\/\/www.billigtrikotde.com\/es\/herren-wolverhampton-wanderers-2023-2024-heimtrikots-guenstige-fussball-trikotsatz\/","title":{"rendered":"Hombres Wolverhampton Wanderers 2023-2024 Inicio Camisetas Baratas Camisetas de F\u00fatbol"},"content":{"rendered":"<p>La nueva camiseta de Wolverhampton Wanderers destaca por un dise\u00f1o sofisticado con acentos en negro y blanco y finas rayas. Tanto el cuello como los pu\u00f1os de la camiseta de casa Wolves 23-24 tienen una franja en negro-blanco-negro.<\/p>\n<p>Consejos para la impresi\u00f3n: Si el nombre y el n\u00famero que aparecen en la imagen son exactamente los que desea, no es necesario que los vuelva a introducir. En caso contrario, deber\u00e1 introducir el nombre y el n\u00famero que desee.<\/p>\n<p>Consejos de lavado: Se recomienda lavar las camisetas de f\u00fatbol a mano. Si desea utilizar la lavadora, recuerde poner las camisetas de f\u00fatbol del rev\u00e9s y luego lavarlas. Llena la lavadora con agua fr\u00eda y utiliza un ciclo delicado para proteger mejor los colores.<\/p>","protected":false},"excerpt":{"rendered":"<p>Das neue Trikot der Wolverhampton Wanderers besticht durch ein raffiniertes Design mit schwarzen und wei\u00dfen Akzenten und dezenten Nadelstreifen.Sowohl der Kragen als auch die \u00c4rmelb\u00fcndchen des Wolves 23-24 Heimtrikots haben einen schwarz-wei\u00df-schwarzen Streifen. Tipps zum Drucken: Wenn der Name und die Nummer auf dem Bild genau Ihren W\u00fcnschen entsprechen, m\u00fcssen Sie sie nicht erneut eingeben. [&hellip;]<\/p>","protected":false},"featured_media":14315,"comment_status":"open","ping_status":"closed","template":"","meta":[],"product_brand":[],"product_cat":[69],"product_tag":[20,574,21,22,23,24,71,775],"class_list":{"0":"post-14281","1":"product","2":"type-product","3":"status-publish","4":"has-post-thumbnail","6":"product_cat-wolverhampton-wanderers","7":"product_tag-coole-fussballtrikots","8":"product_tag-fussballtrikot-deutschland","9":"product_tag-fussballtrikot-fuer-herren","10":"product_tag-fussballtrikot-guenstig-kaufen","11":"product_tag-fussballtrikot-kurzarm","12":"product_tag-guenstiges-fussballtrikot","13":"product_tag-wolverhampton-wanderers-trikots","14":"product_tag-wolves-23-24-heimtrikots","16":"first","17":"instock","18":"shipping-taxable","19":"purchasable","20":"product-type-variable"},"_links":{"self":[{"href":"https:\/\/www.billigtrikotde.com\/es\/wp-json\/wp\/v2\/product\/14281","targetHints":{"allow":["GET"]}}],"collection":[{"href":"https:\/\/www.billigtrikotde.com\/es\/wp-json\/wp\/v2\/product"}],"about":[{"href":"https:\/\/www.billigtrikotde.com\/es\/wp-json\/wp\/v2\/types\/product"}],"replies":[{"embeddable":true,"href":"https:\/\/www.billigtrikotde.com\/es\/wp-json\/wp\/v2\/comments?post=14281"}],"wp:featuredmedia":[{"embeddable":true,"href":"https:\/\/www.billigtrikotde.com\/es\/wp-json\/wp\/v2\/media\/14315"}],"wp:attachment":[{"href":"https:\/\/www.billigtrikotde.com\/es\/wp-json\/wp\/v2\/media?parent=14281"}],"wp:term":[{"taxonomy":"product_brand","embeddable":true,"href":"https:\/\/www.billigtrikotde.com\/es\/wp-json\/wp\/v2\/product_brand?post=14281"},{"taxonomy":"product_cat","embeddable":true,"href":"https:\/\/www.billigtrikotde.com\/es\/wp-json\/wp\/v2\/product_cat?post=14281"},{"taxonomy":"product_tag","embeddable":true,"href":"https:\/\/www.billigtrikotde.com\/es\/wp-json\/wp\/v2\/product_tag?post=14281"}],"curies":[{"name":"wp","href":"https:\/\/api.w.org\/{rel}","templated":true}]}}