{"id":14064,"date":"2024-10-24T06:36:29","date_gmt":"2024-10-24T04:36:29","guid":{"rendered":"http:\/\/billigtrikots.com\/?post_type=product&#038;p=14064"},"modified":"2024-10-24T06:39:09","modified_gmt":"2024-10-24T04:39:09","slug":"guenstig-fussballtrikot-liverpool-auswaertstrikot-2023-24-kurzarm-herren-virgil-van-dijk-4","status":"publish","type":"product","link":"https:\/\/www.billigtrikotde.com\/es\/guenstig-fussballtrikot-liverpool-auswaertstrikot-2023-24-kurzarm-herren-virgil-van-dijk-4\/","title":{"rendered":"Camisetas de f\u00fatbol baratas Liverpool Away Shirt 2023-24 Hombres de manga corta Virgil van Dijk 4"},"content":{"rendered":"<p>La camiseta visitante del Liverpool Football Club 2023-24 combina los colores blanco y verde con logotipos en negro. Los colores oficiales son \"White \/ Green Spark \/ Black\".<\/p>\n<p>Lo que hace \u00fanica a la camiseta visitante del Liverpool 23-24 es su dise\u00f1o. La camiseta Nike Liverpool 23-24 away tiene un estampado estilo a\u00f1os 90 en blanco y varios tonos de verde.<\/p>\n<p>Consejos para la impresi\u00f3n: Si el nombre y el n\u00famero que aparecen en la imagen son exactamente los que desea, no es necesario que los vuelva a introducir. En caso contrario, deber\u00e1 introducir el nombre y el n\u00famero que desee.<\/p>\n<p>Consejos de lavado: Se recomienda lavar las camisetas de f\u00fatbol a mano. Si desea utilizar la lavadora, recuerde poner las camisetas de f\u00fatbol del rev\u00e9s y luego lavarlas. Llena la lavadora con agua fr\u00eda y utiliza un ciclo delicado para proteger mejor los colores.<\/p>","protected":false},"excerpt":{"rendered":"<p>El camiseta visitante 2023-24 del Liverpool Football Club de Nike combina blanco y verde con logotipos negros. Oficialmente los colores son \u201cBlanco \/ Destello verde \/ Negro\u201d.Lo que hace \u00fanico al camiseta visitante 23-24 de Liverpool es su dise\u00f1o. La camiseta visitante 23-24 de Nike Liverpool tiene un patr\u00f3n similar a los a\u00f1os 90 en blanco y diferentes tonos de verde. Consejos de impresi\u00f3n: Cuando el nombre y las [\u2026]<\/p>","protected":false},"featured_media":14114,"comment_status":"open","ping_status":"closed","template":"","meta":[],"product_brand":[],"product_cat":[176],"product_tag":[22,479,601,602,735,736,608,737,738],"class_list":{"0":"post-14064","1":"product","2":"type-product","3":"status-publish","4":"has-post-thumbnail","6":"product_cat-liverpool-fc","7":"product_tag-fussballtrikot-guenstig-kaufen","8":"product_tag-fussballtrikots-kaufen","9":"product_tag-liverpool-fussballtrikot","10":"product_tag-liverpool-trikot","11":"product_tag-trikots-2023-24","12":"product_tag-virgil-van-dijk-babykleidung","13":"product_tag-virgil-van-dijk-fussballtrikot","14":"product_tag-virgil-van-dijk-kleidung-kinder","15":"product_tag-virgil-van-dijk-trikot-fuer-kinder","17":"first","18":"instock","19":"shipping-taxable","20":"purchasable","21":"product-type-variable"},"_links":{"self":[{"href":"https:\/\/www.billigtrikotde.com\/es\/wp-json\/wp\/v2\/product\/14064","targetHints":{"allow":["GET"]}}],"collection":[{"href":"https:\/\/www.billigtrikotde.com\/es\/wp-json\/wp\/v2\/product"}],"about":[{"href":"https:\/\/www.billigtrikotde.com\/es\/wp-json\/wp\/v2\/types\/product"}],"replies":[{"embeddable":true,"href":"https:\/\/www.billigtrikotde.com\/es\/wp-json\/wp\/v2\/comments?post=14064"}],"wp:featuredmedia":[{"embeddable":true,"href":"https:\/\/www.billigtrikotde.com\/es\/wp-json\/wp\/v2\/media\/14114"}],"wp:attachment":[{"href":"https:\/\/www.billigtrikotde.com\/es\/wp-json\/wp\/v2\/media?parent=14064"}],"wp:term":[{"taxonomy":"product_brand","embeddable":true,"href":"https:\/\/www.billigtrikotde.com\/es\/wp-json\/wp\/v2\/product_brand?post=14064"},{"taxonomy":"product_cat","embeddable":true,"href":"https:\/\/www.billigtrikotde.com\/es\/wp-json\/wp\/v2\/product_cat?post=14064"},{"taxonomy":"product_tag","embeddable":true,"href":"https:\/\/www.billigtrikotde.com\/es\/wp-json\/wp\/v2\/product_tag?post=14064"}],"curies":[{"name":"wp","href":"https:\/\/api.w.org\/{rel}","templated":true}]}}