{"id":14030,"date":"2024-10-24T06:34:46","date_gmt":"2024-10-24T04:34:46","guid":{"rendered":"http:\/\/billigtrikots.com\/?post_type=product&#038;p=14030"},"modified":"2024-10-24T06:37:30","modified_gmt":"2024-10-24T04:37:30","slug":"herren-fussballtrikots-atletico-madrid-heimtrikot-2023-24-kurzarm-alvaro-morata-19","status":"publish","type":"product","link":"https:\/\/www.billigtrikotde.com\/es\/herren-fussballtrikots-atletico-madrid-heimtrikot-2023-24-kurzarm-alvaro-morata-19\/","title":{"rendered":"Camisetas de F\u00fatbol para Hombre Camiseta Atl\u00e9tico Madrid Home 2023-24 Manga Corta Alvaro Morata 19"},"content":{"rendered":"<p>La nueva camiseta del Atl\u00e9tico 23-24 sali\u00f3 a la venta bajo el lema \"Puro Atleti\". Por primera vez en cuatro a\u00f1os, presenta las rayas cl\u00e1sicas del club sin cambiarlas, y con la camiseta del Atl\u00e9tico de Madrid 2023-24, el club vuelve a las rayas cl\u00e1sicas y prescinde del dise\u00f1o ondulado de este a\u00f1o.La camiseta del Atl\u00e9tico 2023-2024 tiene cuatro rayas blancas y tres rojas. Las mangas, el cuello y la espalda de la camiseta local del Atl\u00e9tico Madrid 23-24 son principalmente rojas.<br \/>\nLas franjas rojas de la camiseta local del Atl\u00e9tico 23-24 tienen un sutil efecto degradado. Pasan de un rojo m\u00e1s claro en la parte superior a un rojo m\u00e1s oscuro en el centro y en la parte inferior. El degradado de color se crea mediante peque\u00f1os rect\u00e1ngulos.<\/p>\n<p>Consejos para la impresi\u00f3n: Si el nombre y el n\u00famero que aparecen en la imagen son exactamente los que desea, no es necesario que los vuelva a introducir. En caso contrario, deber\u00e1 introducir el nombre y el n\u00famero que desee.<\/p>\n<p>Consejos de lavado: Se recomienda lavar las camisetas de f\u00fatbol a mano. Si desea utilizar la lavadora, recuerde poner las camisetas de f\u00fatbol del rev\u00e9s y luego lavarlas. Llena la lavadora con agua fr\u00eda y utiliza un ciclo delicado para proteger mejor los colores.<\/p>","protected":false},"excerpt":{"rendered":"<p>Das neue Atletico 23-24 Trikot wurde unter dem Slogan \u201ePuro Atleti\u201c (Reines Atl\u00e9tico) ver\u00f6ffentlicht. Zum ersten Mal seit vier Jahren zeigt es die klassischen Streifen des Vereins, ohne sie zu ver\u00e4ndern.Mit dem Atletico Madrid 2023-24 Trikot kehrt der Verein zu den klassischen Streifen zur\u00fcck und verzichtet auf das gewellte Design von diesem Jahr.Atleticos Trikot 2023-2024 [&hellip;]<\/p>","protected":false},"featured_media":14078,"comment_status":"open","ping_status":"closed","template":"","meta":[],"product_brand":[],"product_cat":[88],"product_tag":[487,488,90,719,720,721,20,21,22,23,24],"class_list":{"0":"post-14030","1":"product","2":"type-product","3":"status-publish","4":"has-post-thumbnail","6":"product_cat-atletico-madrid","7":"product_tag-atletico-madrid-fussballtrikot","8":"product_tag-atletico-madrid-trikot","9":"product_tag-atletico-madrid-trikots","10":"product_tag-axel-witsel-babykleidung","11":"product_tag-axel-witsel-fussballtrikot","12":"product_tag-axel-witsel-kleidung-kinder","13":"product_tag-coole-fussballtrikots","14":"product_tag-fussballtrikot-fuer-herren","15":"product_tag-fussballtrikot-guenstig-kaufen","16":"product_tag-fussballtrikot-kurzarm","17":"product_tag-guenstiges-fussballtrikot","19":"first","20":"instock","21":"shipping-taxable","22":"purchasable","23":"product-type-variable"},"_links":{"self":[{"href":"https:\/\/www.billigtrikotde.com\/es\/wp-json\/wp\/v2\/product\/14030","targetHints":{"allow":["GET"]}}],"collection":[{"href":"https:\/\/www.billigtrikotde.com\/es\/wp-json\/wp\/v2\/product"}],"about":[{"href":"https:\/\/www.billigtrikotde.com\/es\/wp-json\/wp\/v2\/types\/product"}],"replies":[{"embeddable":true,"href":"https:\/\/www.billigtrikotde.com\/es\/wp-json\/wp\/v2\/comments?post=14030"}],"wp:featuredmedia":[{"embeddable":true,"href":"https:\/\/www.billigtrikotde.com\/es\/wp-json\/wp\/v2\/media\/14078"}],"wp:attachment":[{"href":"https:\/\/www.billigtrikotde.com\/es\/wp-json\/wp\/v2\/media?parent=14030"}],"wp:term":[{"taxonomy":"product_brand","embeddable":true,"href":"https:\/\/www.billigtrikotde.com\/es\/wp-json\/wp\/v2\/product_brand?post=14030"},{"taxonomy":"product_cat","embeddable":true,"href":"https:\/\/www.billigtrikotde.com\/es\/wp-json\/wp\/v2\/product_cat?post=14030"},{"taxonomy":"product_tag","embeddable":true,"href":"https:\/\/www.billigtrikotde.com\/es\/wp-json\/wp\/v2\/product_tag?post=14030"}],"curies":[{"name":"wp","href":"https:\/\/api.w.org\/{rel}","templated":true}]}}