{"id":1403,"date":"2024-10-23T13:28:52","date_gmt":"2024-10-23T11:28:52","guid":{"rendered":"http:\/\/billigtrikots.com\/?post_type=product&#038;p=1403"},"modified":"2024-10-23T13:30:23","modified_gmt":"2024-10-23T11:30:23","slug":"fc-arsenal-auswaertstrikot-2022-3rd-trikot-blau-mit-aufdruck-giroud-12","status":"publish","type":"product","link":"https:\/\/www.billigtrikotde.com\/es\/fc-arsenal-auswaertstrikot-2022-3rd-trikot-blau-mit-aufdruck-giroud-12\/","title":{"rendered":"Arsenal FC away kit 2022 3\u00aa camiseta azul con estampado Giroud 12"},"content":{"rendered":"<p>Ya sea en el estadio o en casa en el sof\u00e1, tu apoyo se muestra mejor con el modelo que absorbe el sudor en azul. Con la camiseta deportiva de la casa adidas, realmente no puedes equivocarte. Para los verdaderos fans del FC Arsenal Londres, una necesidad: la camiseta de visitante en dise\u00f1o original, como la llevan los jugadores en la Premier League. Recomendamos este modelo que absorbe el sudor, transpirable y s\u00faper c\u00f3modo, con una sensaci\u00f3n de uso agradable. La excelente apariencia de la camiseta se destaca por el escudo del club en el pecho. Con esta camiseta deportiva estar\u00e1s perfectamente equipado para cualquier entrenamiento.<\/p>\n<p>Consejos para la impresi\u00f3n: Si el nombre y el n\u00famero que aparecen en la imagen son exactamente los que desea, no es necesario que los vuelva a introducir. En caso contrario, deber\u00e1 introducir el nombre y el n\u00famero que desee.<\/p>\n<p>Consejos de lavado: Se recomienda lavar las camisetas de f\u00fatbol a mano. Si desea utilizar la lavadora, recuerde poner las camisetas de f\u00fatbol del rev\u00e9s y luego lavarlas. Llena la lavadora con agua fr\u00eda y utiliza un ciclo delicado para proteger mejor los colores.<\/p>","protected":false},"excerpt":{"rendered":"<p>Ob im Stadion oder zuhause auf der Couch \u2013 deine Unterst\u00fctzung zeigst du am besten durch das schwei\u00dfableitende Modell in Blau. Mit dem Sporttop aus dem Hause adidas kann man wirklich nichts falsch machen. F\u00fcr wahre FC Arsenal London-Fans ein Muss: das Ausweich-Sporttop im Originaldesign, wie es die Spieler in der Premier League tragen. Wir [&hellip;]<\/p>","protected":false},"featured_media":1434,"comment_status":"open","ping_status":"closed","template":"","meta":[],"product_brand":[],"product_cat":[55],"product_tag":[20,57,21,22,23,24],"class_list":{"0":"post-1403","1":"product","2":"type-product","3":"status-publish","4":"has-post-thumbnail","6":"product_cat-arsenal","7":"product_tag-coole-fussballtrikots","8":"product_tag-fc-arsenal-trikots","9":"product_tag-fussballtrikot-fuer-herren","10":"product_tag-fussballtrikot-guenstig-kaufen","11":"product_tag-fussballtrikot-kurzarm","12":"product_tag-guenstiges-fussballtrikot","14":"first","15":"instock","16":"shipping-taxable","17":"purchasable","18":"product-type-variable"},"_links":{"self":[{"href":"https:\/\/www.billigtrikotde.com\/es\/wp-json\/wp\/v2\/product\/1403","targetHints":{"allow":["GET"]}}],"collection":[{"href":"https:\/\/www.billigtrikotde.com\/es\/wp-json\/wp\/v2\/product"}],"about":[{"href":"https:\/\/www.billigtrikotde.com\/es\/wp-json\/wp\/v2\/types\/product"}],"replies":[{"embeddable":true,"href":"https:\/\/www.billigtrikotde.com\/es\/wp-json\/wp\/v2\/comments?post=1403"}],"wp:featuredmedia":[{"embeddable":true,"href":"https:\/\/www.billigtrikotde.com\/es\/wp-json\/wp\/v2\/media\/1434"}],"wp:attachment":[{"href":"https:\/\/www.billigtrikotde.com\/es\/wp-json\/wp\/v2\/media?parent=1403"}],"wp:term":[{"taxonomy":"product_brand","embeddable":true,"href":"https:\/\/www.billigtrikotde.com\/es\/wp-json\/wp\/v2\/product_brand?post=1403"},{"taxonomy":"product_cat","embeddable":true,"href":"https:\/\/www.billigtrikotde.com\/es\/wp-json\/wp\/v2\/product_cat?post=1403"},{"taxonomy":"product_tag","embeddable":true,"href":"https:\/\/www.billigtrikotde.com\/es\/wp-json\/wp\/v2\/product_tag?post=1403"}],"curies":[{"name":"wp","href":"https:\/\/api.w.org\/{rel}","templated":true}]}}