{"id":14001,"date":"2024-10-24T06:33:30","date_gmt":"2024-10-24T04:33:30","guid":{"rendered":"http:\/\/billigtrikots.com\/?post_type=product&#038;p=14001"},"modified":"2024-10-24T06:35:42","modified_gmt":"2024-10-24T04:35:42","slug":"herren-fc-barcelona-heimtrikot-2023-24-kurzarm-fussballtrikots-ousmane-dembele-7","status":"publish","type":"product","link":"https:\/\/www.billigtrikotde.com\/es\/herren-fc-barcelona-heimtrikot-2023-24-kurzarm-fussballtrikots-ousmane-dembele-7\/","title":{"rendered":"Hombres FC Barcelona Home Shirt 2023-24 Camiseta de F\u00fatbol de Manga Corta Ousmane Dembele 7"},"content":{"rendered":"<p>La camiseta del FC Barcelona 2023-2024 vuelve al dise\u00f1o m\u00e1s cl\u00e1sico del club, que fue presentado en 1912 y se utiliz\u00f3 m\u00e1s o menos en el mismo estilo hasta los a\u00f1os 90. La camiseta Nike FC Barcelona 23-24 tiene dos franjas rojas anchas en la parte frontal. Las mangas son rojas.<br \/>\nLo que la hace \u00fanica es que las franjas cl\u00e1sicas de la camiseta tienen un patr\u00f3n de cuadros en los bordes, inspirado en el antiguo logotipo en forma de rombo del actual equipo femenino de Barcelona.<\/p>\n<p>Consejos para la impresi\u00f3n: Si el nombre y el n\u00famero que aparecen en la imagen son exactamente los que desea, no es necesario que los vuelva a introducir. En caso contrario, deber\u00e1 introducir el nombre y el n\u00famero que desee.<\/p>\n<p>Consejos de lavado: Se recomienda lavar las camisetas de f\u00fatbol a mano. Si desea utilizar la lavadora, recuerde poner las camisetas de f\u00fatbol del rev\u00e9s y luego lavarlas. Llena la lavadora con agua fr\u00eda y utiliza un ciclo delicado para proteger mejor los colores.<\/p>","protected":false},"excerpt":{"rendered":"<p>Das FC Barcelona 2023-2024 Trikot kehrt zum klassischsten Trikotdesign des Vereins zur\u00fcck, das 1912 vorgestellt und bis in die 1990er Jahre mehr oder weniger im gleichen Stil verwendet wurde. Das Nike FC Barcelona 23-24 Trikot hat zwei breite rote Streifen auf der Vorderseite. Die \u00c4rmel sind rot. Einzigartig ist, dass die klassischen Streifen des Trikots [&hellip;]<\/p>","protected":false},"featured_media":14043,"comment_status":"open","ping_status":"closed","template":"","meta":[],"product_brand":[],"product_cat":[31],"product_tag":[703,704,20,33,574,426,24,705,706],"class_list":{"0":"post-14001","1":"product","2":"type-product","3":"status-publish","4":"has-post-thumbnail","6":"product_cat-fc-barcelona","7":"product_tag-barcelona-fussballtrikot","8":"product_tag-barcelona-trikot","9":"product_tag-coole-fussballtrikots","10":"product_tag-fc-barcelona-trikots","11":"product_tag-fussballtrikot-deutschland","12":"product_tag-fussballtrikots-kurzarm","13":"product_tag-guenstiges-fussballtrikot","14":"product_tag-ousmane-dembele-fussballtrikot","15":"product_tag-ousmane-dembele-trikot-fuer-kinder","17":"first","18":"instock","19":"shipping-taxable","20":"purchasable","21":"product-type-variable"},"_links":{"self":[{"href":"https:\/\/www.billigtrikotde.com\/es\/wp-json\/wp\/v2\/product\/14001","targetHints":{"allow":["GET"]}}],"collection":[{"href":"https:\/\/www.billigtrikotde.com\/es\/wp-json\/wp\/v2\/product"}],"about":[{"href":"https:\/\/www.billigtrikotde.com\/es\/wp-json\/wp\/v2\/types\/product"}],"replies":[{"embeddable":true,"href":"https:\/\/www.billigtrikotde.com\/es\/wp-json\/wp\/v2\/comments?post=14001"}],"wp:featuredmedia":[{"embeddable":true,"href":"https:\/\/www.billigtrikotde.com\/es\/wp-json\/wp\/v2\/media\/14043"}],"wp:attachment":[{"href":"https:\/\/www.billigtrikotde.com\/es\/wp-json\/wp\/v2\/media?parent=14001"}],"wp:term":[{"taxonomy":"product_brand","embeddable":true,"href":"https:\/\/www.billigtrikotde.com\/es\/wp-json\/wp\/v2\/product_brand?post=14001"},{"taxonomy":"product_cat","embeddable":true,"href":"https:\/\/www.billigtrikotde.com\/es\/wp-json\/wp\/v2\/product_cat?post=14001"},{"taxonomy":"product_tag","embeddable":true,"href":"https:\/\/www.billigtrikotde.com\/es\/wp-json\/wp\/v2\/product_tag?post=14001"}],"curies":[{"name":"wp","href":"https:\/\/api.w.org\/{rel}","templated":true}]}}