{"id":13886,"date":"2024-10-24T06:27:29","date_gmt":"2024-10-24T04:27:29","guid":{"rendered":"http:\/\/billigtrikots.com\/?post_type=product&#038;p=13886"},"modified":"2024-10-24T06:29:41","modified_gmt":"2024-10-24T04:29:41","slug":"manchester-united-heimtrikot-2023-24-kurzarm-fussball-trikot-outlet","status":"publish","type":"product","link":"https:\/\/www.billigtrikotde.com\/es\/manchester-united-heimtrikot-2023-24-kurzarm-fussball-trikot-outlet\/","title":{"rendered":"Manchester United Home Shirt 2023-24 Camiseta F\u00fatbol Manga Corta Outlet"},"content":{"rendered":"<p>La camiseta del Manchester United 2023-2024 combina un color principal rojo cl\u00e1sico con negro para los logotipos y las tres franjas, as\u00ed como detalles en blanco. Es la primera vez desde la temporada 2019-2020 que se utiliza el negro como color secundario. Oficialmente, el color rojo se denomina \"Team Collage Red\".<\/p>\n<p>En cuanto al dise\u00f1o, la camiseta del Manchester United 2023-24 se inspira en la herencia industrial de Manchester. La camiseta presenta un estampado repetitivo que combina una rosa de Lancashire en un patr\u00f3n geom\u00e9trico inspirado en el puente de Trafford Road, construido en la \u00e9poca de la revoluci\u00f3n industrial.<\/p>\n<p>Consejos para la impresi\u00f3n: Si el nombre y el n\u00famero que aparecen en la imagen son exactamente los que desea, no es necesario que los vuelva a introducir. En caso contrario, deber\u00e1 introducir el nombre y el n\u00famero que desee.<\/p>\n<p>Consejos de lavado: Se recomienda lavar las camisetas de f\u00fatbol a mano. Si desea utilizar la lavadora, recuerde poner las camisetas de f\u00fatbol del rev\u00e9s y luego lavarlas. Llena la lavadora con agua fr\u00eda y utiliza un ciclo delicado para proteger mejor los colores.<\/p>","protected":false},"excerpt":{"rendered":"<p>La camiseta Manchester United 2023-2024 combina un color rojo cl\u00e1sico como color principal con negro para logotipos y las tres bandas, as\u00ed como detalles en blanco. Es la primera vez desde la temporada 2019-2020 que se utiliza el negro como color secundario. Oficialmente, el color rojo se llama \u00abTeam Collage Red\u00bb. En cuanto al dise\u00f1o, la camiseta 2023-24 de Manchester [\u2026]<\/p>","protected":false},"featured_media":13918,"comment_status":"open","ping_status":"closed","template":"","meta":[],"product_brand":[],"product_cat":[50],"product_tag":[20,574,21,22,23,24,672,673],"class_list":{"0":"post-13886","1":"product","2":"type-product","3":"status-publish","4":"has-post-thumbnail","6":"product_cat-manchester-united","7":"product_tag-coole-fussballtrikots","8":"product_tag-fussballtrikot-deutschland","9":"product_tag-fussballtrikot-fuer-herren","10":"product_tag-fussballtrikot-guenstig-kaufen","11":"product_tag-fussballtrikot-kurzarm","12":"product_tag-guenstiges-fussballtrikot","13":"product_tag-manchester-united-fussballtrikot","14":"product_tag-manchester-united-trikot","16":"first","17":"instock","18":"shipping-taxable","19":"purchasable","20":"product-type-variable"},"_links":{"self":[{"href":"https:\/\/www.billigtrikotde.com\/es\/wp-json\/wp\/v2\/product\/13886","targetHints":{"allow":["GET"]}}],"collection":[{"href":"https:\/\/www.billigtrikotde.com\/es\/wp-json\/wp\/v2\/product"}],"about":[{"href":"https:\/\/www.billigtrikotde.com\/es\/wp-json\/wp\/v2\/types\/product"}],"replies":[{"embeddable":true,"href":"https:\/\/www.billigtrikotde.com\/es\/wp-json\/wp\/v2\/comments?post=13886"}],"wp:featuredmedia":[{"embeddable":true,"href":"https:\/\/www.billigtrikotde.com\/es\/wp-json\/wp\/v2\/media\/13918"}],"wp:attachment":[{"href":"https:\/\/www.billigtrikotde.com\/es\/wp-json\/wp\/v2\/media?parent=13886"}],"wp:term":[{"taxonomy":"product_brand","embeddable":true,"href":"https:\/\/www.billigtrikotde.com\/es\/wp-json\/wp\/v2\/product_brand?post=13886"},{"taxonomy":"product_cat","embeddable":true,"href":"https:\/\/www.billigtrikotde.com\/es\/wp-json\/wp\/v2\/product_cat?post=13886"},{"taxonomy":"product_tag","embeddable":true,"href":"https:\/\/www.billigtrikotde.com\/es\/wp-json\/wp\/v2\/product_tag?post=13886"}],"curies":[{"name":"wp","href":"https:\/\/api.w.org\/{rel}","templated":true}]}}