{"id":13850,"date":"2024-10-24T06:25:22","date_gmt":"2024-10-24T04:25:22","guid":{"rendered":"http:\/\/billigtrikots.com\/?post_type=product&#038;p=13850"},"modified":"2024-10-24T06:27:56","modified_gmt":"2024-10-24T04:27:56","slug":"kaufe-kindertrikot-trikotsatz-bayern-muenchen-23-24-auswaertstrikot-online","status":"publish","type":"product","link":"https:\/\/www.billigtrikotde.com\/es\/kaufe-kindertrikot-trikotsatz-bayern-muenchen-23-24-auswaertstrikot-online\/","title":{"rendered":"Comprar camiseta ni\u00f1o Bayern Munich 23-24 away kit online"},"content":{"rendered":"<p>El Bayern de M\u00fanich Audi 2023 Summer Tour forma parte de los esfuerzos del Bayern por conectar con aficionados de todo el mundo y hacer crecer su base de seguidores en Asia. El Bayern jugar\u00e1 dos partidos en Tokio, uno contra el Manchester City y otro contra un rival a\u00fan por anunciar.<\/p>\n<p>La camiseta Adidas del Bayern de M\u00fanich 23-24 tiene una combinaci\u00f3n de colores inusual para el club b\u00e1varo: combina un color base negro con verde y morado, mientras que las tres rayas son moradas y los logotipos de la parte delantera son verde claro. Los nombres y los n\u00fameros tambi\u00e9n son morados, mientras que un moderno estampado en morado y verde, formado por los tradicionales rombos del club, redondea el moderno look.<\/p>\n<p>Consejos para la impresi\u00f3n: Si el nombre y el n\u00famero que aparecen en la imagen son exactamente los que desea, no es necesario que los vuelva a introducir. En caso contrario, deber\u00e1 introducir el nombre y el n\u00famero que desee.<\/p>\n<p>Consejos de lavado: Se recomienda lavar las camisetas de f\u00fatbol a mano. Si desea utilizar la lavadora, recuerde poner las camisetas de f\u00fatbol del rev\u00e9s y luego lavarlas. Llena la lavadora con agua fr\u00eda y utiliza un ciclo delicado para proteger mejor los colores.<\/p>","protected":false},"excerpt":{"rendered":"<p>Die Bayern M\u00fcnchen Audi 2023 Sommertour ist Teil der Bem\u00fchungen der Bayern, mit den Fans auf der ganzen Welt in Kontakt zu treten und ihre Fangemeinde in Asien zu vergr\u00f6\u00dfern. Die Bayern werden in Tokio zwei Spiele bestreiten, eines gegen Manchester City und eines gegen einen noch nicht angek\u00fcndigten Gegner. Das Adidas Bayern M\u00fcnchen 23-24 [&hellip;]<\/p>","protected":false},"featured_media":13890,"comment_status":"open","ping_status":"closed","template":"","meta":[],"product_brand":[],"product_cat":[135],"product_tag":[137,514,515,138,20,574,21,23,24,94],"class_list":{"0":"post-13850","1":"product","2":"type-product","3":"status-publish","4":"has-post-thumbnail","6":"product_cat-bayern-munich-kindertrikot","7":"product_tag-bayern-muenchen-trikots","8":"product_tag-bayern-munich-fussballtrikots-kinder","9":"product_tag-bayern-munich-trikot-fuer-kinder","10":"product_tag-bayern-munich-trikotsatz-fuer-kinder","11":"product_tag-coole-fussballtrikots","12":"product_tag-fussballtrikot-deutschland","13":"product_tag-fussballtrikot-fuer-herren","14":"product_tag-fussballtrikot-kurzarm","15":"product_tag-guenstiges-fussballtrikot","16":"product_tag-kinder-fussball-trikotsatz","18":"first","19":"instock","20":"shipping-taxable","21":"purchasable","22":"product-type-variable"},"_links":{"self":[{"href":"https:\/\/www.billigtrikotde.com\/es\/wp-json\/wp\/v2\/product\/13850","targetHints":{"allow":["GET"]}}],"collection":[{"href":"https:\/\/www.billigtrikotde.com\/es\/wp-json\/wp\/v2\/product"}],"about":[{"href":"https:\/\/www.billigtrikotde.com\/es\/wp-json\/wp\/v2\/types\/product"}],"replies":[{"embeddable":true,"href":"https:\/\/www.billigtrikotde.com\/es\/wp-json\/wp\/v2\/comments?post=13850"}],"wp:featuredmedia":[{"embeddable":true,"href":"https:\/\/www.billigtrikotde.com\/es\/wp-json\/wp\/v2\/media\/13890"}],"wp:attachment":[{"href":"https:\/\/www.billigtrikotde.com\/es\/wp-json\/wp\/v2\/media?parent=13850"}],"wp:term":[{"taxonomy":"product_brand","embeddable":true,"href":"https:\/\/www.billigtrikotde.com\/es\/wp-json\/wp\/v2\/product_brand?post=13850"},{"taxonomy":"product_cat","embeddable":true,"href":"https:\/\/www.billigtrikotde.com\/es\/wp-json\/wp\/v2\/product_cat?post=13850"},{"taxonomy":"product_tag","embeddable":true,"href":"https:\/\/www.billigtrikotde.com\/es\/wp-json\/wp\/v2\/product_tag?post=13850"}],"curies":[{"name":"wp","href":"https:\/\/api.w.org\/{rel}","templated":true}]}}