{"id":13787,"date":"2024-10-24T06:21:53","date_gmt":"2024-10-24T04:21:53","guid":{"rendered":"http:\/\/billigtrikots.com\/?post_type=product&#038;p=13787"},"modified":"2024-10-24T06:24:42","modified_gmt":"2024-10-24T04:24:42","slug":"kinderheim-trikot-manchester-united-23-24-trikot-trikotsatz-bestellen-mit-aufdruck-sancho-25","status":"publish","type":"product","link":"https:\/\/www.billigtrikotde.com\/es\/kinderheim-trikot-manchester-united-23-24-trikot-trikotsatz-bestellen-mit-aufdruck-sancho-25\/","title":{"rendered":"Camiseta de casa de ni\u00f1o Manchester United 23-24 jersey de orden kit con impresi\u00f3n SANCHO 25"},"content":{"rendered":"<p>La camiseta del Man United 2023-2024 combina un color principal rojo cl\u00e1sico con negro para los logotipos y las tres franjas, as\u00ed como detalles en blanco. Es la primera vez desde la temporada 2019-2020 que se utiliza el negro como color secundario. Oficialmente, el color rojo se denomina \"Team Collage Red\" y el patrocinador principal, los nombres y n\u00fameros, as\u00ed como los logotipos de los patrocinadores de las mangas de DXC Technology son blancos. El logotipo del patrocinador TeamViewer se ha actualizado con respecto al anterior.<br \/>\nEn cuanto al dise\u00f1o, la camiseta del Manchester United 2023-24 se inspira en la herencia industrial de Manchester. La camiseta presenta un estampado repetitivo que combina una rosa de Lancashire en un patr\u00f3n geom\u00e9trico inspirado en el Trafford Road Bridge, que se construy\u00f3 en la \u00e9poca de la Revoluci\u00f3n Industrial, y la rosa de Lancashire es un s\u00edmbolo her\u00e1ldico que representa el hist\u00f3rico condado de Lancashire, en el noroeste de Inglaterra. Es una rosa roja con el centro dorado que se ha utilizado como emblema del condado durante siglos. La rosa de Lancashire se sigue utilizando hoy en d\u00eda de diversas formas, por ejemplo en la bandera del condado y en las insignias de los equipos de cricket y rugby de Lancashire.<\/p>\n<p>Consejos para la impresi\u00f3n: Si el nombre y el n\u00famero que aparecen en la imagen son exactamente los que desea, no es necesario que los vuelva a introducir. En caso contrario, deber\u00e1 introducir el nombre y el n\u00famero que desee.<\/p>\n<p>Consejos de lavado: Se recomienda lavar las camisetas de f\u00fatbol a mano. Si desea utilizar la lavadora, recuerde poner las camisetas de f\u00fatbol del rev\u00e9s y luego lavarlas. Llena la lavadora con agua fr\u00eda y utiliza un ciclo delicado para proteger mejor los colores.<\/p>","protected":false},"excerpt":{"rendered":"<p>Das Man United 2023-2024 Trikot kombiniert eine klassische rote Hauptfarbe mit Schwarz f\u00fcr Logos und die Drei Streifen sowie wei\u00dfen Details. Es ist das erste Mal seit der Saison 2019-2020, dass Schwarz als Sekund\u00e4rfarbe verwendet. Offiziell wird die rote Farbe \u201eTeam Collage Red\u201c genannt.Der Hauptsponsor, die Namen und Nummern sowie die Logos der \u00c4rmelsponsoren von [&hellip;]<\/p>","protected":false},"featured_media":13828,"comment_status":"open","ping_status":"closed","template":"","meta":[],"product_brand":[],"product_cat":[140],"product_tag":[20,574,21,22,664,228,24,141,52,142],"class_list":{"0":"post-13787","1":"product","2":"type-product","3":"status-publish","4":"has-post-thumbnail","6":"product_cat-manchester-united-kindertrikot","7":"product_tag-coole-fussballtrikots","8":"product_tag-fussballtrikot-deutschland","9":"product_tag-fussballtrikot-fuer-herren","10":"product_tag-fussballtrikot-guenstig-kaufen","11":"product_tag-fussballtrikot-trikotsatz","12":"product_tag-guenstige-fussballtrikot","13":"product_tag-guenstiges-fussballtrikot","14":"product_tag-manchester-united-heimtrikot","15":"product_tag-manchester-united-trikots","16":"product_tag-manchester-united-trikotsatz-fuer-kinder","18":"first","19":"instock","20":"shipping-taxable","21":"purchasable","22":"product-type-variable"},"_links":{"self":[{"href":"https:\/\/www.billigtrikotde.com\/es\/wp-json\/wp\/v2\/product\/13787","targetHints":{"allow":["GET"]}}],"collection":[{"href":"https:\/\/www.billigtrikotde.com\/es\/wp-json\/wp\/v2\/product"}],"about":[{"href":"https:\/\/www.billigtrikotde.com\/es\/wp-json\/wp\/v2\/types\/product"}],"replies":[{"embeddable":true,"href":"https:\/\/www.billigtrikotde.com\/es\/wp-json\/wp\/v2\/comments?post=13787"}],"wp:featuredmedia":[{"embeddable":true,"href":"https:\/\/www.billigtrikotde.com\/es\/wp-json\/wp\/v2\/media\/13828"}],"wp:attachment":[{"href":"https:\/\/www.billigtrikotde.com\/es\/wp-json\/wp\/v2\/media?parent=13787"}],"wp:term":[{"taxonomy":"product_brand","embeddable":true,"href":"https:\/\/www.billigtrikotde.com\/es\/wp-json\/wp\/v2\/product_brand?post=13787"},{"taxonomy":"product_cat","embeddable":true,"href":"https:\/\/www.billigtrikotde.com\/es\/wp-json\/wp\/v2\/product_cat?post=13787"},{"taxonomy":"product_tag","embeddable":true,"href":"https:\/\/www.billigtrikotde.com\/es\/wp-json\/wp\/v2\/product_tag?post=13787"}],"curies":[{"name":"wp","href":"https:\/\/api.w.org\/{rel}","templated":true}]}}