{"id":13703,"date":"2024-10-24T06:17:11","date_gmt":"2024-10-24T04:17:11","guid":{"rendered":"http:\/\/billigtrikots.com\/?post_type=product&#038;p=13703"},"modified":"2024-10-24T06:20:00","modified_gmt":"2024-10-24T04:20:00","slug":"vintage-manchester-united-1991-92-away-league-cup-final-langarm-auswaertstrikot","status":"publish","type":"product","link":"https:\/\/www.billigtrikotde.com\/es\/vintage-manchester-united-1991-92-away-league-cup-final-langarm-auswaertstrikot\/","title":{"rendered":"Vintage Manchester United 1991\/92 AWAY LEAGUE CUP FINAL Long Sleeve Away Jersey"},"content":{"rendered":"<p>La camiseta visitante del Manchester United de 1991-1992 es la \u00faltima que Adidas fabric\u00f3 antes de que Umbro la adquiriera en 1992. Se caracteriza por un dise\u00f1o \u00fanico en blanco, azul y rojo. Destaca por un estampado gr\u00e1fico \u00fanico en toda la parte delantera, que tambi\u00e9n aparecer\u00e1 en la nueva equipaci\u00f3n Adidas del Manchester United 17-18.<\/p>\n<p>Consejos para la impresi\u00f3n: Si el nombre y el n\u00famero que aparecen en la imagen son exactamente los que desea, no es necesario que los vuelva a introducir. En caso contrario, deber\u00e1 introducir el nombre y el n\u00famero que desee.<\/p>\n<p>Consejos de lavado: Se recomienda lavar las camisetas de f\u00fatbol a mano. Si desea utilizar la lavadora, recuerde poner las camisetas de f\u00fatbol del rev\u00e9s y luego lavarlas. Llena la lavadora con agua fr\u00eda y utiliza un ciclo delicado para proteger mejor los colores.<\/p>","protected":false},"excerpt":{"rendered":"<p>La camiseta visitante del Manchester United de 1991-1992 es la \u00faltima que Adidas fabric\u00f3 antes de que Umbro la adquiriera en 1992. Se caracteriza por un dise\u00f1o \u00fanico en blanco, azul y rojo. Destaca por un estampado gr\u00e1fico \u00fanico en toda la parte delantera, que tambi\u00e9n aparecer\u00e1 en la nueva equipaci\u00f3n Adidas del Manchester United 17-18.<\/p>","protected":false},"featured_media":13747,"comment_status":"open","ping_status":"closed","template":"","meta":[],"product_brand":[],"product_cat":[50],"product_tag":[20,21,22,23,228,24,511,656],"class_list":{"0":"post-13703","1":"product","2":"type-product","3":"status-publish","4":"has-post-thumbnail","6":"product_cat-manchester-united","7":"product_tag-coole-fussballtrikots","8":"product_tag-fussballtrikot-fuer-herren","9":"product_tag-fussballtrikot-guenstig-kaufen","10":"product_tag-fussballtrikot-kurzarm","11":"product_tag-guenstige-fussballtrikot","12":"product_tag-guenstiges-fussballtrikot","13":"product_tag-vintage-glasgow-rangers-fussballtrikot","14":"product_tag-vintage-manchester-united-fussballtrikot-1991-92","16":"first","17":"instock","18":"shipping-taxable","19":"purchasable","20":"product-type-variable"},"_links":{"self":[{"href":"https:\/\/www.billigtrikotde.com\/es\/wp-json\/wp\/v2\/product\/13703","targetHints":{"allow":["GET"]}}],"collection":[{"href":"https:\/\/www.billigtrikotde.com\/es\/wp-json\/wp\/v2\/product"}],"about":[{"href":"https:\/\/www.billigtrikotde.com\/es\/wp-json\/wp\/v2\/types\/product"}],"replies":[{"embeddable":true,"href":"https:\/\/www.billigtrikotde.com\/es\/wp-json\/wp\/v2\/comments?post=13703"}],"wp:featuredmedia":[{"embeddable":true,"href":"https:\/\/www.billigtrikotde.com\/es\/wp-json\/wp\/v2\/media\/13747"}],"wp:attachment":[{"href":"https:\/\/www.billigtrikotde.com\/es\/wp-json\/wp\/v2\/media?parent=13703"}],"wp:term":[{"taxonomy":"product_brand","embeddable":true,"href":"https:\/\/www.billigtrikotde.com\/es\/wp-json\/wp\/v2\/product_brand?post=13703"},{"taxonomy":"product_cat","embeddable":true,"href":"https:\/\/www.billigtrikotde.com\/es\/wp-json\/wp\/v2\/product_cat?post=13703"},{"taxonomy":"product_tag","embeddable":true,"href":"https:\/\/www.billigtrikotde.com\/es\/wp-json\/wp\/v2\/product_tag?post=13703"}],"curies":[{"name":"wp","href":"https:\/\/api.w.org\/{rel}","templated":true}]}}