{"id":13656,"date":"2024-10-24T06:14:21","date_gmt":"2024-10-24T04:14:21","guid":{"rendered":"http:\/\/billigtrikots.com\/?post_type=product&#038;p=13656"},"modified":"2024-10-24T06:17:03","modified_gmt":"2024-10-24T04:17:03","slug":"kinderheim-trikot-fc-barcelona-23-24-trikot-kurzarm-kurze-hosen-o-dembele-7","status":"publish","type":"product","link":"https:\/\/www.billigtrikotde.com\/es\/kinderheim-trikot-fc-barcelona-23-24-trikot-kurzarm-kurze-hosen-o-dembele-7\/","title":{"rendered":"Camiseta Home Ni\u00f1o FC Barcelona 23-24 Camiseta Manga Corta + Pantal\u00f3n Corto O.DEMB\u00c9L\u00c9 7"},"content":{"rendered":"<p>Despu\u00e9s de muchas filtraciones, por fin se ha desvelado la camiseta del Barcelona 2023-2024. Las rayas tienen un patr\u00f3n de diamantes en los bordes y el logotipo tiene un diamante brillante oculto - ambos son un homenaje al equipo femenino.<\/p>\n<p>La camiseta del FC Barcelona 2023-2024 retoma el dise\u00f1o de camiseta m\u00e1s cl\u00e1sico del club, que se introdujo en 1912 y se utiliz\u00f3 m\u00e1s o menos en el mismo estilo hasta la d\u00e9cada de 1990. La camiseta Nike FC Barcelona 23-24 tiene dos anchas franjas rojas en la parte delantera. Las mangas son rojas y lo que es \u00fanico es que las rayas cl\u00e1sicas de la camiseta tienen un patr\u00f3n de diamantes en los bordes. Esto se inspira en el antiguo logotipo en forma de rombo del actual equipo femenino del Barcelona.<\/p>\n<p>Consejos para la impresi\u00f3n: Si el nombre y el n\u00famero que aparecen en la imagen son exactamente los que desea, no es necesario que los vuelva a introducir. En caso contrario, deber\u00e1 introducir el nombre y el n\u00famero que desee.<\/p>\n<p>Consejos de lavado: Se recomienda lavar las camisetas de f\u00fatbol a mano. Si desea utilizar la lavadora, recuerde poner las camisetas de f\u00fatbol del rev\u00e9s y luego lavarlas. Llena la lavadora con agua fr\u00eda y utiliza un ciclo delicado para proteger mejor los colores.<\/p>","protected":false},"excerpt":{"rendered":"<p>Despu\u00e9s de muchas filtraciones, la camiseta del Barcelona 2023-2024 finalmente fue revelada. Las rayas tienen un patr\u00f3n de rombos en los bordes y el logo posee un diamante brillante escondido, todo ello es un homenaje al equipo femenino. La camiseta FC Barcelona 2023-2024 vuelve al dise\u00f1o de camiseta m\u00e1s cl\u00e1sico del club, presentado en 1912 y que se mantuvo hasta los a\u00f1os 90 [...]<\/p>","protected":false},"featured_media":13697,"comment_status":"open","ping_status":"closed","template":"","meta":[],"product_brand":[],"product_cat":[146],"product_tag":[147,20,460,33,574,21,22,24,94],"class_list":{"0":"post-13656","1":"product","2":"type-product","3":"status-publish","4":"has-post-thumbnail","6":"product_cat-barcelona-kindertrikot","7":"product_tag-barcelona-trikotsatz-fuer-kinder","8":"product_tag-coole-fussballtrikots","9":"product_tag-deutschland-fussballtrikots","10":"product_tag-fc-barcelona-trikots","11":"product_tag-fussballtrikot-deutschland","12":"product_tag-fussballtrikot-fuer-herren","13":"product_tag-fussballtrikot-guenstig-kaufen","14":"product_tag-guenstiges-fussballtrikot","15":"product_tag-kinder-fussball-trikotsatz","17":"first","18":"instock","19":"shipping-taxable","20":"purchasable","21":"product-type-variable"},"_links":{"self":[{"href":"https:\/\/www.billigtrikotde.com\/es\/wp-json\/wp\/v2\/product\/13656","targetHints":{"allow":["GET"]}}],"collection":[{"href":"https:\/\/www.billigtrikotde.com\/es\/wp-json\/wp\/v2\/product"}],"about":[{"href":"https:\/\/www.billigtrikotde.com\/es\/wp-json\/wp\/v2\/types\/product"}],"replies":[{"embeddable":true,"href":"https:\/\/www.billigtrikotde.com\/es\/wp-json\/wp\/v2\/comments?post=13656"}],"wp:featuredmedia":[{"embeddable":true,"href":"https:\/\/www.billigtrikotde.com\/es\/wp-json\/wp\/v2\/media\/13697"}],"wp:attachment":[{"href":"https:\/\/www.billigtrikotde.com\/es\/wp-json\/wp\/v2\/media?parent=13656"}],"wp:term":[{"taxonomy":"product_brand","embeddable":true,"href":"https:\/\/www.billigtrikotde.com\/es\/wp-json\/wp\/v2\/product_brand?post=13656"},{"taxonomy":"product_cat","embeddable":true,"href":"https:\/\/www.billigtrikotde.com\/es\/wp-json\/wp\/v2\/product_cat?post=13656"},{"taxonomy":"product_tag","embeddable":true,"href":"https:\/\/www.billigtrikotde.com\/es\/wp-json\/wp\/v2\/product_tag?post=13656"}],"curies":[{"name":"wp","href":"https:\/\/api.w.org\/{rel}","templated":true}]}}