{"id":13628,"date":"2024-10-24T06:12:41","date_gmt":"2024-10-24T04:12:41","guid":{"rendered":"http:\/\/billigtrikots.com\/?post_type=product&#038;p=13628"},"modified":"2025-10-16T16:03:16","modified_gmt":"2025-10-16T14:03:16","slug":"kinder-fussballtrikots-trikotsatz-real-madrid-23-24-heim-trikot-hazard-7","status":"publish","type":"product","link":"https:\/\/www.billigtrikotde.com\/es\/kinder-fussballtrikots-trikotsatz-real-madrid-23-24-heim-trikot-hazard-7\/","title":{"rendered":"Kit Camisetas F\u00fatbol Ni\u00f1os Real Madrid 23-24 Home Shirt HAZARD 7"},"content":{"rendered":"<p>La camiseta local del Real Madrid 23-24 tiene un dise\u00f1o moderno y sencillo. La combinaci\u00f3n de colores es particularmente interesante: el blanco se combina con un azul marino oscuro (\"Legend Ink\") y un naranja dorado; el naranja dorado no es ni amarillo puro ni oro met\u00e1lico, sino que se encuentra en alg\u00fan punto intermedio. El azul marino y el naranja dorado son los mismos colores que se utilizan en la equipaci\u00f3n del Real Madrid 23-24.<br \/>\nPor primera vez en la historia del club, la camiseta del Real Madrid 23-24 lleva el lema \"\u00a1Hala Madrid!\" en el cuello. Para el cuello, Adidas combina los colores \"oro-naranja\", blanco y leyenda para crear un tricolor. Al igual que el resto de camisetas de f\u00fatbol 23-24 de Adidas, la nueva camiseta del Real Madrid 23-24 tambi\u00e9n presenta el nuevo logotipo de Adidas. Hay paneles de color azul marino en el lateral y en la espalda, similares a los de algunas camisetas Adidas para el Mundial 2022.<\/p>\n<p>Consejos para la impresi\u00f3n: Si el nombre y el n\u00famero que aparecen en la imagen son exactamente los que desea, no es necesario que los vuelva a introducir. En caso contrario, deber\u00e1 introducir el nombre y el n\u00famero que desee.<\/p>\n<p>Consejos de lavado: Se recomienda lavar las camisetas de f\u00fatbol a mano. Si desea utilizar la lavadora, recuerde poner las camisetas de f\u00fatbol del rev\u00e9s y luego lavarlas. Llena la lavadora con agua fr\u00eda y utiliza un ciclo delicado para proteger mejor los colores.<\/p>","protected":false},"excerpt":{"rendered":"<p>Das Real Madrid 23-24 Heim trikot hat ein modernes und einfaches Design. Besonders interessant ist die Farbgebung: Wei\u00df wird mit einem dunklen Marineblau (&#8222;Legend Ink&#8220;) und einem goldfarbenen Orange kombiniert.Das goldige Orange ist weder reines Gelb noch metallisches Gold, sondern liegt irgendwo dazwischen. Marineblau und Goldorange sind die gleichen Farben, die auch f\u00fcr das Ausw\u00e4rtstrikot [&hellip;]<\/p>","protected":false},"featured_media":13670,"comment_status":"open","ping_status":"closed","template":"","meta":[],"product_brand":[],"product_cat":[165],"product_tag":[20,574,21,22,24,94,651,47,166],"class_list":{"0":"post-13628","1":"product","2":"type-product","3":"status-publish","4":"has-post-thumbnail","6":"product_cat-real-madrid-kindertrikot","7":"product_tag-coole-fussballtrikots","8":"product_tag-fussballtrikot-deutschland","9":"product_tag-fussballtrikot-fuer-herren","10":"product_tag-fussballtrikot-guenstig-kaufen","11":"product_tag-guenstiges-fussballtrikot","12":"product_tag-kinder-fussball-trikotsatz","13":"product_tag-real-madrid-heim-trikot","14":"product_tag-real-madrid-trikots","15":"product_tag-real-madrid-trikotsatz-fuer-kinder","17":"first","18":"instock","19":"shipping-taxable","20":"purchasable","21":"product-type-variable"},"_links":{"self":[{"href":"https:\/\/www.billigtrikotde.com\/es\/wp-json\/wp\/v2\/product\/13628","targetHints":{"allow":["GET"]}}],"collection":[{"href":"https:\/\/www.billigtrikotde.com\/es\/wp-json\/wp\/v2\/product"}],"about":[{"href":"https:\/\/www.billigtrikotde.com\/es\/wp-json\/wp\/v2\/types\/product"}],"replies":[{"embeddable":true,"href":"https:\/\/www.billigtrikotde.com\/es\/wp-json\/wp\/v2\/comments?post=13628"}],"wp:featuredmedia":[{"embeddable":true,"href":"https:\/\/www.billigtrikotde.com\/es\/wp-json\/wp\/v2\/media\/13670"}],"wp:attachment":[{"href":"https:\/\/www.billigtrikotde.com\/es\/wp-json\/wp\/v2\/media?parent=13628"}],"wp:term":[{"taxonomy":"product_brand","embeddable":true,"href":"https:\/\/www.billigtrikotde.com\/es\/wp-json\/wp\/v2\/product_brand?post=13628"},{"taxonomy":"product_cat","embeddable":true,"href":"https:\/\/www.billigtrikotde.com\/es\/wp-json\/wp\/v2\/product_cat?post=13628"},{"taxonomy":"product_tag","embeddable":true,"href":"https:\/\/www.billigtrikotde.com\/es\/wp-json\/wp\/v2\/product_tag?post=13628"}],"curies":[{"name":"wp","href":"https:\/\/api.w.org\/{rel}","templated":true}]}}