{"id":13342,"date":"2024-10-24T05:57:34","date_gmt":"2024-10-24T03:57:34","guid":{"rendered":"http:\/\/billigtrikots.com\/?post_type=product&#038;p=13342"},"modified":"2024-10-24T06:00:18","modified_gmt":"2024-10-24T04:00:18","slug":"herren-paris-saint-germain-psg-23-24-heimtrikot-kurzarm","status":"publish","type":"product","link":"https:\/\/www.billigtrikotde.com\/es\/herren-paris-saint-germain-psg-23-24-heimtrikot-kurzarm\/","title":{"rendered":"Camiseta de manga corta para hombre del Paris Saint-Germain PSG 23-24 Home Shirt"},"content":{"rendered":"<p>La camiseta Nike PSG 2023-24 es azul marino con una franja roja en el lado izquierdo que se desvanece hacia la parte inferior de la camiseta. Tambi\u00e9n hay una franja blanca a la izquierda y a la derecha de la camiseta roja, inspirada en el cl\u00e1sico dise\u00f1o Hechter del equipo, y el dise\u00f1o difuminado se inspira en el horizonte de Par\u00eds que se desvanece en el cielo nocturno. Curiosamente, el swoosh es rojo y no blanco. Todos los dem\u00e1s logotipos de los patrocinadores son blancos.<\/p>\n<p>Consejos para la impresi\u00f3n: Si el nombre y el n\u00famero que aparecen en la imagen son exactamente los que desea, no es necesario que los vuelva a introducir. En caso contrario, deber\u00e1 introducir el nombre y el n\u00famero que desee.<\/p>\n<p>Consejos de lavado: Se recomienda lavar las camisetas de f\u00fatbol a mano. Si desea utilizar la lavadora, recuerde poner las camisetas de f\u00fatbol del rev\u00e9s y luego lavarlas. Llena la lavadora con agua fr\u00eda y utiliza un ciclo delicado para proteger mejor los colores.<\/p>","protected":false},"excerpt":{"rendered":"<p>Das Nike PSG 2023-24 Trikot ist marineblau mit einem roten Streifen auf der linken Seite, der zum unteren Teil des Trikots hin verblasst. Links und rechts des roten Trikots befindet sich au\u00dferdem ein wei\u00dfer Streifen, der vom klassischen Hechter-Design der Mannschaft inspiriert ist.Das verblassende Design ist davon inspiriert, wie die Pariser Skyline im Nachthimmel verblasst. [&hellip;]<\/p>","protected":false},"featured_media":13213,"comment_status":"open","ping_status":"closed","template":"","meta":[],"product_brand":[],"product_cat":[39],"product_tag":[20,535,456,43,574,21,22,426,24,484,485,41,575],"class_list":{"0":"post-13342","1":"product","2":"type-product","3":"status-publish","4":"has-post-thumbnail","6":"product_cat-paris-saint-germain","7":"product_tag-coole-fussballtrikots","8":"product_tag-deutschland-trikot","9":"product_tag-fussball-kurzarm","10":"product_tag-fussballkleidung","11":"product_tag-fussballtrikot-deutschland","12":"product_tag-fussballtrikot-fuer-herren","13":"product_tag-fussballtrikot-guenstig-kaufen","14":"product_tag-fussballtrikots-kurzarm","15":"product_tag-guenstiges-fussballtrikot","16":"product_tag-paris-saint-germain-psg-fussballtrikot","17":"product_tag-paris-saint-germain-psg-trikot","18":"product_tag-paris-saint-germain-trikots","19":"product_tag-psg-23-24-trikot","21":"first","22":"instock","23":"shipping-taxable","24":"purchasable","25":"product-type-variable"},"_links":{"self":[{"href":"https:\/\/www.billigtrikotde.com\/es\/wp-json\/wp\/v2\/product\/13342","targetHints":{"allow":["GET"]}}],"collection":[{"href":"https:\/\/www.billigtrikotde.com\/es\/wp-json\/wp\/v2\/product"}],"about":[{"href":"https:\/\/www.billigtrikotde.com\/es\/wp-json\/wp\/v2\/types\/product"}],"replies":[{"embeddable":true,"href":"https:\/\/www.billigtrikotde.com\/es\/wp-json\/wp\/v2\/comments?post=13342"}],"wp:featuredmedia":[{"embeddable":true,"href":"https:\/\/www.billigtrikotde.com\/es\/wp-json\/wp\/v2\/media\/13213"}],"wp:attachment":[{"href":"https:\/\/www.billigtrikotde.com\/es\/wp-json\/wp\/v2\/media?parent=13342"}],"wp:term":[{"taxonomy":"product_brand","embeddable":true,"href":"https:\/\/www.billigtrikotde.com\/es\/wp-json\/wp\/v2\/product_brand?post=13342"},{"taxonomy":"product_cat","embeddable":true,"href":"https:\/\/www.billigtrikotde.com\/es\/wp-json\/wp\/v2\/product_cat?post=13342"},{"taxonomy":"product_tag","embeddable":true,"href":"https:\/\/www.billigtrikotde.com\/es\/wp-json\/wp\/v2\/product_tag?post=13342"}],"curies":[{"name":"wp","href":"https:\/\/api.w.org\/{rel}","templated":true}]}}