{"id":13229,"date":"2024-10-24T05:51:59","date_gmt":"2024-10-24T03:51:59","guid":{"rendered":"http:\/\/billigtrikots.com\/?post_type=product&#038;p=13229"},"modified":"2025-06-09T04:42:27","modified_gmt":"2025-06-09T02:42:27","slug":"damen-fussball-trikot-arsenal-heimtrikot-2023-24-kurzarm-granit-xhaka-34","status":"publish","type":"product","link":"https:\/\/www.billigtrikotde.com\/es\/damen-fussball-trikot-arsenal-heimtrikot-2023-24-kurzarm-granit-xhaka-34\/","title":{"rendered":"Camiseta F\u00fatbol Se\u00f1oras Arsenal Home 2023-24 Manga Corta Granit Xhaka 34"},"content":{"rendered":"<p>Un sutil estampado Zap y un elemento Zap dorado en la espalda bajo el cuello completan el aspecto de la camiseta local del Arsenal 23-24. Otro detalle interesante de la nueva camiseta local del Arsenal es un sutil estampado en el interior de la franja lateral blanca, que muestra las puntuaciones del equipo de los Invencibles 2003-04. El tono del color rojo principal de la camiseta local del Arsenal 23-24 se llama \"Better Scarlet\". Es un color ligeramente m\u00e1s oscuro que el rojo de las temporadas anteriores.<\/p>\n<p>Consejos para la impresi\u00f3n: Si el nombre y el n\u00famero que aparecen en la imagen son exactamente los que desea, no es necesario que los vuelva a introducir. En caso contrario, deber\u00e1 introducir el nombre y el n\u00famero que desee.<\/p>\n<p>Consejos de lavado: Se recomienda lavar las camisetas de f\u00fatbol a mano. Si desea utilizar la lavadora, recuerde poner las camisetas de f\u00fatbol del rev\u00e9s y luego lavarlas. Llena la lavadora con agua fr\u00eda y utiliza un ciclo delicado para proteger mejor los colores.<\/p>","protected":false},"excerpt":{"rendered":"<p>Ein dezentes Zap-Muster und ein goldenes Zap-Element auf der R\u00fcckseite unter dem Kragen runden den Look des Arsenal 23-24 Heimtrikots ab. Ein weiteres cooles Detail des neuen Arsenal-Heimtrikots ist ein dezenter Aufdruck auf der Innenseite des wei\u00dfen Seitenstreifens, auf dem die Spielergebnisse des 2003-04 Invincibles-Teams abgebildet sind.Der Farbton der roten Hauptfarbe des Arsenal 23-24 Heimtrikots [&hellip;]<\/p>","protected":false},"featured_media":13279,"comment_status":"open","ping_status":"closed","template":"","meta":[],"product_brand":[],"product_cat":[583],"product_tag":[584,20,518,574,21,22,23,24],"class_list":{"0":"post-13229","1":"product","2":"type-product","3":"status-publish","4":"has-post-thumbnail","6":"product_cat-arsenal-damen-trikot","7":"product_tag-arsenal-2023-24-trikot","8":"product_tag-coole-fussballtrikots","9":"product_tag-damen-fussballtrikot","10":"product_tag-fussballtrikot-deutschland","11":"product_tag-fussballtrikot-fuer-herren","12":"product_tag-fussballtrikot-guenstig-kaufen","13":"product_tag-fussballtrikot-kurzarm","14":"product_tag-guenstiges-fussballtrikot","16":"first","17":"instock","18":"shipping-taxable","19":"purchasable","20":"product-type-variable"},"_links":{"self":[{"href":"https:\/\/www.billigtrikotde.com\/es\/wp-json\/wp\/v2\/product\/13229","targetHints":{"allow":["GET"]}}],"collection":[{"href":"https:\/\/www.billigtrikotde.com\/es\/wp-json\/wp\/v2\/product"}],"about":[{"href":"https:\/\/www.billigtrikotde.com\/es\/wp-json\/wp\/v2\/types\/product"}],"replies":[{"embeddable":true,"href":"https:\/\/www.billigtrikotde.com\/es\/wp-json\/wp\/v2\/comments?post=13229"}],"wp:featuredmedia":[{"embeddable":true,"href":"https:\/\/www.billigtrikotde.com\/es\/wp-json\/wp\/v2\/media\/13279"}],"wp:attachment":[{"href":"https:\/\/www.billigtrikotde.com\/es\/wp-json\/wp\/v2\/media?parent=13229"}],"wp:term":[{"taxonomy":"product_brand","embeddable":true,"href":"https:\/\/www.billigtrikotde.com\/es\/wp-json\/wp\/v2\/product_brand?post=13229"},{"taxonomy":"product_cat","embeddable":true,"href":"https:\/\/www.billigtrikotde.com\/es\/wp-json\/wp\/v2\/product_cat?post=13229"},{"taxonomy":"product_tag","embeddable":true,"href":"https:\/\/www.billigtrikotde.com\/es\/wp-json\/wp\/v2\/product_tag?post=13229"}],"curies":[{"name":"wp","href":"https:\/\/api.w.org\/{rel}","templated":true}]}}