{"id":1311,"date":"2024-10-23T13:24:46","date_gmt":"2024-10-23T11:24:46","guid":{"rendered":"http:\/\/billigtrikots.com\/?post_type=product&#038;p=1311"},"modified":"2024-10-23T13:26:40","modified_gmt":"2024-10-23T11:26:40","slug":"home-langarmtrikot-arsenal-2022-in-rot-mit-aufdruck-koscielny-6","status":"publish","type":"product","link":"https:\/\/www.billigtrikotde.com\/es\/home-langarmtrikot-arsenal-2022-in-rot-mit-aufdruck-koscielny-6\/","title":{"rendered":"Camiseta de casa de manga larga Arsenal 2022 en rojo con estampado KOSCIELNY 6"},"content":{"rendered":"<p>Los paneles blancos y los detalles en azul marino son una reminiscencia de una \u00e9poca en la que la fuerza y el poder\u00edo del Arsenal le proporcionaron un extraordinario palmar\u00e9s de \u00e9xitos. La camiseta de f\u00fatbol adidas de manga larga est\u00e1 dise\u00f1ada para maximizar la comodidad de los aficionados del club. Est\u00e1 confeccionada con un tejido suave y cuenta con la tecnolog\u00eda AEROREADY que absorbe el sudor. Este producto est\u00e1 confeccionado con Primegreen, una gama de materiales reciclados de alto rendimiento.<\/p>\n<p>Consejos para la impresi\u00f3n: Si el nombre y el n\u00famero que aparecen en la imagen son exactamente los que desea, no es necesario que los vuelva a introducir. En caso contrario, deber\u00e1 introducir el nombre y el n\u00famero que desee.<\/p>\n<p>Consejos de lavado: Se recomienda lavar las camisetas de f\u00fatbol a mano. Si desea utilizar la lavadora, recuerde poner las camisetas de f\u00fatbol del rev\u00e9s y luego lavarlas. Llena la lavadora con agua fr\u00eda y utiliza un ciclo delicado para proteger mejor los colores.<\/p>","protected":false},"excerpt":{"rendered":"<p>Die wei\u00dfen Eins\u00e4tze und die marineblauen Details erinnern an eine \u00c4ra, in der Arsenal mit seiner St\u00e4rke eine herausragende Erfolgsbilanz vorweisen konnte. Das adidas Langarm-Fu\u00dfballtrikot wurde entwickelt, um den Fans des Vereins maximalen Komfort zu bieten. Es ist aus weichem Stoff gefertigt und verf\u00fcgt \u00fcber die schwei\u00dfableitende AEROREADY-Technologie. Dieses Produkt wird mit Primegreen hergestellt, einer [&hellip;]<\/p>","protected":false},"featured_media":1350,"comment_status":"open","ping_status":"closed","template":"","meta":[],"product_brand":[],"product_cat":[50],"product_tag":[20,56,57,38,21,22,24],"class_list":{"0":"post-1311","1":"product","2":"type-product","3":"status-publish","4":"has-post-thumbnail","6":"product_cat-manchester-united","7":"product_tag-coole-fussballtrikots","8":"product_tag-fc-arsenal-heimtrikot","9":"product_tag-fc-arsenal-trikots","10":"product_tag-fussball-trikot-langarm","11":"product_tag-fussballtrikot-fuer-herren","12":"product_tag-fussballtrikot-guenstig-kaufen","13":"product_tag-guenstiges-fussballtrikot","15":"first","16":"instock","17":"shipping-taxable","18":"purchasable","19":"product-type-variable"},"_links":{"self":[{"href":"https:\/\/www.billigtrikotde.com\/es\/wp-json\/wp\/v2\/product\/1311","targetHints":{"allow":["GET"]}}],"collection":[{"href":"https:\/\/www.billigtrikotde.com\/es\/wp-json\/wp\/v2\/product"}],"about":[{"href":"https:\/\/www.billigtrikotde.com\/es\/wp-json\/wp\/v2\/types\/product"}],"replies":[{"embeddable":true,"href":"https:\/\/www.billigtrikotde.com\/es\/wp-json\/wp\/v2\/comments?post=1311"}],"wp:featuredmedia":[{"embeddable":true,"href":"https:\/\/www.billigtrikotde.com\/es\/wp-json\/wp\/v2\/media\/1350"}],"wp:attachment":[{"href":"https:\/\/www.billigtrikotde.com\/es\/wp-json\/wp\/v2\/media?parent=1311"}],"wp:term":[{"taxonomy":"product_brand","embeddable":true,"href":"https:\/\/www.billigtrikotde.com\/es\/wp-json\/wp\/v2\/product_brand?post=1311"},{"taxonomy":"product_cat","embeddable":true,"href":"https:\/\/www.billigtrikotde.com\/es\/wp-json\/wp\/v2\/product_cat?post=1311"},{"taxonomy":"product_tag","embeddable":true,"href":"https:\/\/www.billigtrikotde.com\/es\/wp-json\/wp\/v2\/product_tag?post=1311"}],"curies":[{"name":"wp","href":"https:\/\/api.w.org\/{rel}","templated":true}]}}