{"id":1305,"date":"2024-10-23T13:24:40","date_gmt":"2024-10-23T11:24:40","guid":{"rendered":"http:\/\/billigtrikots.com\/?post_type=product&#038;p=1305"},"modified":"2024-10-23T13:26:10","modified_gmt":"2024-10-23T11:26:10","slug":"guenstige-fussballtrikots-manchester-united-trikot-home-2022-rot-bestellen","status":"publish","type":"product","link":"https:\/\/www.billigtrikotde.com\/es\/guenstige-fussballtrikots-manchester-united-trikot-home-2022-rot-bestellen\/","title":{"rendered":"Comprar camisetas de f\u00fatbol baratas Camiseta Manchester United Home 2022 Roja"},"content":{"rendered":"<p>La camiseta deportiva de a-didas en rojo te permite llevar los colores de tu club favorito y mostrar a todos por qu\u00e9 late tu coraz\u00f3n. Cada verdadero aficionado del Manchester United necesita esta camiseta deportiva de casa, porque incluso los jugadores la llevan en la Premier League. Es transpirable, muy c\u00f3moda y ligera. Esta camiseta es la compa\u00f1era ideal para tus actividades deportivas. Se convierte en el punto culminante gracias al escudo del club en el pecho.<\/p>\n<p>Consejos para la impresi\u00f3n: Si el nombre y el n\u00famero que aparecen en la imagen son exactamente los que desea, no es necesario que los vuelva a introducir. En caso contrario, deber\u00e1 introducir el nombre y el n\u00famero que desee.<\/p>\n<p>Consejos de lavado: Se recomienda lavar las camisetas de f\u00fatbol a mano. Si desea utilizar la lavadora, recuerde poner las camisetas de f\u00fatbol del rev\u00e9s y luego lavarlas. Llena la lavadora con agua fr\u00eda y utiliza un ciclo delicado para proteger mejor los colores.<\/p>","protected":false},"excerpt":{"rendered":"<p>Das Sportshirt von a-didas in Rot l\u00e4sst dich die Farben deines Lieblingsclubs tragen und allen zeigen, wof\u00fcr dein Herz schl\u00e4gt. Jeder echte Manchester United-Supporter braucht dieses Heim-Sportshirt, denn auch die Spieler tragen es in der Premier League. Es ist atmungsaktiv, super bequem und leicht. Dieses Trikot ist der ideale Begleiter f\u00fcr deine sportlichen Aktivit\u00e4ten. Zum [&hellip;]<\/p>","protected":false},"featured_media":1337,"comment_status":"open","ping_status":"closed","template":"","meta":[],"product_brand":[],"product_cat":[50],"product_tag":[20,21,22,23,24,52],"class_list":{"0":"post-1305","1":"product","2":"type-product","3":"status-publish","4":"has-post-thumbnail","6":"product_cat-manchester-united","7":"product_tag-coole-fussballtrikots","8":"product_tag-fussballtrikot-fuer-herren","9":"product_tag-fussballtrikot-guenstig-kaufen","10":"product_tag-fussballtrikot-kurzarm","11":"product_tag-guenstiges-fussballtrikot","12":"product_tag-manchester-united-trikots","14":"first","15":"instock","16":"shipping-taxable","17":"purchasable","18":"product-type-variable"},"_links":{"self":[{"href":"https:\/\/www.billigtrikotde.com\/es\/wp-json\/wp\/v2\/product\/1305","targetHints":{"allow":["GET"]}}],"collection":[{"href":"https:\/\/www.billigtrikotde.com\/es\/wp-json\/wp\/v2\/product"}],"about":[{"href":"https:\/\/www.billigtrikotde.com\/es\/wp-json\/wp\/v2\/types\/product"}],"replies":[{"embeddable":true,"href":"https:\/\/www.billigtrikotde.com\/es\/wp-json\/wp\/v2\/comments?post=1305"}],"wp:featuredmedia":[{"embeddable":true,"href":"https:\/\/www.billigtrikotde.com\/es\/wp-json\/wp\/v2\/media\/1337"}],"wp:attachment":[{"href":"https:\/\/www.billigtrikotde.com\/es\/wp-json\/wp\/v2\/media?parent=1305"}],"wp:term":[{"taxonomy":"product_brand","embeddable":true,"href":"https:\/\/www.billigtrikotde.com\/es\/wp-json\/wp\/v2\/product_brand?post=1305"},{"taxonomy":"product_cat","embeddable":true,"href":"https:\/\/www.billigtrikotde.com\/es\/wp-json\/wp\/v2\/product_cat?post=1305"},{"taxonomy":"product_tag","embeddable":true,"href":"https:\/\/www.billigtrikotde.com\/es\/wp-json\/wp\/v2\/product_tag?post=1305"}],"curies":[{"name":"wp","href":"https:\/\/api.w.org\/{rel}","templated":true}]}}