{"id":12660,"date":"2024-10-24T05:23:20","date_gmt":"2024-10-24T03:23:20","guid":{"rendered":"http:\/\/billigtrikots.com\/?post_type=product&#038;p=12660"},"modified":"2025-10-16T16:03:17","modified_gmt":"2025-10-16T14:03:17","slug":"frauen-fussballtrikots-real-madrid-22-23-auswaertstrikot-kurzarm-eder-militao-3","status":"publish","type":"product","link":"https:\/\/www.billigtrikotde.com\/es\/frauen-fussballtrikots-real-madrid-22-23-auswaertstrikot-kurzarm-eder-militao-3\/","title":{"rendered":"Camisetas F\u00fatbol Mujer Camisa Real Madrid 22-23 Away Manga Corta Eder Militao 3"},"content":{"rendered":"<p>Das Adidas Real Madrid 2022-23 Ausw\u00e4rtstrikot ist lila. Die offizielle Farbe ist &#8222;Light Purple&#8220;, die auch auf dem 22-23 Trikot zu sehen ist.Auf der Vorderseite und den \u00c4rmeln des Real Madrid 2022-2023 Ausw\u00e4rtstrikots befindet sich ein dezenter geometrischer Druck, der aus diagonalen Kacheln besteht.<br \/>\nAdidas combina el color principal claro de la camiseta visitante del Real Madrid 22-23 con el \"Night Navy\", un azul marino muy oscuro. Este color se utiliza para el cuello, los pu\u00f1os y todas las marcas, incluido el nuevo dise\u00f1o del escudo del club en el pecho izquierdo.<\/p>\n<p>Consejos para la impresi\u00f3n: Si el nombre y el n\u00famero que aparecen en la imagen son exactamente los que desea, no es necesario que los vuelva a introducir. En caso contrario, deber\u00e1 introducir el nombre y el n\u00famero que desee.<\/p>\n<p>Consejos de lavado: Se recomienda lavar las camisetas de f\u00fatbol a mano. Si desea utilizar la lavadora, recuerde poner las camisetas de f\u00fatbol del rev\u00e9s y luego lavarlas. Llena la lavadora con agua fr\u00eda y utiliza un ciclo delicado para proteger mejor los colores.<\/p>","protected":false},"excerpt":{"rendered":"<p>La camiseta de visitante del Real Madrid 2022-23 de Adidas es de color lila. El color oficial es \u00abLight Purple\u00bb, que tambi\u00e9n se puede ver en la camiseta 22-23. En la parte frontal y en las mangas de la camiseta de visitante del Real Madrid 2022-2023 hay un sutil estampado geom\u00e9trico, que consiste en azulejos diagonales. Adidas combina el color principal brillante de la camiseta de visitante del Real Madrid 22-23 [...]<\/p>","protected":false},"featured_media":12699,"comment_status":"open","ping_status":"closed","template":"","meta":[],"product_brand":[],"product_cat":[517],"product_tag":[20,518,519,524,521,522,47,483],"class_list":{"0":"post-12660","1":"product","2":"type-product","3":"status-publish","4":"has-post-thumbnail","6":"product_cat-real-madrid-damen-trikot","7":"product_tag-coole-fussballtrikots","8":"product_tag-damen-fussballtrikot","9":"product_tag-frauen-fussball-trikotsatz","10":"product_tag-real-madrid-22-23-auswaertstrikot","11":"product_tag-real-madrid-fussballtrikots-damen","12":"product_tag-real-madrid-trikot-fuer-damen","13":"product_tag-real-madrid-trikots","14":"product_tag-trikot-22-23","16":"first","17":"instock","18":"shipping-taxable","19":"purchasable","20":"product-type-variable"},"_links":{"self":[{"href":"https:\/\/www.billigtrikotde.com\/es\/wp-json\/wp\/v2\/product\/12660","targetHints":{"allow":["GET"]}}],"collection":[{"href":"https:\/\/www.billigtrikotde.com\/es\/wp-json\/wp\/v2\/product"}],"about":[{"href":"https:\/\/www.billigtrikotde.com\/es\/wp-json\/wp\/v2\/types\/product"}],"replies":[{"embeddable":true,"href":"https:\/\/www.billigtrikotde.com\/es\/wp-json\/wp\/v2\/comments?post=12660"}],"wp:featuredmedia":[{"embeddable":true,"href":"https:\/\/www.billigtrikotde.com\/es\/wp-json\/wp\/v2\/media\/12699"}],"wp:attachment":[{"href":"https:\/\/www.billigtrikotde.com\/es\/wp-json\/wp\/v2\/media?parent=12660"}],"wp:term":[{"taxonomy":"product_brand","embeddable":true,"href":"https:\/\/www.billigtrikotde.com\/es\/wp-json\/wp\/v2\/product_brand?post=12660"},{"taxonomy":"product_cat","embeddable":true,"href":"https:\/\/www.billigtrikotde.com\/es\/wp-json\/wp\/v2\/product_cat?post=12660"},{"taxonomy":"product_tag","embeddable":true,"href":"https:\/\/www.billigtrikotde.com\/es\/wp-json\/wp\/v2\/product_tag?post=12660"}],"curies":[{"name":"wp","href":"https:\/\/api.w.org\/{rel}","templated":true}]}}