{"id":12649,"date":"2024-10-24T05:22:46","date_gmt":"2024-10-24T03:22:46","guid":{"rendered":"http:\/\/billigtrikots.com\/?post_type=product&#038;p=12649"},"modified":"2025-10-16T16:03:18","modified_gmt":"2025-10-16T14:03:18","slug":"frauen-real-madrid-22-23-drittes-trikot-kurzarm-guenstig-fussballtrikots-lucas-vazquez-17","status":"publish","type":"product","link":"https:\/\/www.billigtrikotde.com\/es\/frauen-real-madrid-22-23-drittes-trikot-kurzarm-guenstig-fussballtrikots-lucas-vazquez-17\/","title":{"rendered":"Mujeres Real Madrid 22-23 Tercera Camiseta Manga Corta Camisetas F\u00fatbol Baratas Lucas V\u00e1zquez 17"},"content":{"rendered":"<p>En contraste con el cl\u00e1sico tipo de letra home\/way, el nuevo tipo de letra de la tercera camiseta Adidas Real Madrid 22-23 tiene un aspecto moderno. El moderno tipo de letra encaja perfectamente con el moderno dise\u00f1o de la camiseta, inspirado en el nuevo estadio Santiago Bernab\u00e9u.<\/p>\n<p>Consejos para la impresi\u00f3n: Si el nombre y el n\u00famero que aparecen en la imagen son exactamente los que desea, no es necesario que los vuelva a introducir. En caso contrario, deber\u00e1 introducir el nombre y el n\u00famero que desee.<\/p>\n<p>Consejos de lavado: Se recomienda lavar las camisetas de f\u00fatbol a mano. Si desea utilizar la lavadora, recuerde poner las camisetas de f\u00fatbol del rev\u00e9s y luego lavarlas. Llena la lavadora con agua fr\u00eda y utiliza un ciclo delicado para proteger mejor los colores.<\/p>","protected":false},"excerpt":{"rendered":"<p>A diferencia de la tipograf\u00eda cl\u00e1sica de casa\/visita, la nueva tipograf\u00eda de la tercera camiseta de Adidas Real Madrid 22-23 tiene un aspecto moderno. La tipograf\u00eda moderna se adapta perfectamente al dise\u00f1o moderno de la camiseta, que se inspira en el nuevo estadio Santiago Bernab\u00e9u. Consejos de impresi\u00f3n: si el nombre y el n\u00famero en la imagen se ajustan exactamente a tus deseos, debes [\u2026]<\/p>","protected":false},"featured_media":12688,"comment_status":"open","ping_status":"closed","template":"","meta":[],"product_brand":[],"product_cat":[517],"product_tag":[20,518,519,520,521,522,47,523,483],"class_list":{"0":"post-12649","1":"product","2":"type-product","3":"status-publish","4":"has-post-thumbnail","6":"product_cat-real-madrid-damen-trikot","7":"product_tag-coole-fussballtrikots","8":"product_tag-damen-fussballtrikot","9":"product_tag-frauen-fussball-trikotsatz","10":"product_tag-real-madrid-22-23-drittes-trikot","11":"product_tag-real-madrid-fussballtrikots-damen","12":"product_tag-real-madrid-trikot-fuer-damen","13":"product_tag-real-madrid-trikots","14":"product_tag-real-madrid-trikotsatz-fuer-frauen","15":"product_tag-trikot-22-23","17":"first","18":"instock","19":"shipping-taxable","20":"purchasable","21":"product-type-variable"},"_links":{"self":[{"href":"https:\/\/www.billigtrikotde.com\/es\/wp-json\/wp\/v2\/product\/12649","targetHints":{"allow":["GET"]}}],"collection":[{"href":"https:\/\/www.billigtrikotde.com\/es\/wp-json\/wp\/v2\/product"}],"about":[{"href":"https:\/\/www.billigtrikotde.com\/es\/wp-json\/wp\/v2\/types\/product"}],"replies":[{"embeddable":true,"href":"https:\/\/www.billigtrikotde.com\/es\/wp-json\/wp\/v2\/comments?post=12649"}],"wp:featuredmedia":[{"embeddable":true,"href":"https:\/\/www.billigtrikotde.com\/es\/wp-json\/wp\/v2\/media\/12688"}],"wp:attachment":[{"href":"https:\/\/www.billigtrikotde.com\/es\/wp-json\/wp\/v2\/media?parent=12649"}],"wp:term":[{"taxonomy":"product_brand","embeddable":true,"href":"https:\/\/www.billigtrikotde.com\/es\/wp-json\/wp\/v2\/product_brand?post=12649"},{"taxonomy":"product_cat","embeddable":true,"href":"https:\/\/www.billigtrikotde.com\/es\/wp-json\/wp\/v2\/product_cat?post=12649"},{"taxonomy":"product_tag","embeddable":true,"href":"https:\/\/www.billigtrikotde.com\/es\/wp-json\/wp\/v2\/product_tag?post=12649"}],"curies":[{"name":"wp","href":"https:\/\/api.w.org\/{rel}","templated":true}]}}