{"id":1259,"date":"2024-10-23T13:22:36","date_gmt":"2024-10-23T11:22:36","guid":{"rendered":"http:\/\/billigtrikots.com\/?post_type=product&#038;p=1259"},"modified":"2024-10-23T13:24:05","modified_gmt":"2024-10-23T11:24:05","slug":"manchester-united-de-gea-1-herren-heimtrikot-2022-rot-fussballtrikots-kurzarm","status":"publish","type":"product","link":"https:\/\/www.billigtrikotde.com\/es\/manchester-united-de-gea-1-herren-heimtrikot-2022-rot-fussballtrikots-kurzarm\/","title":{"rendered":"Manchester United ES GEA 1 Hombres Home Shirt 2022 Rojo Camisetas de F\u00fatbol de Manga Corta"},"content":{"rendered":"<p>Aqu\u00ed llega la camiseta a-didas de color rojo que te ayudar\u00e1 a apoyar a tu club favorito en cualquier situaci\u00f3n y a demostrar por qu\u00e9 late tu coraz\u00f3n. Demuestra tu lealtad: con esta camiseta local del Manchester United, puedes ampliar tu colecci\u00f3n de aficionados con una prenda con el dise\u00f1o original que llevan los jugadores en la Premier League. Te recomendamos este estilo c\u00f3modo, ligero y transpirable que sienta de maravilla. Esta camiseta deportiva se cre\u00f3 para llevar tu rendimiento al siguiente nivel. Destaca visualmente con el escudo del club en el pecho.<\/p>\n<p>Consejos para la impresi\u00f3n: Si el nombre y el n\u00famero que aparecen en la imagen son exactamente los que desea, no es necesario que los vuelva a introducir. En caso contrario, deber\u00e1 introducir el nombre y el n\u00famero que desee.<\/p>\n<p>Consejos de lavado: Se recomienda lavar las camisetas de f\u00fatbol a mano. Si desea utilizar la lavadora, recuerde poner las camisetas de f\u00fatbol del rev\u00e9s y luego lavarlas. Llena la lavadora con agua fr\u00eda y utiliza un ciclo delicado para proteger mejor los colores.<\/p>","protected":false},"excerpt":{"rendered":"<p>Hier kommt das a-didas Trikot in Rot, das dir hilft, deinen Lieblingsverein in jeder Lage zu unterst\u00fctzen und zu zeigen, wof\u00fcr dein Herz schl\u00e4gt. Zeige deine Zugeh\u00f6rigkeit \u2013 mit diesem Manchester United-Heim-Trikot erweiterst du deine Fan-Kollektion um ein Kleidungsst\u00fcck im Original-Design, wie es die Spieler in der Premier League tragen. Wir empfehlen dieses bequeme, leichte [&hellip;]<\/p>","protected":false},"featured_media":1290,"comment_status":"open","ping_status":"closed","template":"","meta":[],"product_brand":[],"product_cat":[50],"product_tag":[20,21,22,23,24,52],"class_list":{"0":"post-1259","1":"product","2":"type-product","3":"status-publish","4":"has-post-thumbnail","6":"product_cat-manchester-united","7":"product_tag-coole-fussballtrikots","8":"product_tag-fussballtrikot-fuer-herren","9":"product_tag-fussballtrikot-guenstig-kaufen","10":"product_tag-fussballtrikot-kurzarm","11":"product_tag-guenstiges-fussballtrikot","12":"product_tag-manchester-united-trikots","14":"first","15":"instock","16":"shipping-taxable","17":"purchasable","18":"product-type-variable"},"_links":{"self":[{"href":"https:\/\/www.billigtrikotde.com\/es\/wp-json\/wp\/v2\/product\/1259","targetHints":{"allow":["GET"]}}],"collection":[{"href":"https:\/\/www.billigtrikotde.com\/es\/wp-json\/wp\/v2\/product"}],"about":[{"href":"https:\/\/www.billigtrikotde.com\/es\/wp-json\/wp\/v2\/types\/product"}],"replies":[{"embeddable":true,"href":"https:\/\/www.billigtrikotde.com\/es\/wp-json\/wp\/v2\/comments?post=1259"}],"wp:featuredmedia":[{"embeddable":true,"href":"https:\/\/www.billigtrikotde.com\/es\/wp-json\/wp\/v2\/media\/1290"}],"wp:attachment":[{"href":"https:\/\/www.billigtrikotde.com\/es\/wp-json\/wp\/v2\/media?parent=1259"}],"wp:term":[{"taxonomy":"product_brand","embeddable":true,"href":"https:\/\/www.billigtrikotde.com\/es\/wp-json\/wp\/v2\/product_brand?post=1259"},{"taxonomy":"product_cat","embeddable":true,"href":"https:\/\/www.billigtrikotde.com\/es\/wp-json\/wp\/v2\/product_cat?post=1259"},{"taxonomy":"product_tag","embeddable":true,"href":"https:\/\/www.billigtrikotde.com\/es\/wp-json\/wp\/v2\/product_tag?post=1259"}],"curies":[{"name":"wp","href":"https:\/\/api.w.org\/{rel}","templated":true}]}}