{"id":12532,"date":"2024-10-24T05:16:55","date_gmt":"2024-10-24T03:16:55","guid":{"rendered":"http:\/\/billigtrikots.com\/?post_type=product&#038;p=12532"},"modified":"2024-10-24T05:19:45","modified_gmt":"2024-10-24T03:19:45","slug":"billige-fussballtrikots-ssc-napoli-22-23-valentinstags-trikot-kurzarm-online-personalisierbar","status":"publish","type":"product","link":"https:\/\/www.billigtrikotde.com\/es\/billige-fussballtrikots-ssc-napoli-22-23-valentinstags-trikot-kurzarm-online-personalisierbar\/","title":{"rendered":"Camisetas F\u00fatbol Baratas SSC Napoli 22-23 San Valent\u00edn Camiseta Manga Corta Online Personalizables"},"content":{"rendered":"<p>El camiseta EA7 Napoli 2022-23 Valentine\u2019s utiliza la misma plantilla que las actuales camisetas de local y visitante. En esta edici\u00f3n el color base es blanco, mientras que las mangas presentan un degradado de rojo a rosa. Un gran beso rojo se encuentra en la esquina inferior derecha de la camiseta EA7 Napoli 2022-23 Valentine\u2019s. EA7 combina el Napoli 22-23 Valentine\u2019s camiseta con pantalones blancos y medias.<\/p>\n<p>Consejos para la impresi\u00f3n: Si el nombre y el n\u00famero que aparecen en la imagen son exactamente los que desea, no es necesario que los vuelva a introducir. En caso contrario, deber\u00e1 introducir el nombre y el n\u00famero que desee.<\/p>\n<p>Consejos de lavado: Se recomienda lavar las camisetas de f\u00fatbol a mano. Si desea utilizar la lavadora, recuerde poner las camisetas de f\u00fatbol del rev\u00e9s y luego lavarlas. Llena la lavadora con agua fr\u00eda y utiliza un ciclo delicado para proteger mejor los colores.<\/p>","protected":false},"excerpt":{"rendered":"<p>Das EA7 Napoli 2022-23 Valentine&#8217;s Trikot verwendet die gleiche Template wie die aktuellen Heim- und Ausw\u00e4rtstrikots. Bei dieser Ausgabe ist die Grundfarbe wei\u00df, w\u00e4hrend die \u00c4rmel einen Farbverlauf von Rot zu Rosa aufweisen.Ein gro\u00dfer roter Kussmund befindet sich auf der rechten unteren Seite des EA7 Napoli 2022-23 Valentine&#8217;s Trikots. EA7 kombiniert das Napoli 22-23 Valentine&#8217;s [&hellip;]<\/p>","protected":false},"featured_media":12578,"comment_status":"open","ping_status":"closed","template":"","meta":[],"product_brand":[],"product_cat":[192],"product_tag":[504,505,506,496,497],"class_list":{"0":"post-12532","1":"product","2":"type-product","3":"status-publish","4":"has-post-thumbnail","6":"product_cat-ssc-napoli","7":"product_tag-napoli-22-23-valentinstags-trikot-for-sale","8":"product_tag-napoli-22-23-valentinstags-trikot","9":"product_tag-ssc-napoli-2022-23-valentinstags-fussballtrikot","10":"product_tag-ssc-napoli-fussballtrikot","11":"product_tag-ssc-napoli-trikot","13":"first","14":"instock","15":"shipping-taxable","16":"purchasable","17":"product-type-variable"},"_links":{"self":[{"href":"https:\/\/www.billigtrikotde.com\/es\/wp-json\/wp\/v2\/product\/12532","targetHints":{"allow":["GET"]}}],"collection":[{"href":"https:\/\/www.billigtrikotde.com\/es\/wp-json\/wp\/v2\/product"}],"about":[{"href":"https:\/\/www.billigtrikotde.com\/es\/wp-json\/wp\/v2\/types\/product"}],"replies":[{"embeddable":true,"href":"https:\/\/www.billigtrikotde.com\/es\/wp-json\/wp\/v2\/comments?post=12532"}],"wp:featuredmedia":[{"embeddable":true,"href":"https:\/\/www.billigtrikotde.com\/es\/wp-json\/wp\/v2\/media\/12578"}],"wp:attachment":[{"href":"https:\/\/www.billigtrikotde.com\/es\/wp-json\/wp\/v2\/media?parent=12532"}],"wp:term":[{"taxonomy":"product_brand","embeddable":true,"href":"https:\/\/www.billigtrikotde.com\/es\/wp-json\/wp\/v2\/product_brand?post=12532"},{"taxonomy":"product_cat","embeddable":true,"href":"https:\/\/www.billigtrikotde.com\/es\/wp-json\/wp\/v2\/product_cat?post=12532"},{"taxonomy":"product_tag","embeddable":true,"href":"https:\/\/www.billigtrikotde.com\/es\/wp-json\/wp\/v2\/product_tag?post=12532"}],"curies":[{"name":"wp","href":"https:\/\/api.w.org\/{rel}","templated":true}]}}