{"id":12498,"date":"2024-10-24T05:14:43","date_gmt":"2024-10-24T03:14:43","guid":{"rendered":"http:\/\/billigtrikots.com\/?post_type=product&#038;p=12498"},"modified":"2025-10-16T16:03:18","modified_gmt":"2025-10-16T14:03:18","slug":"herren-real-madrid-heimtrikot-2022-23-kurzarm-online-kaufen-eder-militao-3","status":"publish","type":"product","link":"https:\/\/www.billigtrikotde.com\/es\/herren-real-madrid-heimtrikot-2022-23-kurzarm-online-kaufen-eder-militao-3\/","title":{"rendered":"Mens Real Madrid Home Shirt 2022-23 Manga Corta Comprar Online Eder Militao 3"},"content":{"rendered":"<p>Despu\u00e9s de m\u00e1s de una d\u00e9cada sin camisetas de local, la camiseta Real Madrid 2022-23 de Adidas combina el ic\u00f3nico color blanco del club con negro y lila. Para la temporada 2022-2023, Adidas opt\u00f3 por un tono lila p\u00e1lido como acento. El logotipo de Adidas y el logotipo del patrocinador son negros, las tres rayas en lila claro.<br \/>\nLa camiseta Real Madrid 22-23 tiene un cuello abotonado. Un par de emblemas discretos de Real Madrid est\u00e1n grabados en la tela.<\/p>\n<p>Para completar el aspecto elegante, el cl\u00e1sico cuello polo de la camiseta de casa Real Madrid 2022-2023 cuenta con ribetes en lila y negro.<\/p>\n<p>Consejos para la impresi\u00f3n: Si el nombre y el n\u00famero que aparecen en la imagen son exactamente los que desea, no es necesario que los vuelva a introducir. En caso contrario, deber\u00e1 introducir el nombre y el n\u00famero que desee.<\/p>\n<p>Consejos de lavado: Se recomienda lavar las camisetas de f\u00fatbol a mano. Si desea utilizar la lavadora, recuerde poner las camisetas de f\u00fatbol del rev\u00e9s y luego lavarlas. Llena la lavadora con agua fr\u00eda y utiliza un ciclo delicado para proteger mejor los colores.<\/p>","protected":false},"excerpt":{"rendered":"<p>Nach mehr als einem Jahrzehnt ohne Heimtrikots kombiniert das Adidas Real Madrid 2022-23 Trikot die ikonische wei\u00dfe Farbe des Vereins mit Schwarz und Lila.F\u00fcr die Saison 2022-2023 hat sich Adidas f\u00fcr eine blasslila Akzentfarbe entschieden. Das Adidas-Logo und das Sponsorenlogo sind schwarz, die drei Streifen helllila. Das Real Madrid 22-23 Trikot hat einen gekn\u00f6pften Kragen. [&hellip;]<\/p>","protected":false},"featured_media":12541,"comment_status":"open","ping_status":"closed","template":"","meta":[],"product_brand":[],"product_cat":[45],"product_tag":[20,21,22,23,228,24,489,490,271,47,268],"class_list":{"0":"post-12498","1":"product","2":"type-product","3":"status-publish","4":"has-post-thumbnail","6":"product_cat-real-madrid","7":"product_tag-coole-fussballtrikots","8":"product_tag-fussballtrikot-fuer-herren","9":"product_tag-fussballtrikot-guenstig-kaufen","10":"product_tag-fussballtrikot-kurzarm","11":"product_tag-guenstige-fussballtrikot","12":"product_tag-guenstiges-fussballtrikot","13":"product_tag-real-madrid-fussballtrikot","14":"product_tag-real-madrid-trikot","15":"product_tag-real-madrid-trikot-herren-guenstig","16":"product_tag-real-madrid-trikots","17":"product_tag-real-madrid-trikots-22-23","19":"first","20":"instock","21":"shipping-taxable","22":"purchasable","23":"product-type-variable"},"_links":{"self":[{"href":"https:\/\/www.billigtrikotde.com\/es\/wp-json\/wp\/v2\/product\/12498","targetHints":{"allow":["GET"]}}],"collection":[{"href":"https:\/\/www.billigtrikotde.com\/es\/wp-json\/wp\/v2\/product"}],"about":[{"href":"https:\/\/www.billigtrikotde.com\/es\/wp-json\/wp\/v2\/types\/product"}],"replies":[{"embeddable":true,"href":"https:\/\/www.billigtrikotde.com\/es\/wp-json\/wp\/v2\/comments?post=12498"}],"wp:featuredmedia":[{"embeddable":true,"href":"https:\/\/www.billigtrikotde.com\/es\/wp-json\/wp\/v2\/media\/12541"}],"wp:attachment":[{"href":"https:\/\/www.billigtrikotde.com\/es\/wp-json\/wp\/v2\/media?parent=12498"}],"wp:term":[{"taxonomy":"product_brand","embeddable":true,"href":"https:\/\/www.billigtrikotde.com\/es\/wp-json\/wp\/v2\/product_brand?post=12498"},{"taxonomy":"product_cat","embeddable":true,"href":"https:\/\/www.billigtrikotde.com\/es\/wp-json\/wp\/v2\/product_cat?post=12498"},{"taxonomy":"product_tag","embeddable":true,"href":"https:\/\/www.billigtrikotde.com\/es\/wp-json\/wp\/v2\/product_tag?post=12498"}],"curies":[{"name":"wp","href":"https:\/\/api.w.org\/{rel}","templated":true}]}}