{"id":12464,"date":"2024-10-24T05:12:59","date_gmt":"2024-10-24T03:12:59","guid":{"rendered":"http:\/\/billigtrikots.com\/?post_type=product&#038;p=12464"},"modified":"2024-10-24T05:15:40","modified_gmt":"2024-10-24T03:15:40","slug":"fussballtrikots-guenstig-atletico-madrid-2022-23-drittes-trikot-kurzarm-yannick-carrasco-21","status":"publish","type":"product","link":"https:\/\/www.billigtrikotde.com\/es\/fussballtrikots-guenstig-atletico-madrid-2022-23-drittes-trikot-kurzarm-yannick-carrasco-21\/","title":{"rendered":"Camisetas F\u00fatbol Baratas Atl\u00e9tico Madrid 2022-23 Tercera Camiseta Manga Corta Yannick Carrasco 21"},"content":{"rendered":"<p>La tercera camiseta de f\u00fatbol Nike Atl\u00e9tico Madrid 2022-23 combina diferentes tonos de naranja y rojo con negro para el swoosh. Se trata de una combinaci\u00f3n de colores muy interesante y fresca para el club, inspirada en el fruto del madro\u00f1o que figura en el escudo del club.<br \/>\nEn cuanto al dise\u00f1o, la nueva tercera camiseta del Atl\u00e9tico es bastante sencilla. Es de color naranja liso y s\u00f3lo los pu\u00f1os tienen un peque\u00f1o acento rojo. Los logotipos son negros, incluyendo un escudo del club de un solo color en el pecho izquierdo de la tercera camiseta del Atl\u00e9tico Madrid 2022-23.<\/p>\n<p>Consejos para la impresi\u00f3n: Si el nombre y el n\u00famero que aparecen en la imagen son exactamente los que desea, no es necesario que los vuelva a introducir. En caso contrario, deber\u00e1 introducir el nombre y el n\u00famero que desee.<\/p>\n<p>Consejos de lavado: Se recomienda lavar las camisetas de f\u00fatbol a mano. Si desea utilizar la lavadora, recuerde poner las camisetas de f\u00fatbol del rev\u00e9s y luego lavarlas. Llena la lavadora con agua fr\u00eda y utiliza un ciclo delicado para proteger mejor los colores.<\/p>","protected":false},"excerpt":{"rendered":"<p>La tercera equipaci\u00f3n de f\u00fatbol de Nike para el Atl\u00e9tico de Madrid 2022-23 combina varios tonos naranjas y rojos con negro para el Swoosh. Es una combinaci\u00f3n de colores muy interesante y fresca para el club, inspirada en las frutas del \u00e1rbol de fresa que se encuentra en el escudo del club. En cuanto al dise\u00f1o, la nueva tercera equipaci\u00f3n del Atl\u00e9tico es bastante simple. Es monocroma [\u2026]<\/p>","protected":false},"featured_media":12501,"comment_status":"open","ping_status":"closed","template":"","meta":[],"product_brand":[],"product_cat":[88],"product_tag":[486,487,89,488,90,20,21,22,23,24],"class_list":{"0":"post-12464","1":"product","2":"type-product","3":"status-publish","4":"has-post-thumbnail","6":"product_cat-atletico-madrid","7":"product_tag-atletico-madrid-2022-23","8":"product_tag-atletico-madrid-fussballtrikot","9":"product_tag-atletico-madrid-heimtrikot","10":"product_tag-atletico-madrid-trikot","11":"product_tag-atletico-madrid-trikots","12":"product_tag-coole-fussballtrikots","13":"product_tag-fussballtrikot-fuer-herren","14":"product_tag-fussballtrikot-guenstig-kaufen","15":"product_tag-fussballtrikot-kurzarm","16":"product_tag-guenstiges-fussballtrikot","18":"first","19":"instock","20":"shipping-taxable","21":"purchasable","22":"product-type-variable"},"_links":{"self":[{"href":"https:\/\/www.billigtrikotde.com\/es\/wp-json\/wp\/v2\/product\/12464","targetHints":{"allow":["GET"]}}],"collection":[{"href":"https:\/\/www.billigtrikotde.com\/es\/wp-json\/wp\/v2\/product"}],"about":[{"href":"https:\/\/www.billigtrikotde.com\/es\/wp-json\/wp\/v2\/types\/product"}],"replies":[{"embeddable":true,"href":"https:\/\/www.billigtrikotde.com\/es\/wp-json\/wp\/v2\/comments?post=12464"}],"wp:featuredmedia":[{"embeddable":true,"href":"https:\/\/www.billigtrikotde.com\/es\/wp-json\/wp\/v2\/media\/12501"}],"wp:attachment":[{"href":"https:\/\/www.billigtrikotde.com\/es\/wp-json\/wp\/v2\/media?parent=12464"}],"wp:term":[{"taxonomy":"product_brand","embeddable":true,"href":"https:\/\/www.billigtrikotde.com\/es\/wp-json\/wp\/v2\/product_brand?post=12464"},{"taxonomy":"product_cat","embeddable":true,"href":"https:\/\/www.billigtrikotde.com\/es\/wp-json\/wp\/v2\/product_cat?post=12464"},{"taxonomy":"product_tag","embeddable":true,"href":"https:\/\/www.billigtrikotde.com\/es\/wp-json\/wp\/v2\/product_tag?post=12464"}],"curies":[{"name":"wp","href":"https:\/\/api.w.org\/{rel}","templated":true}]}}